{"id":10628,"date":"2015-08-11T16:23:43","date_gmt":"2015-08-11T16:23:43","guid":{"rendered":"https:\/\/claushessler.com\/privatunterricht\/"},"modified":"2026-02-23T00:31:13","modified_gmt":"2026-02-23T00:31:13","slug":"privatunterricht","status":"publish","type":"page","link":"https:\/\/claushessler.com\/de\/privatunterricht\/","title":{"rendered":"Privatunterricht"},"content":{"rendered":"\n<div class=\"wp-block-uagb-container uagb-block-832a62d4 alignfull uagb-is-root-container\"><div class=\"uagb-container-inner-blocks-wrap\">\n<div data-aos= \"fade-up\" data-aos-duration=\"400\" data-aos-delay=\"0\" data-aos-easing=\"ease\" data-aos-once=\"true\" class=\"wp-block-uagb-advanced-heading uagb-block-57cc4b2c\"><h2 class=\"uagb-heading-text\">Privatunterricht<\/h2><\/div>\n<\/div><\/div>\n\n<div class=\"wp-block-uagb-container uagb-block-35939361 alignfull uagb-is-root-container\"><div class=\"uagb-container-inner-blocks-wrap\">\n<div class=\"wp-block-uagb-container uagb-block-6042cd04\">\n<div class=\"wp-block-uagb-image uagb-block-b22c460b wp-block-uagb-image--layout-default wp-block-uagb-image--effect-static wp-block-uagb-image--align-none\"><figure class=\"wp-block-uagb-image__figure\"><a class=\"\" href=\"https:\/\/claushessler.com\/wp-content\/uploads\/2024\/11\/omdbc-2024-day-5-justine-sounds-1x1-IMG_3777-scaled.jpg\" target=\"\" rel=\"noopener\"><img decoding=\"async\" srcset=\"https:\/\/claushessler.com\/wp-content\/uploads\/2024\/11\/omdbc-2024-day-5-justine-sounds-1x1-IMG_3777-1024x1024.jpg ,https:\/\/claushessler.com\/wp-content\/uploads\/2024\/11\/omdbc-2024-day-5-justine-sounds-1x1-IMG_3777-scaled.jpg 780w, https:\/\/claushessler.com\/wp-content\/uploads\/2024\/11\/omdbc-2024-day-5-justine-sounds-1x1-IMG_3777-scaled.jpg 360w\" sizes=\"auto, (max-width: 480px) 150px\" src=\"https:\/\/claushessler.com\/wp-content\/uploads\/2024\/11\/omdbc-2024-day-5-justine-sounds-1x1-IMG_3777-1024x1024.jpg\" alt=\"\" class=\"uag-image-10438\" width=\"1024\" height=\"1024\" title=\"omdbc-2024-day-5-justine-sounds-1x1-IMG_3777\" loading=\"lazy\" role=\"img\"><\/a><\/figure><\/div>\n<\/div>\n\n\n\n<div class=\"wp-block-uagb-container uagb-block-cbd95366\">\n<div class=\"wp-block-uagb-advanced-heading uagb-block-3b35c003\"><h3 class=\"uagb-heading-text\">Unterricht ist eine Frage des gegenseitigen Vertrauens \u2013 sowohl auf pers\u00f6nlicher als auch auf fachlicher Ebene. Es geht um Austausch auf Augenh\u00f6he, egal ob Profi oder aufstrebendes Talent. Mein Job ist, jede und jeden weiter zu bringen!&#8221;<\/h3><\/div>\n\n\n\n<div class=\"wp-block-uagb-advanced-heading uagb-block-9bf0a293\"><h6 class=\"uagb-heading-text\">Claus Hessler<\/h6><\/div>\n<\/div>\n<\/div><\/div>\n\n<div class=\"wp-block-uagb-container uagb-block-fb20dc45 alignfull uagb-is-root-container\"><div class=\"uagb-container-inner-blocks-wrap\">\n<p>Claus bietet Privatunterricht und Coaching in verschiedenen Formaten an. F\u00fcr weitere Informationen\/Details oder Unterst\u00fctzung bei der Anreise etc. k\u00f6nnt ihr euch gerne an ihn wenden. Die Terminplanung kann manchmal eine Vorlaufzeit von mehreren Wochen erfordern. F\u00fcr weitere Informationen\/Details oder Unterst\u00fctzung bei der Anreise etc. k\u00f6nnt ihr euch gerne an ihn wenden. Die Terminplanung kann manchmal eine Vorlaufzeit von mehreren Wochen erfordern.<\/p>\n\n\n\n<p><\/p>\n\n\n\n<p>Wenn ihr mehrere Einheiten an einem Tag oder an aufeinanderfolgenden Tagen buchen m\u00f6chtet, gibt es in der unmittelbaren N\u00e4he mehrere \u00dcbernachtungsm\u00f6glichkeiten, z.B.: <a href=\"http:\/\/www.landhotel-windlicht.de\/de\/\">Landgasthof Windlicht in Krombach<\/a> oder <a href=\"http:\/\/www.behl.de\/\">Hotel\/Restaurant Behl in Blankenbach<\/a><\/p>\n\n\n<p class=\"wpcf7-contact-form-not-found\"><strong>Fehler:<\/strong> Kontaktformular wurde nicht gefunden.<\/p>\n\n\n\n<p>Fortbildungen bei Claus sind von der Regierung Unterfranken offiziell als ordnungsgem\u00e4\u00dfe Vorbereitung auf einen Musikerberuf bzw. auf eine vor einer juristischen Person \u00f6ffentlichen Rechts abzulegende Pr\u00fcfung anerkannt (z.B. Aufnahmepr\u00fcfungen an Hochschulen, Universit\u00e4ten, Konservatorien). Nach deutschem Recht (\u00a7 4 Nr. 21b UStG) ist die Unterrichtsgeb\u00fchr umsatzsteuerfrei und enth\u00e4lt keine deutsche Mehrwertsteuer in H\u00f6he von derzeit 19 %.<\/p>\n\n\n\n<div class=\"wp-block-uagb-container uagb-block-5a88ed2a\">\n<div class=\"wp-block-uagb-container uagb-block-477025d5\">\n<p>Hier ein kleiner Einblick in die \u201eGarage\u201c. Mit dem Zug reist man am besten \u00fcber Hanau nach Sch\u00f6llkrippen. Bitte gib uns Bescheid, wenn du vom Bahnhof in Sch\u00f6llkrippen abgeholt werden m\u00f6chtest (nur 5 Minuten mit dem Auto entfernt). Es gibt auch einen <a href=\"http:\/\/www.taxi-kahlgrund.de\/\">Taxiservice<\/a> direkt in der Nachbarschaft. Falls du mit dem Auto anreist, findest du hier die Wegbeschreibung: <a href=\"https:\/\/claushessler.com\/wp-content\/uploads\/2024\/11\/Directions-Claus-Hessler.pdf\">Wegbeschreibung Claus Hessler<\/a><\/p>\n<\/div>\n\n\n\n<div class=\"wp-block-uagb-container uagb-block-d93eb883\">\n<div class=\"wp-block-uagb-image uagb-block-7d368b7e wp-block-uagb-image--layout-default wp-block-uagb-image--effect-static wp-block-uagb-image--align-none\"><figure class=\"wp-block-uagb-image__figure\"><a class=\"\" href=\"http:\/\/claushessler.com\/wp-content\/uploads\/2024\/11\/Garage-Neu-2018-scaled.jpg\" target=\"\" rel=\"noopener\"><img decoding=\"async\" srcset=\"https:\/\/claushessler.com\/wp-content\/uploads\/2024\/12\/IMG_3462-1-1200x900.jpg ,https:\/\/claushessler.com\/wp-content\/uploads\/2024\/12\/IMG_3462-1-scaled-1.jpg 780w, https:\/\/claushessler.com\/wp-content\/uploads\/2024\/12\/IMG_3462-1-scaled-1.jpg 360w\" sizes=\"auto, (max-width: 480px) 150px\" src=\"https:\/\/claushessler.com\/wp-content\/uploads\/2024\/12\/IMG_3462-1-1200x900.jpg\" alt=\"\" class=\"uag-image-11284\" width=\"1200\" height=\"900\" title=\"IMG_3462\" loading=\"lazy\" role=\"img\"><\/a><\/figure><\/div>\n<\/div>\n<\/div>\n<\/div><\/div>\n","protected":false},"excerpt":{"rendered":"<p>Privatunterricht Unterricht ist eine Frage des gegenseitigen Vertrauens \u2013 sowohl auf pers\u00f6nlicher als auch auf fachlicher Ebene. Es geht um Austausch auf Augenh\u00f6he, egal ob Profi oder aufstrebendes Talent. Mein [&hellip;]<\/p>\n","protected":false},"author":1,"featured_media":0,"parent":0,"menu_order":5,"comment_status":"closed","ping_status":"closed","template":"","meta":{"_uag_custom_page_level_css":"","site-sidebar-layout":"default","site-content-layout":"","ast-site-content-layout":"default","site-content-style":"default","site-sidebar-style":"default","ast-global-header-display":"","ast-banner-title-visibility":"","ast-main-header-display":"","ast-hfb-above-header-display":"","ast-hfb-below-header-display":"","ast-hfb-mobile-header-display":"","site-post-title":"disabled","ast-breadcrumbs-content":"","ast-featured-img":"","footer-sml-layout":"","ast-disable-related-posts":"","theme-transparent-header-meta":"","adv-header-id-meta":"","stick-header-meta":"","header-above-stick-meta":"","header-main-stick-meta":"","header-below-stick-meta":"","astra-migrate-meta-layouts":"set","ast-page-background-enabled":"default","ast-page-background-meta":{"desktop":{"background-color":"var(--ast-global-color-5)","background-image":"","background-repeat":"repeat","background-position":"center center","background-size":"auto","background-attachment":"scroll","background-type":"","background-media":"","overlay-type":"","overlay-color":"","overlay-opacity":"","overlay-gradient":""},"tablet":{"background-color":"","background-image":"","background-repeat":"repeat","background-position":"center center","background-size":"auto","background-attachment":"scroll","background-type":"","background-media":"","overlay-type":"","overlay-color":"","overlay-opacity":"","overlay-gradient":""},"mobile":{"background-color":"","background-image":"","background-repeat":"repeat","background-position":"center center","background-size":"auto","background-attachment":"scroll","background-type":"","background-media":"","overlay-type":"","overlay-color":"","overlay-opacity":"","overlay-gradient":""}},"ast-content-background-meta":{"desktop":{"background-color":"var(--ast-global-color-4)","background-image":"","background-repeat":"repeat","background-position":"center center","background-size":"auto","background-attachment":"scroll","background-type":"","background-media":"","overlay-type":"","overlay-color":"","overlay-opacity":"","overlay-gradient":""},"tablet":{"background-color":"var(--ast-global-color-4)","background-image":"","background-repeat":"repeat","background-position":"center center","background-size":"auto","background-attachment":"scroll","background-type":"","background-media":"","overlay-type":"","overlay-color":"","overlay-opacity":"","overlay-gradient":""},"mobile":{"background-color":"var(--ast-global-color-4)","background-image":"","background-repeat":"repeat","background-position":"center center","background-size":"auto","background-attachment":"scroll","background-type":"","background-media":"","overlay-type":"","overlay-color":"","overlay-opacity":"","overlay-gradient":""}},"footnotes":""},"class_list":["post-10628","page","type-page","status-publish","hentry"],"yoast_head":"<!-- This site is optimized with the Yoast SEO plugin v27.2 - https:\/\/yoast.com\/product\/yoast-seo-wordpress\/ -->\n<title>Claus Hessler - Privatunterricht<\/title>\n<meta name=\"description\" content=\"Lernen Sie Schlagzeug mit Claus Hessler: Ob privat &quot;1:1&quot;, online, in einer akademischen Umgebung oder \u00fcber openmindeddrumming.com - Sie haben die Wahl!\" \/>\n<meta name=\"robots\" content=\"index, follow, max-snippet:-1, max-image-preview:large, max-video-preview:-1\" \/>\n<link rel=\"canonical\" href=\"https:\/\/claushessler.com\/de\/privatunterricht\/\" \/>\n<meta property=\"og:locale\" content=\"de_DE\" \/>\n<meta property=\"og:type\" content=\"article\" \/>\n<meta property=\"og:title\" content=\"Claus Hessler - Privatunterricht\" \/>\n<meta property=\"og:description\" content=\"Lernen Sie Schlagzeug mit Claus Hessler: Ob privat &quot;1:1&quot;, online, in einer akademischen Umgebung oder \u00fcber openmindeddrumming.com - Sie haben die Wahl!\" \/>\n<meta property=\"og:url\" content=\"https:\/\/claushessler.com\/de\/privatunterricht\/\" \/>\n<meta property=\"og:site_name\" content=\"Claus Hessler\" \/>\n<meta property=\"article:publisher\" content=\"https:\/\/www.facebook.com\/pages\/Claus-Hessler\/131546556922809?ref=hl\" \/>\n<meta property=\"article:modified_time\" content=\"2026-02-23T00:31:13+00:00\" \/>\n<meta property=\"og:image\" content=\"http:\/\/claushessler.com\/wp-content\/uploads\/2024\/11\/omdbc-2024-day-5-justine-sounds-1x1-IMG_3777-1024x1024.jpg\" \/>\n<meta name=\"twitter:card\" content=\"summary_large_image\" \/>\n<meta name=\"twitter:label1\" content=\"Gesch\u00e4tzte Lesezeit\" \/>\n\t<meta name=\"twitter:data1\" content=\"2\u00a0Minuten\" \/>\n<script type=\"application\/ld+json\" class=\"yoast-schema-graph\">{\"@context\":\"https:\/\/schema.org\",\"@graph\":[{\"@type\":\"WebPage\",\"@id\":\"https:\/\/claushessler.com\/de\/privatunterricht\/\",\"url\":\"https:\/\/claushessler.com\/de\/privatunterricht\/\",\"name\":\"Claus Hessler - Privatunterricht\",\"isPartOf\":{\"@id\":\"https:\/\/claushessler.com\/de\/#website\"},\"primaryImageOfPage\":{\"@id\":\"https:\/\/claushessler.com\/de\/privatunterricht\/#primaryimage\"},\"image\":{\"@id\":\"https:\/\/claushessler.com\/de\/privatunterricht\/#primaryimage\"},\"thumbnailUrl\":\"http:\/\/claushessler.com\/wp-content\/uploads\/2024\/11\/omdbc-2024-day-5-justine-sounds-1x1-IMG_3777-1024x1024.jpg\",\"datePublished\":\"2015-08-11T16:23:43+00:00\",\"dateModified\":\"2026-02-23T00:31:13+00:00\",\"description\":\"Lernen Sie Schlagzeug mit Claus Hessler: Ob privat \\\"1:1\\\", online, in einer akademischen Umgebung oder \u00fcber openmindeddrumming.com - Sie haben die Wahl!\",\"breadcrumb\":{\"@id\":\"https:\/\/claushessler.com\/de\/privatunterricht\/#breadcrumb\"},\"inLanguage\":\"de\",\"potentialAction\":[{\"@type\":\"ReadAction\",\"target\":[\"https:\/\/claushessler.com\/de\/privatunterricht\/\"]}]},{\"@type\":\"ImageObject\",\"inLanguage\":\"de\",\"@id\":\"https:\/\/claushessler.com\/de\/privatunterricht\/#primaryimage\",\"url\":\"http:\/\/claushessler.com\/wp-content\/uploads\/2024\/11\/omdbc-2024-day-5-justine-sounds-1x1-IMG_3777-1024x1024.jpg\",\"contentUrl\":\"http:\/\/claushessler.com\/wp-content\/uploads\/2024\/11\/omdbc-2024-day-5-justine-sounds-1x1-IMG_3777-1024x1024.jpg\"},{\"@type\":\"BreadcrumbList\",\"@id\":\"https:\/\/claushessler.com\/de\/privatunterricht\/#breadcrumb\",\"itemListElement\":[{\"@type\":\"ListItem\",\"position\":1,\"name\":\"Home\",\"item\":\"https:\/\/claushessler.com\/de\/\"},{\"@type\":\"ListItem\",\"position\":2,\"name\":\"Privatunterricht\"}]},{\"@type\":\"WebSite\",\"@id\":\"https:\/\/claushessler.com\/de\/#website\",\"url\":\"https:\/\/claushessler.com\/de\/\",\"name\":\"Claus Hessler\",\"description\":\"Drummer - Author - Educator\",\"publisher\":{\"@id\":\"https:\/\/claushessler.com\/de\/#\/schema\/person\/b317df3f4825771978aee494fd68a64a\"},\"potentialAction\":[{\"@type\":\"SearchAction\",\"target\":{\"@type\":\"EntryPoint\",\"urlTemplate\":\"https:\/\/claushessler.com\/de\/?s={search_term_string}\"},\"query-input\":{\"@type\":\"PropertyValueSpecification\",\"valueRequired\":true,\"valueName\":\"search_term_string\"}}],\"inLanguage\":\"de\"},{\"@type\":[\"Person\",\"Organization\"],\"@id\":\"https:\/\/claushessler.com\/de\/#\/schema\/person\/b317df3f4825771978aee494fd68a64a\",\"name\":\"Claus\",\"image\":{\"@type\":\"ImageObject\",\"inLanguage\":\"de\",\"@id\":\"https:\/\/claushessler.com\/wp-content\/uploads\/2026\/02\/Logobw.png\",\"url\":\"https:\/\/claushessler.com\/wp-content\/uploads\/2026\/02\/Logobw.png\",\"contentUrl\":\"https:\/\/claushessler.com\/wp-content\/uploads\/2026\/02\/Logobw.png\",\"width\":1596,\"height\":929,\"caption\":\"Claus\"},\"logo\":{\"@id\":\"https:\/\/claushessler.com\/wp-content\/uploads\/2026\/02\/Logobw.png\"},\"sameAs\":[\"http:\/\/claushessler.com\",\"https:\/\/www.facebook.com\/pages\/Claus-Hessler\/131546556922809?ref=hl\",\"https:\/\/www.instagram.com\/claus.hessler\",\"https:\/\/www.youtube.com\/@ClausHessler\"]}]}<\/script>\n<!-- \/ Yoast SEO plugin. -->","yoast_head_json":{"title":"Claus Hessler - Privatunterricht","description":"Lernen Sie Schlagzeug mit Claus Hessler: Ob privat \"1:1\", online, in einer akademischen Umgebung oder \u00fcber openmindeddrumming.com - Sie haben die Wahl!","robots":{"index":"index","follow":"follow","max-snippet":"max-snippet:-1","max-image-preview":"max-image-preview:large","max-video-preview":"max-video-preview:-1"},"canonical":"https:\/\/claushessler.com\/de\/privatunterricht\/","og_locale":"de_DE","og_type":"article","og_title":"Claus Hessler - Privatunterricht","og_description":"Lernen Sie Schlagzeug mit Claus Hessler: Ob privat \"1:1\", online, in einer akademischen Umgebung oder \u00fcber openmindeddrumming.com - Sie haben die Wahl!","og_url":"https:\/\/claushessler.com\/de\/privatunterricht\/","og_site_name":"Claus Hessler","article_publisher":"https:\/\/www.facebook.com\/pages\/Claus-Hessler\/131546556922809?ref=hl","article_modified_time":"2026-02-23T00:31:13+00:00","og_image":[{"url":"http:\/\/claushessler.com\/wp-content\/uploads\/2024\/11\/omdbc-2024-day-5-justine-sounds-1x1-IMG_3777-1024x1024.jpg","type":"","width":"","height":""}],"twitter_card":"summary_large_image","twitter_misc":{"Gesch\u00e4tzte Lesezeit":"2\u00a0Minuten"},"schema":{"@context":"https:\/\/schema.org","@graph":[{"@type":"WebPage","@id":"https:\/\/claushessler.com\/de\/privatunterricht\/","url":"https:\/\/claushessler.com\/de\/privatunterricht\/","name":"Claus Hessler - Privatunterricht","isPartOf":{"@id":"https:\/\/claushessler.com\/de\/#website"},"primaryImageOfPage":{"@id":"https:\/\/claushessler.com\/de\/privatunterricht\/#primaryimage"},"image":{"@id":"https:\/\/claushessler.com\/de\/privatunterricht\/#primaryimage"},"thumbnailUrl":"http:\/\/claushessler.com\/wp-content\/uploads\/2024\/11\/omdbc-2024-day-5-justine-sounds-1x1-IMG_3777-1024x1024.jpg","datePublished":"2015-08-11T16:23:43+00:00","dateModified":"2026-02-23T00:31:13+00:00","description":"Lernen Sie Schlagzeug mit Claus Hessler: Ob privat \"1:1\", online, in einer akademischen Umgebung oder \u00fcber openmindeddrumming.com - Sie haben die Wahl!","breadcrumb":{"@id":"https:\/\/claushessler.com\/de\/privatunterricht\/#breadcrumb"},"inLanguage":"de","potentialAction":[{"@type":"ReadAction","target":["https:\/\/claushessler.com\/de\/privatunterricht\/"]}]},{"@type":"ImageObject","inLanguage":"de","@id":"https:\/\/claushessler.com\/de\/privatunterricht\/#primaryimage","url":"http:\/\/claushessler.com\/wp-content\/uploads\/2024\/11\/omdbc-2024-day-5-justine-sounds-1x1-IMG_3777-1024x1024.jpg","contentUrl":"http:\/\/claushessler.com\/wp-content\/uploads\/2024\/11\/omdbc-2024-day-5-justine-sounds-1x1-IMG_3777-1024x1024.jpg"},{"@type":"BreadcrumbList","@id":"https:\/\/claushessler.com\/de\/privatunterricht\/#breadcrumb","itemListElement":[{"@type":"ListItem","position":1,"name":"Home","item":"https:\/\/claushessler.com\/de\/"},{"@type":"ListItem","position":2,"name":"Privatunterricht"}]},{"@type":"WebSite","@id":"https:\/\/claushessler.com\/de\/#website","url":"https:\/\/claushessler.com\/de\/","name":"Claus Hessler","description":"Drummer - Author - Educator","publisher":{"@id":"https:\/\/claushessler.com\/de\/#\/schema\/person\/b317df3f4825771978aee494fd68a64a"},"potentialAction":[{"@type":"SearchAction","target":{"@type":"EntryPoint","urlTemplate":"https:\/\/claushessler.com\/de\/?s={search_term_string}"},"query-input":{"@type":"PropertyValueSpecification","valueRequired":true,"valueName":"search_term_string"}}],"inLanguage":"de"},{"@type":["Person","Organization"],"@id":"https:\/\/claushessler.com\/de\/#\/schema\/person\/b317df3f4825771978aee494fd68a64a","name":"Claus","image":{"@type":"ImageObject","inLanguage":"de","@id":"https:\/\/claushessler.com\/wp-content\/uploads\/2026\/02\/Logobw.png","url":"https:\/\/claushessler.com\/wp-content\/uploads\/2026\/02\/Logobw.png","contentUrl":"https:\/\/claushessler.com\/wp-content\/uploads\/2026\/02\/Logobw.png","width":1596,"height":929,"caption":"Claus"},"logo":{"@id":"https:\/\/claushessler.com\/wp-content\/uploads\/2026\/02\/Logobw.png"},"sameAs":["http:\/\/claushessler.com","https:\/\/www.facebook.com\/pages\/Claus-Hessler\/131546556922809?ref=hl","https:\/\/www.instagram.com\/claus.hessler","https:\/\/www.youtube.com\/@ClausHessler"]}]}},"uagb_featured_image_src":{"full":false,"thumbnail":false,"medium":false,"medium_large":false,"large":false,"1536x1536":false,"2048x2048":false,"woocommerce_thumbnail":false,"woocommerce_single":false,"woocommerce_gallery_thumbnail":false},"uagb_author_info":{"display_name":"Matthias","author_link":"https:\/\/claushessler.com\/de\/author\/matthias\/"},"uagb_comment_info":0,"uagb_excerpt":"Privatunterricht Unterricht ist eine Frage des gegenseitigen Vertrauens \u2013 sowohl auf pers\u00f6nlicher als auch auf fachlicher Ebene. Es geht um Austausch auf Augenh\u00f6he, egal ob Profi oder aufstrebendes Talent. Mein [&hellip;]","_links":{"self":[{"href":"https:\/\/claushessler.com\/de\/wp-json\/wp\/v2\/pages\/10628","targetHints":{"allow":["GET"]}}],"collection":[{"href":"https:\/\/claushessler.com\/de\/wp-json\/wp\/v2\/pages"}],"about":[{"href":"https:\/\/claushessler.com\/de\/wp-json\/wp\/v2\/types\/page"}],"author":[{"embeddable":true,"href":"https:\/\/claushessler.com\/de\/wp-json\/wp\/v2\/users\/1"}],"replies":[{"embeddable":true,"href":"https:\/\/claushessler.com\/de\/wp-json\/wp\/v2\/comments?post=10628"}],"version-history":[{"count":5,"href":"https:\/\/claushessler.com\/de\/wp-json\/wp\/v2\/pages\/10628\/revisions"}],"predecessor-version":[{"id":13070,"href":"https:\/\/claushessler.com\/de\/wp-json\/wp\/v2\/pages\/10628\/revisions\/13070"}],"wp:attachment":[{"href":"https:\/\/claushessler.com\/de\/wp-json\/wp\/v2\/media?parent=10628"}],"curies":[{"name":"wp","href":"https:\/\/api.w.org\/{rel}","templated":true}]}}