{"id":10630,"date":"2015-08-11T17:06:08","date_gmt":"2015-08-11T17:06:08","guid":{"rendered":"https:\/\/claushessler.com\/privatunterricht\/lessons-online\/"},"modified":"2026-02-16T17:53:37","modified_gmt":"2026-02-16T17:53:37","slug":"lessons-online","status":"publish","type":"page","link":"https:\/\/claushessler.com\/de\/privatunterricht\/lessons-online\/","title":{"rendered":"Online-Unterricht"},"content":{"rendered":"\n<div class=\"wp-block-uagb-container uagb-block-832a62d4 alignfull uagb-is-root-container\"><div class=\"uagb-container-inner-blocks-wrap\">\n<div data-aos= \"fade-up\" data-aos-duration=\"400\" data-aos-delay=\"0\" data-aos-easing=\"ease\" data-aos-once=\"true\" class=\"wp-block-uagb-advanced-heading uagb-block-57cc4b2c\"><h2 class=\"uagb-heading-text\">Online-Unterricht<\/h2><\/div>\n<\/div><\/div>\n\n\n\n<div class=\"wp-block-uagb-container uagb-block-35939361 alignfull uagb-is-root-container\"><div class=\"uagb-container-inner-blocks-wrap\">\n<div class=\"wp-block-uagb-container uagb-block-cbd95366\">\n<p>Ihr k\u00f6nnt auch online via Zoom Unterricht nehmen; die Termine bzw. die Unterrichtsdauer k\u00f6nnen jeweils individuell abgestimmt werden. Im Grunde reicht dabei schon eine stabile Internetverbindung (LAN Kabel bevorzugt) und die kostenlose Zoom-Plattform, Claus stellt einen Link bereit. Falls ihr damit noch nicht soviel Erfahrung habt; das funktioniert viel besser, als man denkt. <a href=\"http:\/\/claushessler.com\/wp-content\/uploads\/2024\/11\/Leitfaden-Online-Unterricht-Claus-Hessler-deutsch.pdf\" target=\"_blank\" rel=\"noreferrer noopener\">Hier findet ihr noch ein paar Infos dazu.<\/a> Eine Unterrichtseinheit dauert jeweils 45 Minuten, ihr k\u00f6nnt selbstverst\u00e4ndlich auch mehrere Einheiten buchen. Je nach Belebtheit des Terminkalenders ist ein Vorlauf von einigen Wochen der Fall. Bei Interesse nehmt gerne \u00fcber das Kontaktformular Verbindung auf.<\/p>\n<\/div>\n\n\n\n<div class=\"wp-block-uagb-container uagb-block-6042cd04\">\n<div class=\"wp-block-uagb-image uagb-block-b22c460b wp-block-uagb-image--layout-default wp-block-uagb-image--effect-static wp-block-uagb-image--align-none\"><figure class=\"wp-block-uagb-image__figure\"><a class=\"\" href=\"http:\/\/claushessler.com\/wp-content\/uploads\/2024\/11\/omdbc-2024-day-5-justine-sounds-1x1-IMG_3777-scaled.jpg\" target=\"\" rel=\"noopener\"><img decoding=\"async\" srcset=\"https:\/\/claushessler.com\/wp-content\/uploads\/2024\/11\/omdbc-2024-day-1-justine-sounds-1x1-IMG_2052-1024x1024.jpg ,https:\/\/claushessler.com\/wp-content\/uploads\/2024\/11\/omdbc-2024-day-1-justine-sounds-1x1-IMG_2052-scaled.jpg 780w, https:\/\/claushessler.com\/wp-content\/uploads\/2024\/11\/omdbc-2024-day-1-justine-sounds-1x1-IMG_2052-scaled.jpg 360w\" sizes=\"auto, (max-width: 480px) 150px\" src=\"https:\/\/claushessler.com\/wp-content\/uploads\/2024\/11\/omdbc-2024-day-1-justine-sounds-1x1-IMG_2052-1024x1024.jpg\" alt=\"\" class=\"uag-image-10445\" width=\"1024\" height=\"1024\" title=\"omdbc-2024-day-1-justine-sounds-1x1-IMG_2052\" loading=\"lazy\" role=\"img\"\/><\/a><\/figure><\/div>\n<\/div>\n<\/div><\/div>\n\n\n\n<div class=\"wp-block-uagb-container uagb-block-fb20dc45 alignfull uagb-is-root-container\"><div class=\"uagb-container-inner-blocks-wrap\">\n<div class=\"wpcf7 no-js\" id=\"wpcf7-f12795-o1\" lang=\"de-DE\" dir=\"ltr\" data-wpcf7-id=\"12795\">\n<div class=\"screen-reader-response\"><p role=\"status\" aria-live=\"polite\" aria-atomic=\"true\"><\/p> <ul><\/ul><\/div>\n<form action=\"\/de\/wp-json\/wp\/v2\/pages\/10630#wpcf7-f12795-o1\" method=\"post\" class=\"wpcf7-form init\" aria-label=\"Kontaktformular\" novalidate=\"novalidate\" data-status=\"init\">\n<fieldset class=\"hidden-fields-container\"><input type=\"hidden\" name=\"_wpcf7\" value=\"12795\" \/><input type=\"hidden\" name=\"_wpcf7_version\" value=\"6.1.5\" \/><input type=\"hidden\" name=\"_wpcf7_locale\" value=\"de_DE\" \/><input type=\"hidden\" name=\"_wpcf7_unit_tag\" value=\"wpcf7-f12795-o1\" \/><input type=\"hidden\" name=\"_wpcf7_container_post\" value=\"0\" \/><input type=\"hidden\" name=\"_wpcf7_posted_data_hash\" value=\"\" \/>\n<\/fieldset>\n<p><label> Dein Name<br \/>\n<span class=\"wpcf7-form-control-wrap\" data-name=\"your-name\"><input size=\"40\" maxlength=\"400\" class=\"wpcf7-form-control wpcf7-text wpcf7-validates-as-required\" autocomplete=\"name\" aria-required=\"true\" aria-invalid=\"false\" value=\"\" type=\"text\" name=\"your-name\" \/><\/span> <\/label>\n<\/p>\n<p><label> Deine E-Mail-Adresse<br \/>\n<span class=\"wpcf7-form-control-wrap\" data-name=\"your-email\"><input size=\"40\" maxlength=\"400\" class=\"wpcf7-form-control wpcf7-email wpcf7-validates-as-required wpcf7-text wpcf7-validates-as-email\" autocomplete=\"email\" aria-required=\"true\" aria-invalid=\"false\" value=\"\" type=\"email\" name=\"your-email\" \/><\/span> <\/label>\n<\/p>\n<p><label> Deine Telefon-Nummer (optional)<br \/>\n<span class=\"wpcf7-form-control-wrap\" data-name=\"tel-330\"><input size=\"40\" maxlength=\"400\" class=\"wpcf7-form-control wpcf7-tel wpcf7-text wpcf7-validates-as-tel\" aria-invalid=\"false\" value=\"\" type=\"tel\" name=\"tel-330\" \/><\/span> <\/label>\n<\/p>\n<p><label> Dein Land bzw. deine Zeitzone (optional)<br \/>\n<span class=\"wpcf7-form-control-wrap\" data-name=\"country\"><textarea cols=\"40\" rows=\"10\" maxlength=\"2000\" class=\"wpcf7-form-control wpcf7-textarea\" aria-invalid=\"false\" name=\"country\">Germany<\/textarea><\/span> <\/label>\n<\/p>\n<p><label> Niveau (optional)<br \/>\n<span class=\"wpcf7-form-control-wrap\" data-name=\"skill-level\"><select class=\"wpcf7-form-control wpcf7-select\" aria-invalid=\"false\" name=\"skill-level\"><option value=\"---\">---<\/option><option value=\"Anf\u00e4nger\">Anf\u00e4nger<\/option><option value=\"Mittleres Niveau\">Mittleres Niveau<\/option><option value=\"Fortgeschritten\">Fortgeschritten<\/option><\/select><\/span><br \/>\n<\/label>\n<\/p>\n<p><label> Deine Nachricht<br \/>\n<span class=\"wpcf7-form-control-wrap\" data-name=\"your-message\"><textarea cols=\"40\" rows=\"10\" maxlength=\"2000\" class=\"wpcf7-form-control wpcf7-textarea wpcf7-validates-as-required small-textarea\" aria-required=\"true\" aria-invalid=\"false\" name=\"your-message\"><\/textarea><\/span> <\/label>\n<\/p>\n<p><span class=\"wpcf7-form-control-wrap\" data-name=\"acceptance-909\"><span class=\"wpcf7-form-control wpcf7-acceptance\"><span class=\"wpcf7-list-item\"><label><input type=\"checkbox\" name=\"acceptance-909\" value=\"1\" aria-invalid=\"false\" \/><span class=\"wpcf7-list-item-label\">Ich habe die <a href=\"https:\/\/claushessler.com\/data-protection\" target=\"_blank\">Datenschutzrichtlinien<\/a> dieser Website gelesen und akzeptiere diese.<\/span><\/label><\/span><\/span><\/span><br \/>\n<div class=\"wpcf7-turnstile cf-turnstile\" data-sitekey=\"0x4AAAAAAChKU95kH9LclCKd\" data-response-field-name=\"_wpcf7_turnstile_response\"><\/div>\n<\/p>\n<p><input class=\"wpcf7-form-control wpcf7-submit has-spinner\" type=\"submit\" value=\"Senden\" \/>\n<\/p><div class=\"wpcf7-response-output\" aria-hidden=\"true\"><\/div>\n<\/form>\n<\/div>\n\n\n\n\n<p>Fortbildungen bei Claus sind von der Regierung Unterfranken offiziell als ordnungsgem\u00e4\u00dfe Vorbereitung auf einen Musikerberuf bzw. auf eine vor einer juristischen Person \u00f6ffentlichen Rechts abzulegende Pr\u00fcfung anerkannt (z.B. Aufnahmepr\u00fcfungen an Hochschulen, Universit\u00e4ten, Konservatorien). <\/p>\n<\/div><\/div>\n","protected":false},"excerpt":{"rendered":"<p>Online-Unterricht Ihr k\u00f6nnt auch online via Zoom Unterricht nehmen; die Termine bzw. die Unterrichtsdauer k\u00f6nnen jeweils individuell abgestimmt werden. Im Grunde reicht dabei schon eine stabile Internetverbindung (LAN Kabel bevorzugt) [&hellip;]<\/p>\n","protected":false},"author":1,"featured_media":0,"parent":10628,"menu_order":0,"comment_status":"closed","ping_status":"closed","template":"","meta":{"_uag_custom_page_level_css":"","site-sidebar-layout":"default","site-content-layout":"","ast-site-content-layout":"default","site-content-style":"default","site-sidebar-style":"default","ast-global-header-display":"","ast-banner-title-visibility":"","ast-main-header-display":"","ast-hfb-above-header-display":"","ast-hfb-below-header-display":"","ast-hfb-mobile-header-display":"","site-post-title":"disabled","ast-breadcrumbs-content":"","ast-featured-img":"","footer-sml-layout":"","ast-disable-related-posts":"","theme-transparent-header-meta":"","adv-header-id-meta":"","stick-header-meta":"","header-above-stick-meta":"","header-main-stick-meta":"","header-below-stick-meta":"","astra-migrate-meta-layouts":"set","ast-page-background-enabled":"default","ast-page-background-meta":{"desktop":{"background-color":"var(--ast-global-color-5)","background-image":"","background-repeat":"repeat","background-position":"center center","background-size":"auto","background-attachment":"scroll","background-type":"","background-media":"","overlay-type":"","overlay-color":"","overlay-opacity":"","overlay-gradient":""},"tablet":{"background-color":"","background-image":"","background-repeat":"repeat","background-position":"center center","background-size":"auto","background-attachment":"scroll","background-type":"","background-media":"","overlay-type":"","overlay-color":"","overlay-opacity":"","overlay-gradient":""},"mobile":{"background-color":"","background-image":"","background-repeat":"repeat","background-position":"center center","background-size":"auto","background-attachment":"scroll","background-type":"","background-media":"","overlay-type":"","overlay-color":"","overlay-opacity":"","overlay-gradient":""}},"ast-content-background-meta":{"desktop":{"background-color":"var(--ast-global-color-4)","background-image":"","background-repeat":"repeat","background-position":"center center","background-size":"auto","background-attachment":"scroll","background-type":"","background-media":"","overlay-type":"","overlay-color":"","overlay-opacity":"","overlay-gradient":""},"tablet":{"background-color":"var(--ast-global-color-4)","background-image":"","background-repeat":"repeat","background-position":"center center","background-size":"auto","background-attachment":"scroll","background-type":"","background-media":"","overlay-type":"","overlay-color":"","overlay-opacity":"","overlay-gradient":""},"mobile":{"background-color":"var(--ast-global-color-4)","background-image":"","background-repeat":"repeat","background-position":"center center","background-size":"auto","background-attachment":"scroll","background-type":"","background-media":"","overlay-type":"","overlay-color":"","overlay-opacity":"","overlay-gradient":""}},"footnotes":""},"class_list":["post-10630","page","type-page","status-publish","hentry"],"yoast_head":"<!-- This site is optimized with the Yoast SEO plugin v27.2 - https:\/\/yoast.com\/product\/yoast-seo-wordpress\/ -->\n<title>Online-Unterricht - Claus Hessler<\/title>\n<meta name=\"robots\" content=\"index, follow, max-snippet:-1, max-image-preview:large, max-video-preview:-1\" \/>\n<link rel=\"canonical\" href=\"https:\/\/claushessler.com\/de\/privatunterricht\/lessons-online\/\" \/>\n<meta property=\"og:locale\" content=\"de_DE\" \/>\n<meta property=\"og:type\" content=\"article\" \/>\n<meta property=\"og:title\" content=\"Online-Unterricht - Claus Hessler\" \/>\n<meta property=\"og:description\" content=\"Online-Unterricht Ihr k\u00f6nnt auch online via Zoom Unterricht nehmen; die Termine bzw. die Unterrichtsdauer k\u00f6nnen jeweils individuell abgestimmt werden. Im Grunde reicht dabei schon eine stabile Internetverbindung (LAN Kabel bevorzugt) [&hellip;]\" \/>\n<meta property=\"og:url\" content=\"https:\/\/claushessler.com\/de\/privatunterricht\/lessons-online\/\" \/>\n<meta property=\"og:site_name\" content=\"Claus Hessler\" \/>\n<meta property=\"article:publisher\" content=\"https:\/\/www.facebook.com\/pages\/Claus-Hessler\/131546556922809?ref=hl\" \/>\n<meta property=\"article:modified_time\" content=\"2026-02-16T17:53:37+00:00\" \/>\n<meta property=\"og:image\" content=\"http:\/\/claushessler.com\/wp-content\/uploads\/2024\/11\/omdbc-2024-day-1-justine-sounds-1x1-IMG_2052-1024x1024.jpg\" \/>\n<meta name=\"twitter:card\" content=\"summary_large_image\" \/>\n<meta name=\"twitter:label1\" content=\"Gesch\u00e4tzte Lesezeit\" \/>\n\t<meta name=\"twitter:data1\" content=\"1\u00a0Minute\" \/>\n<script type=\"application\/ld+json\" class=\"yoast-schema-graph\">{\"@context\":\"https:\/\/schema.org\",\"@graph\":[{\"@type\":\"WebPage\",\"@id\":\"https:\/\/claushessler.com\/de\/privatunterricht\/lessons-online\/\",\"url\":\"https:\/\/claushessler.com\/de\/privatunterricht\/lessons-online\/\",\"name\":\"Online-Unterricht - Claus Hessler\",\"isPartOf\":{\"@id\":\"https:\/\/claushessler.com\/de\/#website\"},\"primaryImageOfPage\":{\"@id\":\"https:\/\/claushessler.com\/de\/privatunterricht\/lessons-online\/#primaryimage\"},\"image\":{\"@id\":\"https:\/\/claushessler.com\/de\/privatunterricht\/lessons-online\/#primaryimage\"},\"thumbnailUrl\":\"http:\/\/claushessler.com\/wp-content\/uploads\/2024\/11\/omdbc-2024-day-1-justine-sounds-1x1-IMG_2052-1024x1024.jpg\",\"datePublished\":\"2015-08-11T17:06:08+00:00\",\"dateModified\":\"2026-02-16T17:53:37+00:00\",\"breadcrumb\":{\"@id\":\"https:\/\/claushessler.com\/de\/privatunterricht\/lessons-online\/#breadcrumb\"},\"inLanguage\":\"de\",\"potentialAction\":[{\"@type\":\"ReadAction\",\"target\":[\"https:\/\/claushessler.com\/de\/privatunterricht\/lessons-online\/\"]}]},{\"@type\":\"ImageObject\",\"inLanguage\":\"de\",\"@id\":\"https:\/\/claushessler.com\/de\/privatunterricht\/lessons-online\/#primaryimage\",\"url\":\"http:\/\/claushessler.com\/wp-content\/uploads\/2024\/11\/omdbc-2024-day-1-justine-sounds-1x1-IMG_2052-1024x1024.jpg\",\"contentUrl\":\"http:\/\/claushessler.com\/wp-content\/uploads\/2024\/11\/omdbc-2024-day-1-justine-sounds-1x1-IMG_2052-1024x1024.jpg\"},{\"@type\":\"BreadcrumbList\",\"@id\":\"https:\/\/claushessler.com\/de\/privatunterricht\/lessons-online\/#breadcrumb\",\"itemListElement\":[{\"@type\":\"ListItem\",\"position\":1,\"name\":\"Home\",\"item\":\"https:\/\/claushessler.com\/de\/\"},{\"@type\":\"ListItem\",\"position\":2,\"name\":\"Privatunterricht\",\"item\":\"https:\/\/claushessler.com\/de\/privatunterricht\/\"},{\"@type\":\"ListItem\",\"position\":3,\"name\":\"Online-Unterricht\"}]},{\"@type\":\"WebSite\",\"@id\":\"https:\/\/claushessler.com\/de\/#website\",\"url\":\"https:\/\/claushessler.com\/de\/\",\"name\":\"Claus Hessler\",\"description\":\"Drummer - Author - Educator\",\"publisher\":{\"@id\":\"https:\/\/claushessler.com\/de\/#\/schema\/person\/b317df3f4825771978aee494fd68a64a\"},\"potentialAction\":[{\"@type\":\"SearchAction\",\"target\":{\"@type\":\"EntryPoint\",\"urlTemplate\":\"https:\/\/claushessler.com\/de\/?s={search_term_string}\"},\"query-input\":{\"@type\":\"PropertyValueSpecification\",\"valueRequired\":true,\"valueName\":\"search_term_string\"}}],\"inLanguage\":\"de\"},{\"@type\":[\"Person\",\"Organization\"],\"@id\":\"https:\/\/claushessler.com\/de\/#\/schema\/person\/b317df3f4825771978aee494fd68a64a\",\"name\":\"Claus\",\"image\":{\"@type\":\"ImageObject\",\"inLanguage\":\"de\",\"@id\":\"https:\/\/claushessler.com\/wp-content\/uploads\/2026\/02\/Logobw.png\",\"url\":\"https:\/\/claushessler.com\/wp-content\/uploads\/2026\/02\/Logobw.png\",\"contentUrl\":\"https:\/\/claushessler.com\/wp-content\/uploads\/2026\/02\/Logobw.png\",\"width\":1596,\"height\":929,\"caption\":\"Claus\"},\"logo\":{\"@id\":\"https:\/\/claushessler.com\/wp-content\/uploads\/2026\/02\/Logobw.png\"},\"sameAs\":[\"http:\/\/claushessler.com\",\"https:\/\/www.facebook.com\/pages\/Claus-Hessler\/131546556922809?ref=hl\",\"https:\/\/www.instagram.com\/claus.hessler\",\"https:\/\/www.youtube.com\/@ClausHessler\"]}]}<\/script>\n<!-- \/ Yoast SEO plugin. -->","yoast_head_json":{"title":"Online-Unterricht - Claus Hessler","robots":{"index":"index","follow":"follow","max-snippet":"max-snippet:-1","max-image-preview":"max-image-preview:large","max-video-preview":"max-video-preview:-1"},"canonical":"https:\/\/claushessler.com\/de\/privatunterricht\/lessons-online\/","og_locale":"de_DE","og_type":"article","og_title":"Online-Unterricht - Claus Hessler","og_description":"Online-Unterricht Ihr k\u00f6nnt auch online via Zoom Unterricht nehmen; die Termine bzw. die Unterrichtsdauer k\u00f6nnen jeweils individuell abgestimmt werden. Im Grunde reicht dabei schon eine stabile Internetverbindung (LAN Kabel bevorzugt) [&hellip;]","og_url":"https:\/\/claushessler.com\/de\/privatunterricht\/lessons-online\/","og_site_name":"Claus Hessler","article_publisher":"https:\/\/www.facebook.com\/pages\/Claus-Hessler\/131546556922809?ref=hl","article_modified_time":"2026-02-16T17:53:37+00:00","og_image":[{"url":"http:\/\/claushessler.com\/wp-content\/uploads\/2024\/11\/omdbc-2024-day-1-justine-sounds-1x1-IMG_2052-1024x1024.jpg","type":"","width":"","height":""}],"twitter_card":"summary_large_image","twitter_misc":{"Gesch\u00e4tzte Lesezeit":"1\u00a0Minute"},"schema":{"@context":"https:\/\/schema.org","@graph":[{"@type":"WebPage","@id":"https:\/\/claushessler.com\/de\/privatunterricht\/lessons-online\/","url":"https:\/\/claushessler.com\/de\/privatunterricht\/lessons-online\/","name":"Online-Unterricht - Claus Hessler","isPartOf":{"@id":"https:\/\/claushessler.com\/de\/#website"},"primaryImageOfPage":{"@id":"https:\/\/claushessler.com\/de\/privatunterricht\/lessons-online\/#primaryimage"},"image":{"@id":"https:\/\/claushessler.com\/de\/privatunterricht\/lessons-online\/#primaryimage"},"thumbnailUrl":"http:\/\/claushessler.com\/wp-content\/uploads\/2024\/11\/omdbc-2024-day-1-justine-sounds-1x1-IMG_2052-1024x1024.jpg","datePublished":"2015-08-11T17:06:08+00:00","dateModified":"2026-02-16T17:53:37+00:00","breadcrumb":{"@id":"https:\/\/claushessler.com\/de\/privatunterricht\/lessons-online\/#breadcrumb"},"inLanguage":"de","potentialAction":[{"@type":"ReadAction","target":["https:\/\/claushessler.com\/de\/privatunterricht\/lessons-online\/"]}]},{"@type":"ImageObject","inLanguage":"de","@id":"https:\/\/claushessler.com\/de\/privatunterricht\/lessons-online\/#primaryimage","url":"http:\/\/claushessler.com\/wp-content\/uploads\/2024\/11\/omdbc-2024-day-1-justine-sounds-1x1-IMG_2052-1024x1024.jpg","contentUrl":"http:\/\/claushessler.com\/wp-content\/uploads\/2024\/11\/omdbc-2024-day-1-justine-sounds-1x1-IMG_2052-1024x1024.jpg"},{"@type":"BreadcrumbList","@id":"https:\/\/claushessler.com\/de\/privatunterricht\/lessons-online\/#breadcrumb","itemListElement":[{"@type":"ListItem","position":1,"name":"Home","item":"https:\/\/claushessler.com\/de\/"},{"@type":"ListItem","position":2,"name":"Privatunterricht","item":"https:\/\/claushessler.com\/de\/privatunterricht\/"},{"@type":"ListItem","position":3,"name":"Online-Unterricht"}]},{"@type":"WebSite","@id":"https:\/\/claushessler.com\/de\/#website","url":"https:\/\/claushessler.com\/de\/","name":"Claus Hessler","description":"Drummer - Author - Educator","publisher":{"@id":"https:\/\/claushessler.com\/de\/#\/schema\/person\/b317df3f4825771978aee494fd68a64a"},"potentialAction":[{"@type":"SearchAction","target":{"@type":"EntryPoint","urlTemplate":"https:\/\/claushessler.com\/de\/?s={search_term_string}"},"query-input":{"@type":"PropertyValueSpecification","valueRequired":true,"valueName":"search_term_string"}}],"inLanguage":"de"},{"@type":["Person","Organization"],"@id":"https:\/\/claushessler.com\/de\/#\/schema\/person\/b317df3f4825771978aee494fd68a64a","name":"Claus","image":{"@type":"ImageObject","inLanguage":"de","@id":"https:\/\/claushessler.com\/wp-content\/uploads\/2026\/02\/Logobw.png","url":"https:\/\/claushessler.com\/wp-content\/uploads\/2026\/02\/Logobw.png","contentUrl":"https:\/\/claushessler.com\/wp-content\/uploads\/2026\/02\/Logobw.png","width":1596,"height":929,"caption":"Claus"},"logo":{"@id":"https:\/\/claushessler.com\/wp-content\/uploads\/2026\/02\/Logobw.png"},"sameAs":["http:\/\/claushessler.com","https:\/\/www.facebook.com\/pages\/Claus-Hessler\/131546556922809?ref=hl","https:\/\/www.instagram.com\/claus.hessler","https:\/\/www.youtube.com\/@ClausHessler"]}]}},"uagb_featured_image_src":{"full":false,"thumbnail":false,"medium":false,"medium_large":false,"large":false,"1536x1536":false,"2048x2048":false,"woocommerce_thumbnail":false,"woocommerce_single":false,"woocommerce_gallery_thumbnail":false},"uagb_author_info":{"display_name":"Matthias","author_link":"https:\/\/claushessler.com\/de\/author\/matthias\/"},"uagb_comment_info":0,"uagb_excerpt":"Online-Unterricht Ihr k\u00f6nnt auch online via Zoom Unterricht nehmen; die Termine bzw. die Unterrichtsdauer k\u00f6nnen jeweils individuell abgestimmt werden. Im Grunde reicht dabei schon eine stabile Internetverbindung (LAN Kabel bevorzugt) [&hellip;]","_links":{"self":[{"href":"https:\/\/claushessler.com\/de\/wp-json\/wp\/v2\/pages\/10630","targetHints":{"allow":["GET"]}}],"collection":[{"href":"https:\/\/claushessler.com\/de\/wp-json\/wp\/v2\/pages"}],"about":[{"href":"https:\/\/claushessler.com\/de\/wp-json\/wp\/v2\/types\/page"}],"author":[{"embeddable":true,"href":"https:\/\/claushessler.com\/de\/wp-json\/wp\/v2\/users\/1"}],"replies":[{"embeddable":true,"href":"https:\/\/claushessler.com\/de\/wp-json\/wp\/v2\/comments?post=10630"}],"version-history":[{"count":1,"href":"https:\/\/claushessler.com\/de\/wp-json\/wp\/v2\/pages\/10630\/revisions"}],"predecessor-version":[{"id":12797,"href":"https:\/\/claushessler.com\/de\/wp-json\/wp\/v2\/pages\/10630\/revisions\/12797"}],"up":[{"embeddable":true,"href":"https:\/\/claushessler.com\/de\/wp-json\/wp\/v2\/pages\/10628"}],"wp:attachment":[{"href":"https:\/\/claushessler.com\/de\/wp-json\/wp\/v2\/media?parent=10630"}],"curies":[{"name":"wp","href":"https:\/\/api.w.org\/{rel}","templated":true}]}}