{"id":11910,"date":"2015-08-08T14:21:08","date_gmt":"2015-08-08T14:21:08","guid":{"rendered":"https:\/\/claushessler.com\/bio\/"},"modified":"2026-02-18T18:18:46","modified_gmt":"2026-02-18T18:18:46","slug":"bio","status":"publish","type":"page","link":"https:\/\/claushessler.com\/de\/bio\/","title":{"rendered":"Bio"},"content":{"rendered":"\n<div class=\"wp-block-uagb-container uagb-block-832a62d4 alignfull uagb-is-root-container\"><div class=\"uagb-container-inner-blocks-wrap\">\n<div data-aos= \"fade-up\" data-aos-duration=\"400\" data-aos-delay=\"0\" data-aos-easing=\"ease\" data-aos-once=\"true\" class=\"wp-block-uagb-advanced-heading uagb-block-57cc4b2c\"><h2 class=\"uagb-heading-text\">BIO<\/h2><\/div>\n<\/div><\/div>\n\n\n\n<div class=\"wp-block-uagb-container uagb-block-54c66443 alignfull uagb-is-root-container\"><div class=\"uagb-container-inner-blocks-wrap\">\n<div class=\"wp-block-uagb-blockquote uagb-block-bed4631b uagb-blockquote__skin-quotation uagb-blockquote__align-center uagb-blockquote__style-style_2 uagb-blockquote__stack-img-none\"><blockquote class=\"uagb-blockquote\"><span class=\"uagb-blockquote__icon\"><svg width=\"20\" height=\"20\" viewBox=\"0 0 32 32\"><path d=\"M7.031 14c3.866 0 7 3.134 7 7s-3.134 7-7 7-7-3.134-7-7l-0.031-1c0-7.732 6.268-14 14-14v4c-2.671 0-5.182 1.040-7.071 2.929-0.364 0.364-0.695 0.751-0.995 1.157 0.357-0.056 0.724-0.086 1.097-0.086zM25.031 14c3.866 0 7 3.134 7 7s-3.134 7-7 7-7-3.134-7-7l-0.031-1c0-7.732 6.268-14 14-14v4c-2.671 0-5.182 1.040-7.071 2.929-0.364 0.364-0.695 0.751-0.995 1.157 0.358-0.056 0.724-0.086 1.097-0.086z\"><\/path><\/svg><\/span><div class=\"uagb-blockquote__content\">I hardly know anyone who is closer to the real Moeller than Claus Hessler.<\/div><footer><div class=\"uagb-blockquote__author-wrap uagb-blockquote__author-at-right\"><cite class=\"uagb-blockquote__author\"><em>Jim Chapin, 2006<\/em><\/cite><\/div><\/footer><\/blockquote><\/div>\n<\/div><\/div>\n\n\n\n<div class=\"wp-block-uagb-container uagb-block-ffea004d alignfull uagb-is-root-container\"><div class=\"uagb-container-inner-blocks-wrap\">\n<div class=\"wp-block-uagb-container uagb-block-3dcf2e95\">\n<div class=\"wp-block-uagb-image uagb-block-b188b6b4 wp-block-uagb-image--layout-default wp-block-uagb-image--effect-static wp-block-uagb-image--align-none\"><figure class=\"wp-block-uagb-image__figure\"><img decoding=\"async\" srcset=\"https:\/\/claushessler.com\/wp-content\/uploads\/2026\/02\/20231113_Claus_Hessler_154-SWEETWATER-SOUND-Matt-Owens-1200x800-1-1024x683.jpg ,https:\/\/claushessler.com\/wp-content\/uploads\/2026\/02\/20231113_Claus_Hessler_154-SWEETWATER-SOUND-Matt-Owens-1200x800-1.jpg 780w, https:\/\/claushessler.com\/wp-content\/uploads\/2026\/02\/20231113_Claus_Hessler_154-SWEETWATER-SOUND-Matt-Owens-1200x800-1.jpg 360w\" sizes=\"auto, (max-width: 480px) 150px\" src=\"https:\/\/claushessler.com\/wp-content\/uploads\/2026\/02\/20231113_Claus_Hessler_154-SWEETWATER-SOUND-Matt-Owens-1200x800-1-1024x683.jpg\" alt=\"\" class=\"uag-image-12886\" width=\"1200\" height=\"800\" title=\"20231113_Claus_Hessler_154-SWEETWATER-SOUND-Matt-Owens-1200x800\" loading=\"lazy\" role=\"img\"\/><\/figure><\/div>\n<\/div>\n\n\n\n<div data-aos= \"slide-left\" data-aos-duration=\"400\" data-aos-delay=\"0\" data-aos-easing=\"ease\" data-aos-once=\"true\" class=\"wp-block-uagb-container uagb-block-79909d39\">\n<p>Claus Hessler verbindet Vergangenheit und Gegenwart des Drumsets in der Tradition seiner Mentoren und Freunde, Dom Famularo und Jim Chapin. Mit \u00fcber 35 Jahren Unterrichtserfahrung an renommierten Instituten weltweit wei\u00df Claus genau, worauf es ankommt. Seine Spezialgebiete sind Moeller-Technik, Open-handed Playing und Rudiments &#8211; inklusive deren Hintergrund und Geschichte. Als Solist, im Bandkontext oder bei seinen Masterclasses in \u00fcber 40 L\u00e4ndern wird er als Nachfolger von Jim Chapin gehandelt \u2013 der die Entwicklung des Drumsets wie nur wenig andere gepr\u00e4gt hat. Sein Input und seine internationalen Ver\u00f6ffentlichungen haben zahllosen Sch\u00fclern geholfen, ihre F\u00e4higkeiten auszubauen und ihren eigenen Sound zu finden. Du suchst ein solides Fundament, brauchst einen Coach oder suchst einfach neue Inspiration? Dann bist Du hier genau richtig!      <\/p>\n\n\n\n<div class=\"wp-block-uagb-buttons uagb-buttons__outer-wrap uagb-btn__default-btn uagb-btn-tablet__default-btn uagb-btn-mobile__default-btn uagb-block-7d530f12\"><div class=\"uagb-buttons__wrap uagb-buttons-layout-wrap \">\n<div class=\"wp-block-uagb-buttons-child uagb-buttons__outer-wrap uagb-block-895c52ca wp-block-button\"><div class=\"uagb-button__wrapper\"><a class=\"uagb-buttons-repeater wp-block-button__link\" aria-label=\"\" href=\"http:\/\/claushessler.com\/wp-content\/uploads\/2024\/11\/EPK-Claus-Hessler-English-Short-09-2024.pdf\" rel=\"follow noopener\" target=\"_self\" role=\"button\"><div class=\"uagb-button__link\">ELECTRONIC PRESS KIT<\/div><\/a><\/div><\/div>\n<\/div><\/div>\n<\/div>\n<\/div><\/div>\n\n\n\n<div class=\"wp-block-uagb-container uagb-block-69adce6f alignfull uagb-is-root-container\"><div class=\"uagb-container-inner-blocks-wrap\">\n<div class=\"wp-block-uagb-blockquote uagb-block-34f4c7e2 uagb-blockquote__skin-quotation uagb-blockquote__align-center uagb-blockquote__style-style_2 uagb-blockquote__stack-img-none\"><blockquote class=\"uagb-blockquote\"><span class=\"uagb-blockquote__icon\"><svg width=\"20\" height=\"20\" viewBox=\"0 0 32 32\"><path d=\"M7.031 14c3.866 0 7 3.134 7 7s-3.134 7-7 7-7-3.134-7-7l-0.031-1c0-7.732 6.268-14 14-14v4c-2.671 0-5.182 1.040-7.071 2.929-0.364 0.364-0.695 0.751-0.995 1.157 0.357-0.056 0.724-0.086 1.097-0.086zM25.031 14c3.866 0 7 3.134 7 7s-3.134 7-7 7-7-3.134-7-7l-0.031-1c0-7.732 6.268-14 14-14v4c-2.671 0-5.182 1.040-7.071 2.929-0.364 0.364-0.695 0.751-0.995 1.157 0.358-0.056 0.724-0.086 1.097-0.086z\"><\/path><\/svg><\/span><div class=\"uagb-blockquote__content\">My father always spoke so highly of Claus, his dedication and technique. He thought Claus was great!<\/div><footer><div class=\"uagb-blockquote__author-wrap uagb-blockquote__author-at-left\"><cite class=\"uagb-blockquote__author\"><em>Tom Chapin, 2011<\/em><\/cite><\/div><\/footer><\/blockquote><\/div>\n<\/div><\/div>\n","protected":false},"excerpt":{"rendered":"<p>BIO Claus Hessler verbindet Vergangenheit und Gegenwart des Drumsets in der Tradition seiner Mentoren und Freunde, Dom Famularo und Jim Chapin. Mit \u00fcber 35 Jahren Unterrichtserfahrung an renommierten Instituten weltweit [&hellip;]<\/p>\n","protected":false},"author":1,"featured_media":0,"parent":0,"menu_order":4,"comment_status":"closed","ping_status":"closed","template":"","meta":{"_uag_custom_page_level_css":"","site-sidebar-layout":"default","site-content-layout":"","ast-site-content-layout":"default","site-content-style":"default","site-sidebar-style":"default","ast-global-header-display":"","ast-banner-title-visibility":"","ast-main-header-display":"","ast-hfb-above-header-display":"","ast-hfb-below-header-display":"","ast-hfb-mobile-header-display":"","site-post-title":"disabled","ast-breadcrumbs-content":"","ast-featured-img":"","footer-sml-layout":"","ast-disable-related-posts":"","theme-transparent-header-meta":"","adv-header-id-meta":"","stick-header-meta":"","header-above-stick-meta":"","header-main-stick-meta":"","header-below-stick-meta":"","astra-migrate-meta-layouts":"default","ast-page-background-enabled":"default","ast-page-background-meta":{"desktop":{"background-color":"var(--ast-global-color-5)","background-image":"","background-repeat":"repeat","background-position":"center center","background-size":"auto","background-attachment":"scroll","background-type":"","background-media":"","overlay-type":"","overlay-color":"","overlay-opacity":"","overlay-gradient":""},"tablet":{"background-color":"","background-image":"","background-repeat":"repeat","background-position":"center center","background-size":"auto","background-attachment":"scroll","background-type":"","background-media":"","overlay-type":"","overlay-color":"","overlay-opacity":"","overlay-gradient":""},"mobile":{"background-color":"","background-image":"","background-repeat":"repeat","background-position":"center center","background-size":"auto","background-attachment":"scroll","background-type":"","background-media":"","overlay-type":"","overlay-color":"","overlay-opacity":"","overlay-gradient":""}},"ast-content-background-meta":{"desktop":{"background-color":"var(--ast-global-color-4)","background-image":"","background-repeat":"repeat","background-position":"center center","background-size":"auto","background-attachment":"scroll","background-type":"","background-media":"","overlay-type":"","overlay-color":"","overlay-opacity":"","overlay-gradient":""},"tablet":{"background-color":"var(--ast-global-color-4)","background-image":"","background-repeat":"repeat","background-position":"center center","background-size":"auto","background-attachment":"scroll","background-type":"","background-media":"","overlay-type":"","overlay-color":"","overlay-opacity":"","overlay-gradient":""},"mobile":{"background-color":"var(--ast-global-color-4)","background-image":"","background-repeat":"repeat","background-position":"center center","background-size":"auto","background-attachment":"scroll","background-type":"","background-media":"","overlay-type":"","overlay-color":"","overlay-opacity":"","overlay-gradient":""}},"footnotes":""},"class_list":["post-11910","page","type-page","status-publish","hentry"],"yoast_head":"<!-- This site is optimized with the Yoast SEO plugin v27.2 - https:\/\/yoast.com\/product\/yoast-seo-wordpress\/ -->\n<title>Claus Hessler - Bio<\/title>\n<meta name=\"description\" content=\"Claus gilt nicht nur als &quot;legitimer MOELLER TECHNIQUE Nachfolger&quot; von Jim Chapin, sondern ist vor allem f\u00fcr seine einzigartige OPEN-HANDED Herangehensweise an das Drumset-Spiel bekannt.\" \/>\n<meta name=\"robots\" content=\"index, follow, max-snippet:-1, max-image-preview:large, max-video-preview:-1\" \/>\n<link rel=\"canonical\" href=\"https:\/\/claushessler.com\/de\/bio\/\" \/>\n<meta property=\"og:locale\" content=\"de_DE\" \/>\n<meta property=\"og:type\" content=\"article\" \/>\n<meta property=\"og:title\" content=\"Claus Hessler - Bio\" \/>\n<meta property=\"og:description\" content=\"Claus gilt nicht nur als &quot;legitimer MOELLER TECHNIQUE Nachfolger&quot; von Jim Chapin, sondern ist vor allem f\u00fcr seine einzigartige OPEN-HANDED Herangehensweise an das Drumset-Spiel bekannt.\" \/>\n<meta property=\"og:url\" content=\"https:\/\/claushessler.com\/de\/bio\/\" \/>\n<meta property=\"og:site_name\" content=\"Claus Hessler\" \/>\n<meta property=\"article:publisher\" content=\"https:\/\/www.facebook.com\/pages\/Claus-Hessler\/131546556922809?ref=hl\" \/>\n<meta property=\"article:modified_time\" content=\"2026-02-18T18:18:46+00:00\" \/>\n<meta property=\"og:image\" content=\"https:\/\/claushessler.com\/wp-content\/uploads\/2026\/02\/20231113_Claus_Hessler_154-SWEETWATER-SOUND-Matt-Owens-1200x800-1-1024x683.jpg\" \/>\n<meta name=\"twitter:card\" content=\"summary_large_image\" \/>\n<meta name=\"twitter:label1\" content=\"Gesch\u00e4tzte Lesezeit\" \/>\n\t<meta name=\"twitter:data1\" content=\"1\u00a0Minute\" \/>\n<script type=\"application\/ld+json\" class=\"yoast-schema-graph\">{\"@context\":\"https:\/\/schema.org\",\"@graph\":[{\"@type\":\"WebPage\",\"@id\":\"https:\/\/claushessler.com\/de\/bio\/\",\"url\":\"https:\/\/claushessler.com\/de\/bio\/\",\"name\":\"Claus Hessler - Bio\",\"isPartOf\":{\"@id\":\"https:\/\/claushessler.com\/de\/#website\"},\"primaryImageOfPage\":{\"@id\":\"https:\/\/claushessler.com\/de\/bio\/#primaryimage\"},\"image\":{\"@id\":\"https:\/\/claushessler.com\/de\/bio\/#primaryimage\"},\"thumbnailUrl\":\"https:\/\/claushessler.com\/wp-content\/uploads\/2026\/02\/20231113_Claus_Hessler_154-SWEETWATER-SOUND-Matt-Owens-1200x800-1-1024x683.jpg\",\"datePublished\":\"2015-08-08T14:21:08+00:00\",\"dateModified\":\"2026-02-18T18:18:46+00:00\",\"description\":\"Claus gilt nicht nur als \\\"legitimer MOELLER TECHNIQUE Nachfolger\\\" von Jim Chapin, sondern ist vor allem f\u00fcr seine einzigartige OPEN-HANDED Herangehensweise an das Drumset-Spiel bekannt.\",\"breadcrumb\":{\"@id\":\"https:\/\/claushessler.com\/de\/bio\/#breadcrumb\"},\"inLanguage\":\"de\",\"potentialAction\":[{\"@type\":\"ReadAction\",\"target\":[\"https:\/\/claushessler.com\/de\/bio\/\"]}]},{\"@type\":\"ImageObject\",\"inLanguage\":\"de\",\"@id\":\"https:\/\/claushessler.com\/de\/bio\/#primaryimage\",\"url\":\"https:\/\/claushessler.com\/wp-content\/uploads\/2026\/02\/20231113_Claus_Hessler_154-SWEETWATER-SOUND-Matt-Owens-1200x800-1-1024x683.jpg\",\"contentUrl\":\"https:\/\/claushessler.com\/wp-content\/uploads\/2026\/02\/20231113_Claus_Hessler_154-SWEETWATER-SOUND-Matt-Owens-1200x800-1-1024x683.jpg\"},{\"@type\":\"BreadcrumbList\",\"@id\":\"https:\/\/claushessler.com\/de\/bio\/#breadcrumb\",\"itemListElement\":[{\"@type\":\"ListItem\",\"position\":1,\"name\":\"Home\",\"item\":\"https:\/\/claushessler.com\/de\/\"},{\"@type\":\"ListItem\",\"position\":2,\"name\":\"Bio\"}]},{\"@type\":\"WebSite\",\"@id\":\"https:\/\/claushessler.com\/de\/#website\",\"url\":\"https:\/\/claushessler.com\/de\/\",\"name\":\"Claus Hessler\",\"description\":\"Drummer - Author - Educator\",\"publisher\":{\"@id\":\"https:\/\/claushessler.com\/de\/#\/schema\/person\/b317df3f4825771978aee494fd68a64a\"},\"potentialAction\":[{\"@type\":\"SearchAction\",\"target\":{\"@type\":\"EntryPoint\",\"urlTemplate\":\"https:\/\/claushessler.com\/de\/?s={search_term_string}\"},\"query-input\":{\"@type\":\"PropertyValueSpecification\",\"valueRequired\":true,\"valueName\":\"search_term_string\"}}],\"inLanguage\":\"de\"},{\"@type\":[\"Person\",\"Organization\"],\"@id\":\"https:\/\/claushessler.com\/de\/#\/schema\/person\/b317df3f4825771978aee494fd68a64a\",\"name\":\"Claus\",\"image\":{\"@type\":\"ImageObject\",\"inLanguage\":\"de\",\"@id\":\"https:\/\/claushessler.com\/wp-content\/uploads\/2026\/02\/Logobw.png\",\"url\":\"https:\/\/claushessler.com\/wp-content\/uploads\/2026\/02\/Logobw.png\",\"contentUrl\":\"https:\/\/claushessler.com\/wp-content\/uploads\/2026\/02\/Logobw.png\",\"width\":1596,\"height\":929,\"caption\":\"Claus\"},\"logo\":{\"@id\":\"https:\/\/claushessler.com\/wp-content\/uploads\/2026\/02\/Logobw.png\"},\"sameAs\":[\"http:\/\/claushessler.com\",\"https:\/\/www.facebook.com\/pages\/Claus-Hessler\/131546556922809?ref=hl\",\"https:\/\/www.instagram.com\/claus.hessler\",\"https:\/\/www.youtube.com\/@ClausHessler\"]}]}<\/script>\n<!-- \/ Yoast SEO plugin. -->","yoast_head_json":{"title":"Claus Hessler - Bio","description":"Claus gilt nicht nur als \"legitimer MOELLER TECHNIQUE Nachfolger\" von Jim Chapin, sondern ist vor allem f\u00fcr seine einzigartige OPEN-HANDED Herangehensweise an das Drumset-Spiel bekannt.","robots":{"index":"index","follow":"follow","max-snippet":"max-snippet:-1","max-image-preview":"max-image-preview:large","max-video-preview":"max-video-preview:-1"},"canonical":"https:\/\/claushessler.com\/de\/bio\/","og_locale":"de_DE","og_type":"article","og_title":"Claus Hessler - Bio","og_description":"Claus gilt nicht nur als \"legitimer MOELLER TECHNIQUE Nachfolger\" von Jim Chapin, sondern ist vor allem f\u00fcr seine einzigartige OPEN-HANDED Herangehensweise an das Drumset-Spiel bekannt.","og_url":"https:\/\/claushessler.com\/de\/bio\/","og_site_name":"Claus Hessler","article_publisher":"https:\/\/www.facebook.com\/pages\/Claus-Hessler\/131546556922809?ref=hl","article_modified_time":"2026-02-18T18:18:46+00:00","og_image":[{"url":"https:\/\/claushessler.com\/wp-content\/uploads\/2026\/02\/20231113_Claus_Hessler_154-SWEETWATER-SOUND-Matt-Owens-1200x800-1-1024x683.jpg","type":"","width":"","height":""}],"twitter_card":"summary_large_image","twitter_misc":{"Gesch\u00e4tzte Lesezeit":"1\u00a0Minute"},"schema":{"@context":"https:\/\/schema.org","@graph":[{"@type":"WebPage","@id":"https:\/\/claushessler.com\/de\/bio\/","url":"https:\/\/claushessler.com\/de\/bio\/","name":"Claus Hessler - Bio","isPartOf":{"@id":"https:\/\/claushessler.com\/de\/#website"},"primaryImageOfPage":{"@id":"https:\/\/claushessler.com\/de\/bio\/#primaryimage"},"image":{"@id":"https:\/\/claushessler.com\/de\/bio\/#primaryimage"},"thumbnailUrl":"https:\/\/claushessler.com\/wp-content\/uploads\/2026\/02\/20231113_Claus_Hessler_154-SWEETWATER-SOUND-Matt-Owens-1200x800-1-1024x683.jpg","datePublished":"2015-08-08T14:21:08+00:00","dateModified":"2026-02-18T18:18:46+00:00","description":"Claus gilt nicht nur als \"legitimer MOELLER TECHNIQUE Nachfolger\" von Jim Chapin, sondern ist vor allem f\u00fcr seine einzigartige OPEN-HANDED Herangehensweise an das Drumset-Spiel bekannt.","breadcrumb":{"@id":"https:\/\/claushessler.com\/de\/bio\/#breadcrumb"},"inLanguage":"de","potentialAction":[{"@type":"ReadAction","target":["https:\/\/claushessler.com\/de\/bio\/"]}]},{"@type":"ImageObject","inLanguage":"de","@id":"https:\/\/claushessler.com\/de\/bio\/#primaryimage","url":"https:\/\/claushessler.com\/wp-content\/uploads\/2026\/02\/20231113_Claus_Hessler_154-SWEETWATER-SOUND-Matt-Owens-1200x800-1-1024x683.jpg","contentUrl":"https:\/\/claushessler.com\/wp-content\/uploads\/2026\/02\/20231113_Claus_Hessler_154-SWEETWATER-SOUND-Matt-Owens-1200x800-1-1024x683.jpg"},{"@type":"BreadcrumbList","@id":"https:\/\/claushessler.com\/de\/bio\/#breadcrumb","itemListElement":[{"@type":"ListItem","position":1,"name":"Home","item":"https:\/\/claushessler.com\/de\/"},{"@type":"ListItem","position":2,"name":"Bio"}]},{"@type":"WebSite","@id":"https:\/\/claushessler.com\/de\/#website","url":"https:\/\/claushessler.com\/de\/","name":"Claus Hessler","description":"Drummer - Author - Educator","publisher":{"@id":"https:\/\/claushessler.com\/de\/#\/schema\/person\/b317df3f4825771978aee494fd68a64a"},"potentialAction":[{"@type":"SearchAction","target":{"@type":"EntryPoint","urlTemplate":"https:\/\/claushessler.com\/de\/?s={search_term_string}"},"query-input":{"@type":"PropertyValueSpecification","valueRequired":true,"valueName":"search_term_string"}}],"inLanguage":"de"},{"@type":["Person","Organization"],"@id":"https:\/\/claushessler.com\/de\/#\/schema\/person\/b317df3f4825771978aee494fd68a64a","name":"Claus","image":{"@type":"ImageObject","inLanguage":"de","@id":"https:\/\/claushessler.com\/wp-content\/uploads\/2026\/02\/Logobw.png","url":"https:\/\/claushessler.com\/wp-content\/uploads\/2026\/02\/Logobw.png","contentUrl":"https:\/\/claushessler.com\/wp-content\/uploads\/2026\/02\/Logobw.png","width":1596,"height":929,"caption":"Claus"},"logo":{"@id":"https:\/\/claushessler.com\/wp-content\/uploads\/2026\/02\/Logobw.png"},"sameAs":["http:\/\/claushessler.com","https:\/\/www.facebook.com\/pages\/Claus-Hessler\/131546556922809?ref=hl","https:\/\/www.instagram.com\/claus.hessler","https:\/\/www.youtube.com\/@ClausHessler"]}]}},"uagb_featured_image_src":{"full":false,"thumbnail":false,"medium":false,"medium_large":false,"large":false,"1536x1536":false,"2048x2048":false,"woocommerce_thumbnail":false,"woocommerce_single":false,"woocommerce_gallery_thumbnail":false},"uagb_author_info":{"display_name":"Matthias","author_link":"https:\/\/claushessler.com\/de\/author\/matthias\/"},"uagb_comment_info":0,"uagb_excerpt":"BIO Claus Hessler verbindet Vergangenheit und Gegenwart des Drumsets in der Tradition seiner Mentoren und Freunde, Dom Famularo und Jim Chapin. Mit \u00fcber 35 Jahren Unterrichtserfahrung an renommierten Instituten weltweit [&hellip;]","_links":{"self":[{"href":"https:\/\/claushessler.com\/de\/wp-json\/wp\/v2\/pages\/11910","targetHints":{"allow":["GET"]}}],"collection":[{"href":"https:\/\/claushessler.com\/de\/wp-json\/wp\/v2\/pages"}],"about":[{"href":"https:\/\/claushessler.com\/de\/wp-json\/wp\/v2\/types\/page"}],"author":[{"embeddable":true,"href":"https:\/\/claushessler.com\/de\/wp-json\/wp\/v2\/users\/1"}],"replies":[{"embeddable":true,"href":"https:\/\/claushessler.com\/de\/wp-json\/wp\/v2\/comments?post=11910"}],"version-history":[{"count":5,"href":"https:\/\/claushessler.com\/de\/wp-json\/wp\/v2\/pages\/11910\/revisions"}],"predecessor-version":[{"id":12890,"href":"https:\/\/claushessler.com\/de\/wp-json\/wp\/v2\/pages\/11910\/revisions\/12890"}],"wp:attachment":[{"href":"https:\/\/claushessler.com\/de\/wp-json\/wp\/v2\/media?parent=11910"}],"curies":[{"name":"wp","href":"https:\/\/api.w.org\/{rel}","templated":true}]}}