{"id":12811,"date":"2026-01-20T10:54:22","date_gmt":"2026-01-20T10:54:22","guid":{"rendered":"https:\/\/claushessler.com\/product\/claus-hessler-signature-drumstick-2-paar\/"},"modified":"2026-02-16T18:10:11","modified_gmt":"2026-02-16T18:10:11","slug":"claus-hessler-signature-drumstick-2-paar","status":"publish","type":"product","link":"https:\/\/claushessler.com\/de\/produkt\/claus-hessler-signature-drumstick-2-paar\/","title":{"rendered":"Claus Hessler Signature Drumstick (2 Paar)"},"content":{"rendered":"<p><strong>WIEDER LIEFERBAR!<\/strong><\/p>\n<p>2 Paar Promark &#8220;Claus Hessler Signature&#8221; Sticks; mit &#8220;Firegrain&#8221; UND &#8220;Active Grip&#8221; Technologie. Details: 0,565&#8243; Durchmesser, 16,5&#8243; L\u00e4nge, 3,5&#8243; Schaft, kleiner, eichelf\u00f6rmiger wood tip. Der Stock ist l\u00e4nger als ein &#8220;normaler&#8221; 5A, hat aber einen deutlich l\u00e4ngeren &#8220;Taper&#8221; (also den Bereich, in dem der Stock sich verj\u00fcngt). Dadurch ist der Stock weniger kopflastig, hat deutlich mehr Rebound und ist durch die &#8220;Firegrain&#8221; H\u00e4rtung trotzdem haltbar und stabil. &#8220;Active Grip&#8221; sorgt f\u00fcr besseren &#8220;Grip&#8221; ohne sich &#8220;klebrig&#8221; anzuf\u00fchlen. Au\u00dferdem sieht der Stock einfach elegant aus \ud83d\ude42 Gewicht pro Paar bei etwa 105 &#8211; 115 Gramm. Gern schreibe ich auch was drauf &#8211; einfach bei der Bestellung angeben!<\/p>\n","protected":false},"excerpt":{"rendered":"<p>0,565&#8243; Durchmesser, 16,5&#8243; L\u00e4nge, 3,5&#8243; Schaft, kleiner, eichelf\u00f6rmiger wood tip. Der Stock ist l\u00e4nger als ein &#8220;normaler&#8221; 5A, hat aber einen deutlich l\u00e4ngeren &#8220;Taper&#8221; (also den Bereich, in dem der Stock sich verj\u00fcngt). Dadurch ist der Stock weniger kopflastig, hat deutlich mehr Rebound und ist durch die &#8220;Firegrain&#8221; H\u00e4rtung trotzdem haltbar und stabil. &#8220;Active Grip&#8221; sorgt f\u00fcr besseren &#8220;Grip&#8221; ohne sich &#8220;klebrig&#8221; anzuf\u00fchlen. Gewicht pro Paar bei etwa 110 &#8211; 115 Gramm.<\/p>\n","protected":false},"featured_media":12812,"comment_status":"closed","ping_status":"closed","template":"","meta":{"_uag_custom_page_level_css":"","site-sidebar-layout":"default","site-content-layout":"","ast-site-content-layout":"default","site-content-style":"default","site-sidebar-style":"default","ast-global-header-display":"","ast-banner-title-visibility":"","ast-main-header-display":"","ast-hfb-above-header-display":"","ast-hfb-below-header-display":"","ast-hfb-mobile-header-display":"","site-post-title":"","ast-breadcrumbs-content":"","ast-featured-img":"","footer-sml-layout":"","ast-disable-related-posts":"","theme-transparent-header-meta":"default","adv-header-id-meta":"","stick-header-meta":"default","header-above-stick-meta":"","header-main-stick-meta":"","header-below-stick-meta":"","astra-migrate-meta-layouts":"set","ast-page-background-enabled":"default","ast-page-background-meta":{"desktop":{"background-color":"var(--ast-global-color-5)","background-image":"","background-repeat":"repeat","background-position":"center center","background-size":"auto","background-attachment":"scroll","background-type":"","background-media":"","overlay-type":"","overlay-color":"","overlay-opacity":"","overlay-gradient":""},"tablet":{"background-color":"","background-image":"","background-repeat":"repeat","background-position":"center center","background-size":"auto","background-attachment":"scroll","background-type":"","background-media":"","overlay-type":"","overlay-color":"","overlay-opacity":"","overlay-gradient":""},"mobile":{"background-color":"","background-image":"","background-repeat":"repeat","background-position":"center center","background-size":"auto","background-attachment":"scroll","background-type":"","background-media":"","overlay-type":"","overlay-color":"","overlay-opacity":"","overlay-gradient":""}},"ast-content-background-meta":{"desktop":{"background-color":"var(--ast-global-color-4)","background-image":"","background-repeat":"repeat","background-position":"center center","background-size":"auto","background-attachment":"scroll","background-type":"","background-media":"","overlay-type":"","overlay-color":"","overlay-opacity":"","overlay-gradient":""},"tablet":{"background-color":"var(--ast-global-color-4)","background-image":"","background-repeat":"repeat","background-position":"center center","background-size":"auto","background-attachment":"scroll","background-type":"","background-media":"","overlay-type":"","overlay-color":"","overlay-opacity":"","overlay-gradient":""},"mobile":{"background-color":"var(--ast-global-color-4)","background-image":"","background-repeat":"repeat","background-position":"center center","background-size":"auto","background-attachment":"scroll","background-type":"","background-media":"","overlay-type":"","overlay-color":"","overlay-opacity":"","overlay-gradient":""}}},"product_brand":[],"product_cat":[54],"product_tag":[340,341,342,343,344,345],"class_list":{"0":"post-12811","1":"product","2":"type-product","3":"status-publish","4":"has-post-thumbnail","6":"product_cat-unkategorisiert","7":"product_tag-claus","8":"product_tag-drumstick","9":"product_tag-hessler","10":"product_tag-promark","11":"product_tag-signature","12":"product_tag-signature-drumstick","13":"desktop-align-left","14":"tablet-align-left","15":"mobile-align-left","16":"ast-product-gallery-layout-horizontal-slider","17":"ast-product-gallery-with-no-image","18":"ast-product-tabs-layout-horizontal","20":"first","21":"instock","22":"taxable","23":"shipping-taxable","24":"purchasable","25":"product-type-simple"},"yoast_head":"<!-- This site is optimized with the Yoast SEO plugin v27.2 - https:\/\/yoast.com\/product\/yoast-seo-wordpress\/ -->\n<title>Claus Hessler Signature Drumstick (2 Paar) - Claus Hessler<\/title>\n<meta name=\"description\" content=\"Claus Hessler Signature Stick Promark, Firegrain, Active Grip,Claus Hessler Signature Stick, Promark, Firegrain, Active Grip, Drumstick,{:}\" \/>\n<meta name=\"robots\" content=\"index, follow, max-snippet:-1, max-image-preview:large, max-video-preview:-1\" \/>\n<link rel=\"canonical\" href=\"https:\/\/claushessler.com\/de\/produkt\/claus-hessler-signature-drumstick-2-paar\/\" \/>\n<meta property=\"og:locale\" content=\"de_DE\" \/>\n<meta property=\"og:type\" content=\"article\" \/>\n<meta property=\"og:title\" content=\"Claus Hessler Signature Drumstick (2 Paar) - Claus Hessler\" \/>\n<meta property=\"og:description\" content=\"Claus Hessler Signature Stick Promark, Firegrain, Active Grip,Claus Hessler Signature Stick, Promark, Firegrain, Active Grip, Drumstick,{:}\" \/>\n<meta property=\"og:url\" content=\"https:\/\/claushessler.com\/de\/produkt\/claus-hessler-signature-drumstick-2-paar\/\" \/>\n<meta property=\"og:site_name\" content=\"Claus Hessler\" \/>\n<meta property=\"article:publisher\" content=\"https:\/\/www.facebook.com\/pages\/Claus-Hessler\/131546556922809?ref=hl\" \/>\n<meta property=\"article:modified_time\" content=\"2026-02-16T18:10:11+00:00\" \/>\n<meta property=\"og:image\" content=\"https:\/\/claushessler.com\/wp-content\/uploads\/2026\/01\/IMG_2188-scaled-1.jpg\" \/>\n\t<meta property=\"og:image:width\" content=\"805\" \/>\n\t<meta property=\"og:image:height\" content=\"2560\" \/>\n\t<meta property=\"og:image:type\" content=\"image\/jpeg\" \/>\n<meta name=\"twitter:card\" content=\"summary_large_image\" \/>\n<meta name=\"twitter:label1\" content=\"Gesch\u00e4tzte Lesezeit\" \/>\n\t<meta name=\"twitter:data1\" content=\"1\u00a0Minute\" \/>\n<script type=\"application\/ld+json\" class=\"yoast-schema-graph\">{\"@context\":\"https:\/\/schema.org\",\"@graph\":[{\"@type\":\"WebPage\",\"@id\":\"https:\/\/claushessler.com\/de\/produkt\/claus-hessler-signature-drumstick-2-paar\/\",\"url\":\"https:\/\/claushessler.com\/de\/produkt\/claus-hessler-signature-drumstick-2-paar\/\",\"name\":\"Claus Hessler Signature Drumstick (2 Paar) - Claus Hessler\",\"isPartOf\":{\"@id\":\"https:\/\/claushessler.com\/de\/#website\"},\"primaryImageOfPage\":{\"@id\":\"https:\/\/claushessler.com\/de\/produkt\/claus-hessler-signature-drumstick-2-paar\/#primaryimage\"},\"image\":{\"@id\":\"https:\/\/claushessler.com\/de\/produkt\/claus-hessler-signature-drumstick-2-paar\/#primaryimage\"},\"thumbnailUrl\":\"https:\/\/claushessler.com\/wp-content\/uploads\/2026\/01\/IMG_2188-scaled-1.jpg\",\"datePublished\":\"2026-01-20T10:54:22+00:00\",\"dateModified\":\"2026-02-16T18:10:11+00:00\",\"description\":\"Claus Hessler Signature Stick Promark, Firegrain, Active Grip,Claus Hessler Signature Stick, Promark, Firegrain, Active Grip, Drumstick,{:}\",\"breadcrumb\":{\"@id\":\"https:\/\/claushessler.com\/de\/produkt\/claus-hessler-signature-drumstick-2-paar\/#breadcrumb\"},\"inLanguage\":\"de\",\"potentialAction\":[{\"@type\":\"ReadAction\",\"target\":[\"https:\/\/claushessler.com\/de\/produkt\/claus-hessler-signature-drumstick-2-paar\/\"]}]},{\"@type\":\"ImageObject\",\"inLanguage\":\"de\",\"@id\":\"https:\/\/claushessler.com\/de\/produkt\/claus-hessler-signature-drumstick-2-paar\/#primaryimage\",\"url\":\"https:\/\/claushessler.com\/wp-content\/uploads\/2026\/01\/IMG_2188-scaled-1.jpg\",\"contentUrl\":\"https:\/\/claushessler.com\/wp-content\/uploads\/2026\/01\/IMG_2188-scaled-1.jpg\",\"width\":805,\"height\":2560},{\"@type\":\"BreadcrumbList\",\"@id\":\"https:\/\/claushessler.com\/de\/produkt\/claus-hessler-signature-drumstick-2-paar\/#breadcrumb\",\"itemListElement\":[{\"@type\":\"ListItem\",\"position\":1,\"name\":\"Home\",\"item\":\"https:\/\/claushessler.com\/de\/\"},{\"@type\":\"ListItem\",\"position\":2,\"name\":\"Shop\",\"item\":\"https:\/\/claushessler.com\/de\/shop\/\"},{\"@type\":\"ListItem\",\"position\":3,\"name\":\"Claus Hessler Signature Drumstick (2 Paar)\"}]},{\"@type\":\"WebSite\",\"@id\":\"https:\/\/claushessler.com\/de\/#website\",\"url\":\"https:\/\/claushessler.com\/de\/\",\"name\":\"Claus Hessler\",\"description\":\"Drummer - Author - Educator\",\"publisher\":{\"@id\":\"https:\/\/claushessler.com\/de\/#\/schema\/person\/b317df3f4825771978aee494fd68a64a\"},\"potentialAction\":[{\"@type\":\"SearchAction\",\"target\":{\"@type\":\"EntryPoint\",\"urlTemplate\":\"https:\/\/claushessler.com\/de\/?s={search_term_string}\"},\"query-input\":{\"@type\":\"PropertyValueSpecification\",\"valueRequired\":true,\"valueName\":\"search_term_string\"}}],\"inLanguage\":\"de\"},{\"@type\":[\"Person\",\"Organization\"],\"@id\":\"https:\/\/claushessler.com\/de\/#\/schema\/person\/b317df3f4825771978aee494fd68a64a\",\"name\":\"Claus\",\"image\":{\"@type\":\"ImageObject\",\"inLanguage\":\"de\",\"@id\":\"https:\/\/claushessler.com\/wp-content\/uploads\/2026\/02\/Logobw.png\",\"url\":\"https:\/\/claushessler.com\/wp-content\/uploads\/2026\/02\/Logobw.png\",\"contentUrl\":\"https:\/\/claushessler.com\/wp-content\/uploads\/2026\/02\/Logobw.png\",\"width\":1596,\"height\":929,\"caption\":\"Claus\"},\"logo\":{\"@id\":\"https:\/\/claushessler.com\/wp-content\/uploads\/2026\/02\/Logobw.png\"},\"sameAs\":[\"http:\/\/claushessler.com\",\"https:\/\/www.facebook.com\/pages\/Claus-Hessler\/131546556922809?ref=hl\",\"https:\/\/www.instagram.com\/claus.hessler\",\"https:\/\/www.youtube.com\/@ClausHessler\"]}]}<\/script>\n<!-- \/ Yoast SEO plugin. -->","yoast_head_json":{"title":"Claus Hessler Signature Drumstick (2 Paar) - Claus Hessler","description":"Claus Hessler Signature Stick Promark, Firegrain, Active Grip,Claus Hessler Signature Stick, Promark, Firegrain, Active Grip, Drumstick,{:}","robots":{"index":"index","follow":"follow","max-snippet":"max-snippet:-1","max-image-preview":"max-image-preview:large","max-video-preview":"max-video-preview:-1"},"canonical":"https:\/\/claushessler.com\/de\/produkt\/claus-hessler-signature-drumstick-2-paar\/","og_locale":"de_DE","og_type":"article","og_title":"Claus Hessler Signature Drumstick (2 Paar) - Claus Hessler","og_description":"Claus Hessler Signature Stick Promark, Firegrain, Active Grip,Claus Hessler Signature Stick, Promark, Firegrain, Active Grip, Drumstick,{:}","og_url":"https:\/\/claushessler.com\/de\/produkt\/claus-hessler-signature-drumstick-2-paar\/","og_site_name":"Claus Hessler","article_publisher":"https:\/\/www.facebook.com\/pages\/Claus-Hessler\/131546556922809?ref=hl","article_modified_time":"2026-02-16T18:10:11+00:00","og_image":[{"width":805,"height":2560,"url":"https:\/\/claushessler.com\/wp-content\/uploads\/2026\/01\/IMG_2188-scaled-1.jpg","type":"image\/jpeg"}],"twitter_card":"summary_large_image","twitter_misc":{"Gesch\u00e4tzte Lesezeit":"1\u00a0Minute"},"schema":{"@context":"https:\/\/schema.org","@graph":[{"@type":"WebPage","@id":"https:\/\/claushessler.com\/de\/produkt\/claus-hessler-signature-drumstick-2-paar\/","url":"https:\/\/claushessler.com\/de\/produkt\/claus-hessler-signature-drumstick-2-paar\/","name":"Claus Hessler Signature Drumstick (2 Paar) - Claus Hessler","isPartOf":{"@id":"https:\/\/claushessler.com\/de\/#website"},"primaryImageOfPage":{"@id":"https:\/\/claushessler.com\/de\/produkt\/claus-hessler-signature-drumstick-2-paar\/#primaryimage"},"image":{"@id":"https:\/\/claushessler.com\/de\/produkt\/claus-hessler-signature-drumstick-2-paar\/#primaryimage"},"thumbnailUrl":"https:\/\/claushessler.com\/wp-content\/uploads\/2026\/01\/IMG_2188-scaled-1.jpg","datePublished":"2026-01-20T10:54:22+00:00","dateModified":"2026-02-16T18:10:11+00:00","description":"Claus Hessler Signature Stick Promark, Firegrain, Active Grip,Claus Hessler Signature Stick, Promark, Firegrain, Active Grip, Drumstick,{:}","breadcrumb":{"@id":"https:\/\/claushessler.com\/de\/produkt\/claus-hessler-signature-drumstick-2-paar\/#breadcrumb"},"inLanguage":"de","potentialAction":[{"@type":"ReadAction","target":["https:\/\/claushessler.com\/de\/produkt\/claus-hessler-signature-drumstick-2-paar\/"]}]},{"@type":"ImageObject","inLanguage":"de","@id":"https:\/\/claushessler.com\/de\/produkt\/claus-hessler-signature-drumstick-2-paar\/#primaryimage","url":"https:\/\/claushessler.com\/wp-content\/uploads\/2026\/01\/IMG_2188-scaled-1.jpg","contentUrl":"https:\/\/claushessler.com\/wp-content\/uploads\/2026\/01\/IMG_2188-scaled-1.jpg","width":805,"height":2560},{"@type":"BreadcrumbList","@id":"https:\/\/claushessler.com\/de\/produkt\/claus-hessler-signature-drumstick-2-paar\/#breadcrumb","itemListElement":[{"@type":"ListItem","position":1,"name":"Home","item":"https:\/\/claushessler.com\/de\/"},{"@type":"ListItem","position":2,"name":"Shop","item":"https:\/\/claushessler.com\/de\/shop\/"},{"@type":"ListItem","position":3,"name":"Claus Hessler Signature Drumstick (2 Paar)"}]},{"@type":"WebSite","@id":"https:\/\/claushessler.com\/de\/#website","url":"https:\/\/claushessler.com\/de\/","name":"Claus Hessler","description":"Drummer - Author - Educator","publisher":{"@id":"https:\/\/claushessler.com\/de\/#\/schema\/person\/b317df3f4825771978aee494fd68a64a"},"potentialAction":[{"@type":"SearchAction","target":{"@type":"EntryPoint","urlTemplate":"https:\/\/claushessler.com\/de\/?s={search_term_string}"},"query-input":{"@type":"PropertyValueSpecification","valueRequired":true,"valueName":"search_term_string"}}],"inLanguage":"de"},{"@type":["Person","Organization"],"@id":"https:\/\/claushessler.com\/de\/#\/schema\/person\/b317df3f4825771978aee494fd68a64a","name":"Claus","image":{"@type":"ImageObject","inLanguage":"de","@id":"https:\/\/claushessler.com\/wp-content\/uploads\/2026\/02\/Logobw.png","url":"https:\/\/claushessler.com\/wp-content\/uploads\/2026\/02\/Logobw.png","contentUrl":"https:\/\/claushessler.com\/wp-content\/uploads\/2026\/02\/Logobw.png","width":1596,"height":929,"caption":"Claus"},"logo":{"@id":"https:\/\/claushessler.com\/wp-content\/uploads\/2026\/02\/Logobw.png"},"sameAs":["http:\/\/claushessler.com","https:\/\/www.facebook.com\/pages\/Claus-Hessler\/131546556922809?ref=hl","https:\/\/www.instagram.com\/claus.hessler","https:\/\/www.youtube.com\/@ClausHessler"]}]}},"uagb_featured_image_src":{"full":["https:\/\/claushessler.com\/wp-content\/uploads\/2026\/01\/IMG_2188-scaled-1.jpg",805,2560,false],"thumbnail":["https:\/\/claushessler.com\/wp-content\/uploads\/2026\/01\/IMG_2188-scaled-1-150x150.jpg",150,150,true],"medium":["https:\/\/claushessler.com\/wp-content\/uploads\/2026\/01\/IMG_2188-scaled-1-94x300.jpg",94,300,true],"medium_large":["https:\/\/claushessler.com\/wp-content\/uploads\/2026\/01\/IMG_2188-scaled-1-768x2442.jpg",768,2442,true],"large":["https:\/\/claushessler.com\/wp-content\/uploads\/2026\/01\/IMG_2188-scaled-1-322x1024.jpg",322,1024,true],"1536x1536":["https:\/\/claushessler.com\/wp-content\/uploads\/2026\/01\/IMG_2188-scaled-1-483x1536.jpg",483,1536,true],"2048x2048":["https:\/\/claushessler.com\/wp-content\/uploads\/2026\/01\/IMG_2188-scaled-1-644x2048.jpg",644,2048,true],"woocommerce_thumbnail":["https:\/\/claushessler.com\/wp-content\/uploads\/2026\/01\/IMG_2188-scaled-1-400x400.jpg",400,400,true],"woocommerce_single":["https:\/\/claushessler.com\/wp-content\/uploads\/2026\/01\/IMG_2188-scaled-1-600x1908.jpg",600,1908,true],"woocommerce_gallery_thumbnail":["https:\/\/claushessler.com\/wp-content\/uploads\/2026\/01\/IMG_2188-scaled-1-100x100.jpg",100,100,true]},"uagb_author_info":{"display_name":"Matthias","author_link":"https:\/\/claushessler.com\/de\/author\/"},"uagb_comment_info":0,"uagb_excerpt":"0,565\" Durchmesser, 16,5\" L\u00e4nge, 3,5\" Schaft, kleiner, eichelf\u00f6rmiger wood tip. Der Stock ist l\u00e4nger als ein \"normaler\" 5A, hat aber einen deutlich l\u00e4ngeren \"Taper\" (also den Bereich, in dem der Stock sich verj\u00fcngt). Dadurch ist der Stock weniger kopflastig, hat deutlich mehr Rebound und ist durch die \"Firegrain\" H\u00e4rtung trotzdem haltbar und stabil. \"Active Grip\"&hellip;","_links":{"self":[{"href":"https:\/\/claushessler.com\/de\/wp-json\/wp\/v2\/product\/12811","targetHints":{"allow":["GET"]}}],"collection":[{"href":"https:\/\/claushessler.com\/de\/wp-json\/wp\/v2\/product"}],"about":[{"href":"https:\/\/claushessler.com\/de\/wp-json\/wp\/v2\/types\/product"}],"replies":[{"embeddable":true,"href":"https:\/\/claushessler.com\/de\/wp-json\/wp\/v2\/comments?post=12811"}],"wp:featuredmedia":[{"embeddable":true,"href":"https:\/\/claushessler.com\/de\/wp-json\/wp\/v2\/media\/12812"}],"wp:attachment":[{"href":"https:\/\/claushessler.com\/de\/wp-json\/wp\/v2\/media?parent=12811"}],"wp:term":[{"taxonomy":"product_brand","embeddable":true,"href":"https:\/\/claushessler.com\/de\/wp-json\/wp\/v2\/product_brand?post=12811"},{"taxonomy":"product_cat","embeddable":true,"href":"https:\/\/claushessler.com\/de\/wp-json\/wp\/v2\/product_cat?post=12811"},{"taxonomy":"product_tag","embeddable":true,"href":"https:\/\/claushessler.com\/de\/wp-json\/wp\/v2\/product_tag?post=12811"}],"curies":[{"name":"wp","href":"https:\/\/api.w.org\/{rel}","templated":true}]}}