{"id":12979,"date":"2026-01-20T10:54:22","date_gmt":"2026-01-20T10:54:22","guid":{"rendered":"https:\/\/claushessler.com\/product\/taladiddle-buch-poster-audio-cd-audio-download\/"},"modified":"2026-02-22T21:52:33","modified_gmt":"2026-02-22T21:52:33","slug":"taladiddle-buch-poster-audio-cd-audio-download","status":"publish","type":"product","link":"https:\/\/claushessler.com\/de\/produkt\/taladiddle-buch-poster-audio-cd-audio-download\/","title":{"rendered":"TALADIDDLE: Buch | Poster | Audio-CD | Audio-Download"},"content":{"rendered":"<p>Konnakol und s\u00fcdindische Rhythmen treffen Rudiments: Alles \u00fcber die Schnittmengen zwischen zwei rhythmischen Welten. Ost trifft West und umgekehrt. Das erste und einzige Buch seiner Art, das die Basics indischer Rhythmik verst\u00e4ndlich erkl\u00e4rt, St\u00fccke und Musik liefert UND eine Br\u00fccke zwischen karnatischer Musik und der Tradition der Rudiments aus der westlicher Musikkultur schl\u00e4gt. Testimonials von (in alphabetischer Reihenfolge): LUIS CONTE \u2013 DAVID GARIBALDI \u2013 ROHAN KRISHNAMURTHY \u2013 PETE LOCKETT \u2013 ANIKA NILLES \u2013 DAFNIS PRIETO \u2013 STEVE SMITH \u2013 SELVAGANESH VINAYAKRAM<\/p>\n<p>Die englische Version<a href=\"https:\/\/claushessler.com\/de\/produkt\/taladiddle-english-edition-book-mp3-cd-audio-download-poster\/\"> findest du hier<\/a>.<\/p>\n","protected":false},"excerpt":{"rendered":"<p>TALADIDDLE: Buch | Poster | Audio-CD | Audio-Download<\/p>\n","protected":false},"featured_media":12977,"comment_status":"closed","ping_status":"closed","template":"","meta":{"_uag_custom_page_level_css":"","site-sidebar-layout":"default","site-content-layout":"","ast-site-content-layout":"default","site-content-style":"default","site-sidebar-style":"default","ast-global-header-display":"","ast-banner-title-visibility":"","ast-main-header-display":"","ast-hfb-above-header-display":"","ast-hfb-below-header-display":"","ast-hfb-mobile-header-display":"","site-post-title":"","ast-breadcrumbs-content":"","ast-featured-img":"","footer-sml-layout":"","ast-disable-related-posts":"","theme-transparent-header-meta":"default","adv-header-id-meta":"","stick-header-meta":"default","header-above-stick-meta":"","header-main-stick-meta":"","header-below-stick-meta":"","astra-migrate-meta-layouts":"default","ast-page-background-enabled":"default","ast-page-background-meta":{"desktop":{"background-color":"var(--ast-global-color-5)","background-image":"","background-repeat":"repeat","background-position":"center center","background-size":"auto","background-attachment":"scroll","background-type":"","background-media":"","overlay-type":"","overlay-color":"","overlay-opacity":"","overlay-gradient":""},"tablet":{"background-color":"","background-image":"","background-repeat":"repeat","background-position":"center center","background-size":"auto","background-attachment":"scroll","background-type":"","background-media":"","overlay-type":"","overlay-color":"","overlay-opacity":"","overlay-gradient":""},"mobile":{"background-color":"","background-image":"","background-repeat":"repeat","background-position":"center center","background-size":"auto","background-attachment":"scroll","background-type":"","background-media":"","overlay-type":"","overlay-color":"","overlay-opacity":"","overlay-gradient":""}},"ast-content-background-meta":{"desktop":{"background-color":"var(--ast-global-color-4)","background-image":"","background-repeat":"repeat","background-position":"center center","background-size":"auto","background-attachment":"scroll","background-type":"","background-media":"","overlay-type":"","overlay-color":"","overlay-opacity":"","overlay-gradient":""},"tablet":{"background-color":"var(--ast-global-color-4)","background-image":"","background-repeat":"repeat","background-position":"center center","background-size":"auto","background-attachment":"scroll","background-type":"","background-media":"","overlay-type":"","overlay-color":"","overlay-opacity":"","overlay-gradient":""},"mobile":{"background-color":"var(--ast-global-color-4)","background-image":"","background-repeat":"repeat","background-position":"center center","background-size":"auto","background-attachment":"scroll","background-type":"","background-media":"","overlay-type":"","overlay-color":"","overlay-opacity":"","overlay-gradient":""}}},"product_brand":[],"product_cat":[348,349,350,331],"product_tag":[353,354,355,352,356,351,357],"class_list":{"0":"post-12979","1":"product","2":"type-product","3":"status-publish","4":"has-post-thumbnail","6":"product_cat-buch-2","7":"product_cat-cd-2","8":"product_cat-playalong","9":"product_cat-poster","10":"product_tag-drums","11":"product_tag-konnakol","12":"product_tag-odd-meter","13":"product_tag-playalongs","14":"product_tag-rhythmik","15":"product_tag-rudiments","16":"product_tag-solkattu","17":"desktop-align-left","18":"tablet-align-left","19":"mobile-align-left","20":"ast-product-gallery-layout-horizontal-slider","21":"ast-product-tabs-layout-horizontal","23":"first","24":"instock","25":"taxable","26":"shipping-taxable","27":"purchasable","28":"product-type-simple"},"yoast_head":"<!-- This site is optimized with the Yoast SEO plugin v27.2 - https:\/\/yoast.com\/product\/yoast-seo-wordpress\/ -->\n<title>TALADIDDLE: Buch | Poster | Audio-CD | Audio-Download - Claus Hessler<\/title>\n<meta name=\"robots\" content=\"index, follow, max-snippet:-1, max-image-preview:large, max-video-preview:-1\" \/>\n<link rel=\"canonical\" href=\"https:\/\/claushessler.com\/de\/produkt\/taladiddle-buch-poster-audio-cd-audio-download\/\" \/>\n<meta property=\"og:locale\" content=\"de_DE\" \/>\n<meta property=\"og:type\" content=\"article\" \/>\n<meta property=\"og:title\" content=\"TALADIDDLE: Buch | Poster | Audio-CD | Audio-Download - Claus Hessler\" \/>\n<meta property=\"og:description\" content=\"TALADIDDLE: Buch | Poster | Audio-CD | Audio-Download\" \/>\n<meta property=\"og:url\" content=\"https:\/\/claushessler.com\/de\/produkt\/taladiddle-buch-poster-audio-cd-audio-download\/\" \/>\n<meta property=\"og:site_name\" content=\"Claus Hessler\" \/>\n<meta property=\"article:publisher\" content=\"https:\/\/www.facebook.com\/pages\/Claus-Hessler\/131546556922809?ref=hl\" \/>\n<meta property=\"article:modified_time\" content=\"2026-02-22T21:52:33+00:00\" \/>\n<meta property=\"og:image\" content=\"https:\/\/claushessler.com\/wp-content\/uploads\/2026\/01\/Taladiddle-Deutsch-Cover-20297g-e1647707903665.jpg\" \/>\n\t<meta property=\"og:image:width\" content=\"591\" \/>\n\t<meta property=\"og:image:height\" content=\"543\" \/>\n\t<meta property=\"og:image:type\" content=\"image\/jpeg\" \/>\n<meta name=\"twitter:card\" content=\"summary_large_image\" \/>\n<script type=\"application\/ld+json\" class=\"yoast-schema-graph\">{\"@context\":\"https:\/\/schema.org\",\"@graph\":[{\"@type\":\"WebPage\",\"@id\":\"https:\/\/claushessler.com\/de\/produkt\/taladiddle-buch-poster-audio-cd-audio-download\/\",\"url\":\"https:\/\/claushessler.com\/de\/produkt\/taladiddle-buch-poster-audio-cd-audio-download\/\",\"name\":\"TALADIDDLE: Buch | Poster | Audio-CD | Audio-Download - Claus Hessler\",\"isPartOf\":{\"@id\":\"https:\/\/claushessler.com\/de\/#website\"},\"primaryImageOfPage\":{\"@id\":\"https:\/\/claushessler.com\/de\/produkt\/taladiddle-buch-poster-audio-cd-audio-download\/#primaryimage\"},\"image\":{\"@id\":\"https:\/\/claushessler.com\/de\/produkt\/taladiddle-buch-poster-audio-cd-audio-download\/#primaryimage\"},\"thumbnailUrl\":\"https:\/\/claushessler.com\/wp-content\/uploads\/2026\/01\/Taladiddle-Deutsch-Cover-20297g-e1647707903665.jpg\",\"datePublished\":\"2026-01-20T10:54:22+00:00\",\"dateModified\":\"2026-02-22T21:52:33+00:00\",\"breadcrumb\":{\"@id\":\"https:\/\/claushessler.com\/de\/produkt\/taladiddle-buch-poster-audio-cd-audio-download\/#breadcrumb\"},\"inLanguage\":\"de\",\"potentialAction\":[{\"@type\":\"ReadAction\",\"target\":[\"https:\/\/claushessler.com\/de\/produkt\/taladiddle-buch-poster-audio-cd-audio-download\/\"]}]},{\"@type\":\"ImageObject\",\"inLanguage\":\"de\",\"@id\":\"https:\/\/claushessler.com\/de\/produkt\/taladiddle-buch-poster-audio-cd-audio-download\/#primaryimage\",\"url\":\"https:\/\/claushessler.com\/wp-content\/uploads\/2026\/01\/Taladiddle-Deutsch-Cover-20297g-e1647707903665.jpg\",\"contentUrl\":\"https:\/\/claushessler.com\/wp-content\/uploads\/2026\/01\/Taladiddle-Deutsch-Cover-20297g-e1647707903665.jpg\",\"width\":591,\"height\":543},{\"@type\":\"BreadcrumbList\",\"@id\":\"https:\/\/claushessler.com\/de\/produkt\/taladiddle-buch-poster-audio-cd-audio-download\/#breadcrumb\",\"itemListElement\":[{\"@type\":\"ListItem\",\"position\":1,\"name\":\"Home\",\"item\":\"https:\/\/claushessler.com\/de\/\"},{\"@type\":\"ListItem\",\"position\":2,\"name\":\"Shop\",\"item\":\"https:\/\/claushessler.com\/de\/shop\/\"},{\"@type\":\"ListItem\",\"position\":3,\"name\":\"TALADIDDLE: Buch | Poster | Audio-CD | Audio-Download\"}]},{\"@type\":\"WebSite\",\"@id\":\"https:\/\/claushessler.com\/de\/#website\",\"url\":\"https:\/\/claushessler.com\/de\/\",\"name\":\"Claus Hessler\",\"description\":\"Drummer - Author - Educator\",\"publisher\":{\"@id\":\"https:\/\/claushessler.com\/de\/#\/schema\/person\/b317df3f4825771978aee494fd68a64a\"},\"potentialAction\":[{\"@type\":\"SearchAction\",\"target\":{\"@type\":\"EntryPoint\",\"urlTemplate\":\"https:\/\/claushessler.com\/de\/?s={search_term_string}\"},\"query-input\":{\"@type\":\"PropertyValueSpecification\",\"valueRequired\":true,\"valueName\":\"search_term_string\"}}],\"inLanguage\":\"de\"},{\"@type\":[\"Person\",\"Organization\"],\"@id\":\"https:\/\/claushessler.com\/de\/#\/schema\/person\/b317df3f4825771978aee494fd68a64a\",\"name\":\"Claus\",\"image\":{\"@type\":\"ImageObject\",\"inLanguage\":\"de\",\"@id\":\"https:\/\/claushessler.com\/wp-content\/uploads\/2026\/02\/Logobw.png\",\"url\":\"https:\/\/claushessler.com\/wp-content\/uploads\/2026\/02\/Logobw.png\",\"contentUrl\":\"https:\/\/claushessler.com\/wp-content\/uploads\/2026\/02\/Logobw.png\",\"width\":1596,\"height\":929,\"caption\":\"Claus\"},\"logo\":{\"@id\":\"https:\/\/claushessler.com\/wp-content\/uploads\/2026\/02\/Logobw.png\"},\"sameAs\":[\"http:\/\/claushessler.com\",\"https:\/\/www.facebook.com\/pages\/Claus-Hessler\/131546556922809?ref=hl\",\"https:\/\/www.instagram.com\/claus.hessler\",\"https:\/\/www.youtube.com\/@ClausHessler\"]}]}<\/script>\n<!-- \/ Yoast SEO plugin. -->","yoast_head_json":{"title":"TALADIDDLE: Buch | Poster | Audio-CD | Audio-Download - Claus Hessler","robots":{"index":"index","follow":"follow","max-snippet":"max-snippet:-1","max-image-preview":"max-image-preview:large","max-video-preview":"max-video-preview:-1"},"canonical":"https:\/\/claushessler.com\/de\/produkt\/taladiddle-buch-poster-audio-cd-audio-download\/","og_locale":"de_DE","og_type":"article","og_title":"TALADIDDLE: Buch | Poster | Audio-CD | Audio-Download - Claus Hessler","og_description":"TALADIDDLE: Buch | Poster | Audio-CD | Audio-Download","og_url":"https:\/\/claushessler.com\/de\/produkt\/taladiddle-buch-poster-audio-cd-audio-download\/","og_site_name":"Claus Hessler","article_publisher":"https:\/\/www.facebook.com\/pages\/Claus-Hessler\/131546556922809?ref=hl","article_modified_time":"2026-02-22T21:52:33+00:00","og_image":[{"width":591,"height":543,"url":"https:\/\/claushessler.com\/wp-content\/uploads\/2026\/01\/Taladiddle-Deutsch-Cover-20297g-e1647707903665.jpg","type":"image\/jpeg"}],"twitter_card":"summary_large_image","schema":{"@context":"https:\/\/schema.org","@graph":[{"@type":"WebPage","@id":"https:\/\/claushessler.com\/de\/produkt\/taladiddle-buch-poster-audio-cd-audio-download\/","url":"https:\/\/claushessler.com\/de\/produkt\/taladiddle-buch-poster-audio-cd-audio-download\/","name":"TALADIDDLE: Buch | Poster | Audio-CD | Audio-Download - Claus Hessler","isPartOf":{"@id":"https:\/\/claushessler.com\/de\/#website"},"primaryImageOfPage":{"@id":"https:\/\/claushessler.com\/de\/produkt\/taladiddle-buch-poster-audio-cd-audio-download\/#primaryimage"},"image":{"@id":"https:\/\/claushessler.com\/de\/produkt\/taladiddle-buch-poster-audio-cd-audio-download\/#primaryimage"},"thumbnailUrl":"https:\/\/claushessler.com\/wp-content\/uploads\/2026\/01\/Taladiddle-Deutsch-Cover-20297g-e1647707903665.jpg","datePublished":"2026-01-20T10:54:22+00:00","dateModified":"2026-02-22T21:52:33+00:00","breadcrumb":{"@id":"https:\/\/claushessler.com\/de\/produkt\/taladiddle-buch-poster-audio-cd-audio-download\/#breadcrumb"},"inLanguage":"de","potentialAction":[{"@type":"ReadAction","target":["https:\/\/claushessler.com\/de\/produkt\/taladiddle-buch-poster-audio-cd-audio-download\/"]}]},{"@type":"ImageObject","inLanguage":"de","@id":"https:\/\/claushessler.com\/de\/produkt\/taladiddle-buch-poster-audio-cd-audio-download\/#primaryimage","url":"https:\/\/claushessler.com\/wp-content\/uploads\/2026\/01\/Taladiddle-Deutsch-Cover-20297g-e1647707903665.jpg","contentUrl":"https:\/\/claushessler.com\/wp-content\/uploads\/2026\/01\/Taladiddle-Deutsch-Cover-20297g-e1647707903665.jpg","width":591,"height":543},{"@type":"BreadcrumbList","@id":"https:\/\/claushessler.com\/de\/produkt\/taladiddle-buch-poster-audio-cd-audio-download\/#breadcrumb","itemListElement":[{"@type":"ListItem","position":1,"name":"Home","item":"https:\/\/claushessler.com\/de\/"},{"@type":"ListItem","position":2,"name":"Shop","item":"https:\/\/claushessler.com\/de\/shop\/"},{"@type":"ListItem","position":3,"name":"TALADIDDLE: Buch | Poster | Audio-CD | Audio-Download"}]},{"@type":"WebSite","@id":"https:\/\/claushessler.com\/de\/#website","url":"https:\/\/claushessler.com\/de\/","name":"Claus Hessler","description":"Drummer - Author - Educator","publisher":{"@id":"https:\/\/claushessler.com\/de\/#\/schema\/person\/b317df3f4825771978aee494fd68a64a"},"potentialAction":[{"@type":"SearchAction","target":{"@type":"EntryPoint","urlTemplate":"https:\/\/claushessler.com\/de\/?s={search_term_string}"},"query-input":{"@type":"PropertyValueSpecification","valueRequired":true,"valueName":"search_term_string"}}],"inLanguage":"de"},{"@type":["Person","Organization"],"@id":"https:\/\/claushessler.com\/de\/#\/schema\/person\/b317df3f4825771978aee494fd68a64a","name":"Claus","image":{"@type":"ImageObject","inLanguage":"de","@id":"https:\/\/claushessler.com\/wp-content\/uploads\/2026\/02\/Logobw.png","url":"https:\/\/claushessler.com\/wp-content\/uploads\/2026\/02\/Logobw.png","contentUrl":"https:\/\/claushessler.com\/wp-content\/uploads\/2026\/02\/Logobw.png","width":1596,"height":929,"caption":"Claus"},"logo":{"@id":"https:\/\/claushessler.com\/wp-content\/uploads\/2026\/02\/Logobw.png"},"sameAs":["http:\/\/claushessler.com","https:\/\/www.facebook.com\/pages\/Claus-Hessler\/131546556922809?ref=hl","https:\/\/www.instagram.com\/claus.hessler","https:\/\/www.youtube.com\/@ClausHessler"]}]}},"uagb_featured_image_src":{"full":["https:\/\/claushessler.com\/wp-content\/uploads\/2026\/01\/Taladiddle-Deutsch-Cover-20297g-e1647707903665.jpg",591,543,false],"thumbnail":["https:\/\/claushessler.com\/wp-content\/uploads\/2026\/01\/Taladiddle-Deutsch-Cover-20297g-e1647707903665-150x150.jpg",150,150,true],"medium":["https:\/\/claushessler.com\/wp-content\/uploads\/2026\/01\/Taladiddle-Deutsch-Cover-20297g-e1647707903665-300x276.jpg",300,276,true],"medium_large":["https:\/\/claushessler.com\/wp-content\/uploads\/2026\/01\/Taladiddle-Deutsch-Cover-20297g-e1647707903665.jpg",591,543,false],"large":["https:\/\/claushessler.com\/wp-content\/uploads\/2026\/01\/Taladiddle-Deutsch-Cover-20297g-e1647707903665.jpg",591,543,false],"1536x1536":["https:\/\/claushessler.com\/wp-content\/uploads\/2026\/01\/Taladiddle-Deutsch-Cover-20297g-e1647707903665.jpg",591,543,false],"2048x2048":["https:\/\/claushessler.com\/wp-content\/uploads\/2026\/01\/Taladiddle-Deutsch-Cover-20297g-e1647707903665.jpg",591,543,false],"woocommerce_thumbnail":["https:\/\/claushessler.com\/wp-content\/uploads\/2026\/01\/Taladiddle-Deutsch-Cover-20297g-e1647707903665-400x400.jpg",400,400,true],"woocommerce_single":["https:\/\/claushessler.com\/wp-content\/uploads\/2026\/01\/Taladiddle-Deutsch-Cover-20297g-e1647707903665.jpg",591,543,false],"woocommerce_gallery_thumbnail":["https:\/\/claushessler.com\/wp-content\/uploads\/2026\/01\/Taladiddle-Deutsch-Cover-20297g-e1647707903665-100x100.jpg",100,100,true]},"uagb_author_info":{"display_name":"Matthias","author_link":"https:\/\/claushessler.com\/de\/author\/"},"uagb_comment_info":0,"uagb_excerpt":"TALADIDDLE: Buch | Poster | Audio-CD | Audio-Download","_links":{"self":[{"href":"https:\/\/claushessler.com\/de\/wp-json\/wp\/v2\/product\/12979","targetHints":{"allow":["GET"]}}],"collection":[{"href":"https:\/\/claushessler.com\/de\/wp-json\/wp\/v2\/product"}],"about":[{"href":"https:\/\/claushessler.com\/de\/wp-json\/wp\/v2\/types\/product"}],"replies":[{"embeddable":true,"href":"https:\/\/claushessler.com\/de\/wp-json\/wp\/v2\/comments?post=12979"}],"wp:featuredmedia":[{"embeddable":true,"href":"https:\/\/claushessler.com\/de\/wp-json\/wp\/v2\/media\/12977"}],"wp:attachment":[{"href":"https:\/\/claushessler.com\/de\/wp-json\/wp\/v2\/media?parent=12979"}],"wp:term":[{"taxonomy":"product_brand","embeddable":true,"href":"https:\/\/claushessler.com\/de\/wp-json\/wp\/v2\/product_brand?post=12979"},{"taxonomy":"product_cat","embeddable":true,"href":"https:\/\/claushessler.com\/de\/wp-json\/wp\/v2\/product_cat?post=12979"},{"taxonomy":"product_tag","embeddable":true,"href":"https:\/\/claushessler.com\/de\/wp-json\/wp\/v2\/product_tag?post=12979"}],"curies":[{"name":"wp","href":"https:\/\/api.w.org\/{rel}","templated":true}]}}