{"id":12984,"date":"2026-01-20T10:54:22","date_gmt":"2026-01-20T10:54:22","guid":{"rendered":"https:\/\/claushessler.com\/product\/doms-pad-stick-2-paar\/"},"modified":"2026-02-22T21:46:50","modified_gmt":"2026-02-22T21:46:50","slug":"doms-pad-stick-2-paar","status":"publish","type":"product","link":"https:\/\/claushessler.com\/de\/produkt\/doms-pad-stick-2-paar\/","title":{"rendered":"Dom&#8217;s PAD STICK (2 Paar)"},"content":{"rendered":"<p><strong>LEIDER SCHON WIEDER VERGRIFFEN &#8211; DERZEIT NICHT LIEFERBAR \ud83d\ude41<\/strong><\/p>\n<p>Der ultimative Stock f\u00fcr eure \u00dcbesession auf dem Practice-Pad. In der Tradition von Drummern\/Lehrern wie Jim Chapin, Joe Morello oder Shelly Manne: Ein gross dimensionierter aber gleichzeitig leichter Stock, mit dem ihr Reboundverhalten deutlich besser kultivieren und trainieren k\u00f6nnt. Ahorn\/ &#8220;Sugar Maple&#8221; &#8211; runde, kugelf\u00f6rmige Spitze, leichte \u00dcberl\u00e4nge und etwas fr\u00fcher einsetzender &#8220;Taper&#8221;. Ihr werdet ihn wahrscheinlich nicht mehr missen wollen, wenn ihr mal damit angefangen habt. Au\u00dferdem ideal f\u00fcr &#8220;field drum&#8221; und Basler Trommel. VERSANDEINHEIT: 2 PAAR.    <\/p>\n","protected":false},"excerpt":{"rendered":"<p>Das ultimative tool f\u00fcr eure Pad-Session!<\/p>\n","protected":false},"featured_media":12983,"comment_status":"closed","ping_status":"closed","template":"","meta":{"_uag_custom_page_level_css":"","site-sidebar-layout":"default","site-content-layout":"","ast-site-content-layout":"default","site-content-style":"default","site-sidebar-style":"default","ast-global-header-display":"","ast-banner-title-visibility":"","ast-main-header-display":"","ast-hfb-above-header-display":"","ast-hfb-below-header-display":"","ast-hfb-mobile-header-display":"","site-post-title":"","ast-breadcrumbs-content":"","ast-featured-img":"","footer-sml-layout":"","ast-disable-related-posts":"","theme-transparent-header-meta":"default","adv-header-id-meta":"","stick-header-meta":"default","header-above-stick-meta":"","header-main-stick-meta":"","header-below-stick-meta":"","astra-migrate-meta-layouts":"default","ast-page-background-enabled":"default","ast-page-background-meta":{"desktop":{"background-color":"var(--ast-global-color-5)","background-image":"","background-repeat":"repeat","background-position":"center center","background-size":"auto","background-attachment":"scroll","background-type":"","background-media":"","overlay-type":"","overlay-color":"","overlay-opacity":"","overlay-gradient":""},"tablet":{"background-color":"","background-image":"","background-repeat":"repeat","background-position":"center center","background-size":"auto","background-attachment":"scroll","background-type":"","background-media":"","overlay-type":"","overlay-color":"","overlay-opacity":"","overlay-gradient":""},"mobile":{"background-color":"","background-image":"","background-repeat":"repeat","background-position":"center center","background-size":"auto","background-attachment":"scroll","background-type":"","background-media":"","overlay-type":"","overlay-color":"","overlay-opacity":"","overlay-gradient":""}},"ast-content-background-meta":{"desktop":{"background-color":"var(--ast-global-color-4)","background-image":"","background-repeat":"repeat","background-position":"center center","background-size":"auto","background-attachment":"scroll","background-type":"","background-media":"","overlay-type":"","overlay-color":"","overlay-opacity":"","overlay-gradient":""},"tablet":{"background-color":"var(--ast-global-color-4)","background-image":"","background-repeat":"repeat","background-position":"center center","background-size":"auto","background-attachment":"scroll","background-type":"","background-media":"","overlay-type":"","overlay-color":"","overlay-opacity":"","overlay-gradient":""},"mobile":{"background-color":"var(--ast-global-color-4)","background-image":"","background-repeat":"repeat","background-position":"center center","background-size":"auto","background-attachment":"scroll","background-type":"","background-media":"","overlay-type":"","overlay-color":"","overlay-opacity":"","overlay-gradient":""}}},"product_brand":[],"product_cat":[54],"product_tag":[363,332,364,341,365,366,367],"class_list":{"0":"post-12984","1":"product","2":"type-product","3":"status-publish","4":"has-post-thumbnail","6":"product_cat-unkategorisiert","7":"product_tag-dom","8":"product_tag-dom-famularo","9":"product_tag-doms-pad-stick","10":"product_tag-drumstick","11":"product_tag-pad","12":"product_tag-pad-stick","13":"product_tag-singature-drumstick","14":"desktop-align-left","15":"tablet-align-left","16":"mobile-align-left","17":"ast-product-gallery-layout-horizontal-slider","18":"ast-product-gallery-with-no-image","19":"ast-product-tabs-layout-horizontal","21":"first","22":"outofstock","23":"taxable","24":"shipping-taxable","25":"purchasable","26":"product-type-simple"},"yoast_head":"<!-- This site is optimized with the Yoast SEO plugin v27.2 - https:\/\/yoast.com\/product\/yoast-seo-wordpress\/ -->\n<title>Dom&#039;s PAD STICK (2 Paar) - Claus Hessler<\/title>\n<meta name=\"robots\" content=\"index, follow, max-snippet:-1, max-image-preview:large, max-video-preview:-1\" \/>\n<link rel=\"canonical\" href=\"https:\/\/claushessler.com\/de\/produkt\/doms-pad-stick-2-paar\/\" \/>\n<meta property=\"og:locale\" content=\"de_DE\" \/>\n<meta property=\"og:type\" content=\"article\" \/>\n<meta property=\"og:title\" content=\"Dom&#039;s PAD STICK (2 Paar) - Claus Hessler\" \/>\n<meta property=\"og:description\" content=\"Das ultimative tool f\u00fcr eure Pad-Session!\" \/>\n<meta property=\"og:url\" content=\"https:\/\/claushessler.com\/de\/produkt\/doms-pad-stick-2-paar\/\" \/>\n<meta property=\"og:site_name\" content=\"Claus Hessler\" \/>\n<meta property=\"article:publisher\" content=\"https:\/\/www.facebook.com\/pages\/Claus-Hessler\/131546556922809?ref=hl\" \/>\n<meta property=\"article:modified_time\" content=\"2026-02-22T21:46:50+00:00\" \/>\n<meta property=\"og:image\" content=\"https:\/\/claushessler.com\/wp-content\/uploads\/2026\/01\/2239FBEE-AC39-46C7-A11A-887950FF2369.jpg\" \/>\n\t<meta property=\"og:image:width\" content=\"2048\" \/>\n\t<meta property=\"og:image:height\" content=\"2048\" \/>\n\t<meta property=\"og:image:type\" content=\"image\/jpeg\" \/>\n<meta name=\"twitter:card\" content=\"summary_large_image\" \/>\n<script type=\"application\/ld+json\" class=\"yoast-schema-graph\">{\"@context\":\"https:\/\/schema.org\",\"@graph\":[{\"@type\":\"WebPage\",\"@id\":\"https:\/\/claushessler.com\/de\/produkt\/doms-pad-stick-2-paar\/\",\"url\":\"https:\/\/claushessler.com\/de\/produkt\/doms-pad-stick-2-paar\/\",\"name\":\"Dom's PAD STICK (2 Paar) - Claus Hessler\",\"isPartOf\":{\"@id\":\"https:\/\/claushessler.com\/de\/#website\"},\"primaryImageOfPage\":{\"@id\":\"https:\/\/claushessler.com\/de\/produkt\/doms-pad-stick-2-paar\/#primaryimage\"},\"image\":{\"@id\":\"https:\/\/claushessler.com\/de\/produkt\/doms-pad-stick-2-paar\/#primaryimage\"},\"thumbnailUrl\":\"https:\/\/claushessler.com\/wp-content\/uploads\/2026\/01\/2239FBEE-AC39-46C7-A11A-887950FF2369.jpg\",\"datePublished\":\"2026-01-20T10:54:22+00:00\",\"dateModified\":\"2026-02-22T21:46:50+00:00\",\"breadcrumb\":{\"@id\":\"https:\/\/claushessler.com\/de\/produkt\/doms-pad-stick-2-paar\/#breadcrumb\"},\"inLanguage\":\"de\",\"potentialAction\":[{\"@type\":\"ReadAction\",\"target\":[\"https:\/\/claushessler.com\/de\/produkt\/doms-pad-stick-2-paar\/\"]}]},{\"@type\":\"ImageObject\",\"inLanguage\":\"de\",\"@id\":\"https:\/\/claushessler.com\/de\/produkt\/doms-pad-stick-2-paar\/#primaryimage\",\"url\":\"https:\/\/claushessler.com\/wp-content\/uploads\/2026\/01\/2239FBEE-AC39-46C7-A11A-887950FF2369.jpg\",\"contentUrl\":\"https:\/\/claushessler.com\/wp-content\/uploads\/2026\/01\/2239FBEE-AC39-46C7-A11A-887950FF2369.jpg\",\"width\":2048,\"height\":2048},{\"@type\":\"BreadcrumbList\",\"@id\":\"https:\/\/claushessler.com\/de\/produkt\/doms-pad-stick-2-paar\/#breadcrumb\",\"itemListElement\":[{\"@type\":\"ListItem\",\"position\":1,\"name\":\"Home\",\"item\":\"https:\/\/claushessler.com\/de\/\"},{\"@type\":\"ListItem\",\"position\":2,\"name\":\"Shop\",\"item\":\"https:\/\/claushessler.com\/de\/shop\/\"},{\"@type\":\"ListItem\",\"position\":3,\"name\":\"Dom&#8217;s PAD STICK (2 Paar)\"}]},{\"@type\":\"WebSite\",\"@id\":\"https:\/\/claushessler.com\/de\/#website\",\"url\":\"https:\/\/claushessler.com\/de\/\",\"name\":\"Claus Hessler\",\"description\":\"Drummer - Author - Educator\",\"publisher\":{\"@id\":\"https:\/\/claushessler.com\/de\/#\/schema\/person\/b317df3f4825771978aee494fd68a64a\"},\"potentialAction\":[{\"@type\":\"SearchAction\",\"target\":{\"@type\":\"EntryPoint\",\"urlTemplate\":\"https:\/\/claushessler.com\/de\/?s={search_term_string}\"},\"query-input\":{\"@type\":\"PropertyValueSpecification\",\"valueRequired\":true,\"valueName\":\"search_term_string\"}}],\"inLanguage\":\"de\"},{\"@type\":[\"Person\",\"Organization\"],\"@id\":\"https:\/\/claushessler.com\/de\/#\/schema\/person\/b317df3f4825771978aee494fd68a64a\",\"name\":\"Claus\",\"image\":{\"@type\":\"ImageObject\",\"inLanguage\":\"de\",\"@id\":\"https:\/\/claushessler.com\/wp-content\/uploads\/2026\/02\/Logobw.png\",\"url\":\"https:\/\/claushessler.com\/wp-content\/uploads\/2026\/02\/Logobw.png\",\"contentUrl\":\"https:\/\/claushessler.com\/wp-content\/uploads\/2026\/02\/Logobw.png\",\"width\":1596,\"height\":929,\"caption\":\"Claus\"},\"logo\":{\"@id\":\"https:\/\/claushessler.com\/wp-content\/uploads\/2026\/02\/Logobw.png\"},\"sameAs\":[\"http:\/\/claushessler.com\",\"https:\/\/www.facebook.com\/pages\/Claus-Hessler\/131546556922809?ref=hl\",\"https:\/\/www.instagram.com\/claus.hessler\",\"https:\/\/www.youtube.com\/@ClausHessler\"]}]}<\/script>\n<!-- \/ Yoast SEO plugin. -->","yoast_head_json":{"title":"Dom's PAD STICK (2 Paar) - Claus Hessler","robots":{"index":"index","follow":"follow","max-snippet":"max-snippet:-1","max-image-preview":"max-image-preview:large","max-video-preview":"max-video-preview:-1"},"canonical":"https:\/\/claushessler.com\/de\/produkt\/doms-pad-stick-2-paar\/","og_locale":"de_DE","og_type":"article","og_title":"Dom's PAD STICK (2 Paar) - Claus Hessler","og_description":"Das ultimative tool f\u00fcr eure Pad-Session!","og_url":"https:\/\/claushessler.com\/de\/produkt\/doms-pad-stick-2-paar\/","og_site_name":"Claus Hessler","article_publisher":"https:\/\/www.facebook.com\/pages\/Claus-Hessler\/131546556922809?ref=hl","article_modified_time":"2026-02-22T21:46:50+00:00","og_image":[{"width":2048,"height":2048,"url":"https:\/\/claushessler.com\/wp-content\/uploads\/2026\/01\/2239FBEE-AC39-46C7-A11A-887950FF2369.jpg","type":"image\/jpeg"}],"twitter_card":"summary_large_image","schema":{"@context":"https:\/\/schema.org","@graph":[{"@type":"WebPage","@id":"https:\/\/claushessler.com\/de\/produkt\/doms-pad-stick-2-paar\/","url":"https:\/\/claushessler.com\/de\/produkt\/doms-pad-stick-2-paar\/","name":"Dom's PAD STICK (2 Paar) - Claus Hessler","isPartOf":{"@id":"https:\/\/claushessler.com\/de\/#website"},"primaryImageOfPage":{"@id":"https:\/\/claushessler.com\/de\/produkt\/doms-pad-stick-2-paar\/#primaryimage"},"image":{"@id":"https:\/\/claushessler.com\/de\/produkt\/doms-pad-stick-2-paar\/#primaryimage"},"thumbnailUrl":"https:\/\/claushessler.com\/wp-content\/uploads\/2026\/01\/2239FBEE-AC39-46C7-A11A-887950FF2369.jpg","datePublished":"2026-01-20T10:54:22+00:00","dateModified":"2026-02-22T21:46:50+00:00","breadcrumb":{"@id":"https:\/\/claushessler.com\/de\/produkt\/doms-pad-stick-2-paar\/#breadcrumb"},"inLanguage":"de","potentialAction":[{"@type":"ReadAction","target":["https:\/\/claushessler.com\/de\/produkt\/doms-pad-stick-2-paar\/"]}]},{"@type":"ImageObject","inLanguage":"de","@id":"https:\/\/claushessler.com\/de\/produkt\/doms-pad-stick-2-paar\/#primaryimage","url":"https:\/\/claushessler.com\/wp-content\/uploads\/2026\/01\/2239FBEE-AC39-46C7-A11A-887950FF2369.jpg","contentUrl":"https:\/\/claushessler.com\/wp-content\/uploads\/2026\/01\/2239FBEE-AC39-46C7-A11A-887950FF2369.jpg","width":2048,"height":2048},{"@type":"BreadcrumbList","@id":"https:\/\/claushessler.com\/de\/produkt\/doms-pad-stick-2-paar\/#breadcrumb","itemListElement":[{"@type":"ListItem","position":1,"name":"Home","item":"https:\/\/claushessler.com\/de\/"},{"@type":"ListItem","position":2,"name":"Shop","item":"https:\/\/claushessler.com\/de\/shop\/"},{"@type":"ListItem","position":3,"name":"Dom&#8217;s PAD STICK (2 Paar)"}]},{"@type":"WebSite","@id":"https:\/\/claushessler.com\/de\/#website","url":"https:\/\/claushessler.com\/de\/","name":"Claus Hessler","description":"Drummer - Author - Educator","publisher":{"@id":"https:\/\/claushessler.com\/de\/#\/schema\/person\/b317df3f4825771978aee494fd68a64a"},"potentialAction":[{"@type":"SearchAction","target":{"@type":"EntryPoint","urlTemplate":"https:\/\/claushessler.com\/de\/?s={search_term_string}"},"query-input":{"@type":"PropertyValueSpecification","valueRequired":true,"valueName":"search_term_string"}}],"inLanguage":"de"},{"@type":["Person","Organization"],"@id":"https:\/\/claushessler.com\/de\/#\/schema\/person\/b317df3f4825771978aee494fd68a64a","name":"Claus","image":{"@type":"ImageObject","inLanguage":"de","@id":"https:\/\/claushessler.com\/wp-content\/uploads\/2026\/02\/Logobw.png","url":"https:\/\/claushessler.com\/wp-content\/uploads\/2026\/02\/Logobw.png","contentUrl":"https:\/\/claushessler.com\/wp-content\/uploads\/2026\/02\/Logobw.png","width":1596,"height":929,"caption":"Claus"},"logo":{"@id":"https:\/\/claushessler.com\/wp-content\/uploads\/2026\/02\/Logobw.png"},"sameAs":["http:\/\/claushessler.com","https:\/\/www.facebook.com\/pages\/Claus-Hessler\/131546556922809?ref=hl","https:\/\/www.instagram.com\/claus.hessler","https:\/\/www.youtube.com\/@ClausHessler"]}]}},"uagb_featured_image_src":{"full":["https:\/\/claushessler.com\/wp-content\/uploads\/2026\/01\/2239FBEE-AC39-46C7-A11A-887950FF2369.jpg",2048,2048,false],"thumbnail":["https:\/\/claushessler.com\/wp-content\/uploads\/2026\/01\/2239FBEE-AC39-46C7-A11A-887950FF2369-150x150.jpg",150,150,true],"medium":["https:\/\/claushessler.com\/wp-content\/uploads\/2026\/01\/2239FBEE-AC39-46C7-A11A-887950FF2369-300x300.jpg",300,300,true],"medium_large":["https:\/\/claushessler.com\/wp-content\/uploads\/2026\/01\/2239FBEE-AC39-46C7-A11A-887950FF2369-768x768.jpg",768,768,true],"large":["https:\/\/claushessler.com\/wp-content\/uploads\/2026\/01\/2239FBEE-AC39-46C7-A11A-887950FF2369-1024x1024.jpg",1024,1024,true],"1536x1536":["https:\/\/claushessler.com\/wp-content\/uploads\/2026\/01\/2239FBEE-AC39-46C7-A11A-887950FF2369-1536x1536.jpg",1536,1536,true],"2048x2048":["https:\/\/claushessler.com\/wp-content\/uploads\/2026\/01\/2239FBEE-AC39-46C7-A11A-887950FF2369.jpg",2048,2048,false],"woocommerce_thumbnail":["https:\/\/claushessler.com\/wp-content\/uploads\/2026\/01\/2239FBEE-AC39-46C7-A11A-887950FF2369-400x400.jpg",400,400,true],"woocommerce_single":["https:\/\/claushessler.com\/wp-content\/uploads\/2026\/01\/2239FBEE-AC39-46C7-A11A-887950FF2369-600x600.jpg",600,600,true],"woocommerce_gallery_thumbnail":["https:\/\/claushessler.com\/wp-content\/uploads\/2026\/01\/2239FBEE-AC39-46C7-A11A-887950FF2369-100x100.jpg",100,100,true]},"uagb_author_info":{"display_name":"Matthias","author_link":"https:\/\/claushessler.com\/de\/author\/"},"uagb_comment_info":0,"uagb_excerpt":"Das ultimative tool f\u00fcr eure Pad-Session!","_links":{"self":[{"href":"https:\/\/claushessler.com\/de\/wp-json\/wp\/v2\/product\/12984","targetHints":{"allow":["GET"]}}],"collection":[{"href":"https:\/\/claushessler.com\/de\/wp-json\/wp\/v2\/product"}],"about":[{"href":"https:\/\/claushessler.com\/de\/wp-json\/wp\/v2\/types\/product"}],"replies":[{"embeddable":true,"href":"https:\/\/claushessler.com\/de\/wp-json\/wp\/v2\/comments?post=12984"}],"wp:featuredmedia":[{"embeddable":true,"href":"https:\/\/claushessler.com\/de\/wp-json\/wp\/v2\/media\/12983"}],"wp:attachment":[{"href":"https:\/\/claushessler.com\/de\/wp-json\/wp\/v2\/media?parent=12984"}],"wp:term":[{"taxonomy":"product_brand","embeddable":true,"href":"https:\/\/claushessler.com\/de\/wp-json\/wp\/v2\/product_brand?post=12984"},{"taxonomy":"product_cat","embeddable":true,"href":"https:\/\/claushessler.com\/de\/wp-json\/wp\/v2\/product_cat?post=12984"},{"taxonomy":"product_tag","embeddable":true,"href":"https:\/\/claushessler.com\/de\/wp-json\/wp\/v2\/product_tag?post=12984"}],"curies":[{"name":"wp","href":"https:\/\/api.w.org\/{rel}","templated":true}]}}