{"id":12996,"date":"2026-01-20T10:54:22","date_gmt":"2026-01-20T10:54:22","guid":{"rendered":"https:\/\/claushessler.com\/product\/camp-duty-update-german\/"},"modified":"2026-02-22T16:10:27","modified_gmt":"2026-02-22T16:10:27","slug":"camp-duty-update-german","status":"publish","type":"product","link":"https:\/\/claushessler.com\/de\/produkt\/camp-duty-update-german\/","title":{"rendered":"Camp Duty Update (German)"},"content":{"rendered":"<p>Rudiments sind nach wie vor eine der entscheidenden Grundlagen des Schlagzeugspiels. F\u00fchrende Drummer aller Genres haben sich damit auseinandergesetzt. Dieses Buch f\u00fchrt neben den Klassikern des Genres &#8220;Rudimental Drumming&#8221; auch detailliert in die Geschichte und Hintergr\u00fcnde des Themas ein und stellt einen musikalischen Zusammenhang zu deren wirklicher Anwendung her. Mehr Infos unter B\u00dcCHER\/DVDS. NEU: JETZT AUCH MIT EXTRA-BEILAGE DER FL\u00d6TENSTIMMEN UND ALS E-BOOK ERH\u00c4LTLICH! LINKS SIEHE UNTEN &#8211; GERNE EINEN KOMMENTAR\/BEWERTUNG HINTERLASSEN &#8211; VIELEN DANK!<\/p>\n<p><a href=\"https:\/\/books.apple.com\/de\/book\/claus-hesslers-camp-duty-update\/id1558077474\">CAMP DUTY UPDATE | DEUTSCH &#8211; Apple Book Store<\/a><\/p>\n<p><a href=\"https:\/\/play.google.com\/store\/books\/details?id=VGQhEAAAQBAJ&amp;rdid=book-VGQhEAAAQBAJ&amp;rdot=1&amp;source=gbs_atb&amp;pcampaignid=books_booksearch_atb\">CAMP DUTY UPDATE | DEUTSCH &#8211; Google Book Store<\/a><\/p>\n","protected":false},"excerpt":{"rendered":"<p>Rudiments: Geschichte, Hintergr\u00fcnde, Playalongs anhand von St\u00fccken aus dem &#8220;Camp Duty&#8221; &#8211; urspr\u00fcnglich ein &#8220;Katalog&#8221; von St\u00fccken, die im Tagesablauf der US Army wichtig waren bzw. eine gewisse Rolle und Funktion hatten. Alles, was man eigentlich \u00fcber eines der wichtigsten Themen im Bereich Schlagzeug wissen sollte &#8230; aber bisher nie so richtig gefunden hat. Mehr detaillierte Infos im Menu B\u00dcCHER\/DVDS. NEU: JETZT AUCH MIT EXTRA-BEILAGE DE FL\u00d6TENSTIMMEN!<\/p>\n","protected":false},"featured_media":12989,"comment_status":"closed","ping_status":"closed","template":"","meta":{"_uag_custom_page_level_css":"","site-sidebar-layout":"default","site-content-layout":"","ast-site-content-layout":"default","site-content-style":"default","site-sidebar-style":"default","ast-global-header-display":"","ast-banner-title-visibility":"","ast-main-header-display":"","ast-hfb-above-header-display":"","ast-hfb-below-header-display":"","ast-hfb-mobile-header-display":"","site-post-title":"","ast-breadcrumbs-content":"","ast-featured-img":"","footer-sml-layout":"","ast-disable-related-posts":"","theme-transparent-header-meta":"default","adv-header-id-meta":"","stick-header-meta":"default","header-above-stick-meta":"","header-main-stick-meta":"","header-below-stick-meta":"","astra-migrate-meta-layouts":"set","ast-page-background-enabled":"default","ast-page-background-meta":{"desktop":{"background-color":"var(--ast-global-color-5)","background-image":"","background-repeat":"repeat","background-position":"center center","background-size":"auto","background-attachment":"scroll","background-type":"","background-media":"","overlay-type":"","overlay-color":"","overlay-opacity":"","overlay-gradient":""},"tablet":{"background-color":"","background-image":"","background-repeat":"repeat","background-position":"center center","background-size":"auto","background-attachment":"scroll","background-type":"","background-media":"","overlay-type":"","overlay-color":"","overlay-opacity":"","overlay-gradient":""},"mobile":{"background-color":"","background-image":"","background-repeat":"repeat","background-position":"center center","background-size":"auto","background-attachment":"scroll","background-type":"","background-media":"","overlay-type":"","overlay-color":"","overlay-opacity":"","overlay-gradient":""}},"ast-content-background-meta":{"desktop":{"background-color":"var(--ast-global-color-4)","background-image":"","background-repeat":"repeat","background-position":"center center","background-size":"auto","background-attachment":"scroll","background-type":"","background-media":"","overlay-type":"","overlay-color":"","overlay-opacity":"","overlay-gradient":""},"tablet":{"background-color":"var(--ast-global-color-4)","background-image":"","background-repeat":"repeat","background-position":"center center","background-size":"auto","background-attachment":"scroll","background-type":"","background-media":"","overlay-type":"","overlay-color":"","overlay-opacity":"","overlay-gradient":""},"mobile":{"background-color":"var(--ast-global-color-4)","background-image":"","background-repeat":"repeat","background-position":"center center","background-size":"auto","background-attachment":"scroll","background-type":"","background-media":"","overlay-type":"","overlay-color":"","overlay-opacity":"","overlay-gradient":""}}},"product_brand":[],"product_cat":[348,349,350],"product_tag":[376,377,378,351,379],"class_list":{"0":"post-12996","1":"product","2":"type-product","3":"status-publish","4":"has-post-thumbnail","6":"product_cat-buch-2","7":"product_cat-cd-2","8":"product_cat-playalong","9":"product_tag-camp","10":"product_tag-camp-duty-update","11":"product_tag-duty","12":"product_tag-rudiments","13":"product_tag-update","14":"desktop-align-left","15":"tablet-align-left","16":"mobile-align-left","17":"ast-product-gallery-layout-horizontal-slider","18":"ast-product-tabs-layout-horizontal","20":"first","21":"instock","22":"taxable","23":"shipping-taxable","24":"purchasable","25":"product-type-simple"},"yoast_head":"<!-- This site is optimized with the Yoast SEO plugin v27.2 - https:\/\/yoast.com\/product\/yoast-seo-wordpress\/ -->\n<title>Camp Duty Update (German) - Claus Hessler<\/title>\n<meta name=\"description\" content=\"{:en}Claus Hessler&#039;s &quot;Camp Duty Update&quot;: Die definitive Referenz in Sachen Rudiments, deren Geschichte und Interpretation (mit Play-Alongs).{:}\" \/>\n<meta name=\"robots\" content=\"index, follow, max-snippet:-1, max-image-preview:large, max-video-preview:-1\" \/>\n<link rel=\"canonical\" href=\"https:\/\/claushessler.com\/de\/produkt\/camp-duty-update-german\/\" \/>\n<meta property=\"og:locale\" content=\"de_DE\" \/>\n<meta property=\"og:type\" content=\"article\" \/>\n<meta property=\"og:title\" content=\"Camp Duty Update (German) - Claus Hessler\" \/>\n<meta property=\"og:description\" content=\"{:en}Claus Hessler&#039;s &quot;Camp Duty Update&quot;: Die definitive Referenz in Sachen Rudiments, deren Geschichte und Interpretation (mit Play-Alongs).{:}\" \/>\n<meta property=\"og:url\" content=\"https:\/\/claushessler.com\/de\/produkt\/camp-duty-update-german\/\" \/>\n<meta property=\"og:site_name\" content=\"Claus Hessler\" \/>\n<meta property=\"article:publisher\" content=\"https:\/\/www.facebook.com\/pages\/Claus-Hessler\/131546556922809?ref=hl\" \/>\n<meta property=\"article:modified_time\" content=\"2026-02-22T16:10:27+00:00\" \/>\n<meta property=\"og:image\" content=\"https:\/\/claushessler.com\/wp-content\/uploads\/2026\/01\/camp-duty-update-e1438789943656.jpg\" \/>\n\t<meta property=\"og:image:width\" content=\"493\" \/>\n\t<meta property=\"og:image:height\" content=\"493\" \/>\n\t<meta property=\"og:image:type\" content=\"image\/jpeg\" \/>\n<meta name=\"twitter:card\" content=\"summary_large_image\" \/>\n<meta name=\"twitter:label1\" content=\"Gesch\u00e4tzte Lesezeit\" \/>\n\t<meta name=\"twitter:data1\" content=\"1\u00a0Minute\" \/>\n<script type=\"application\/ld+json\" class=\"yoast-schema-graph\">{\"@context\":\"https:\/\/schema.org\",\"@graph\":[{\"@type\":\"WebPage\",\"@id\":\"https:\/\/claushessler.com\/de\/produkt\/camp-duty-update-german\/\",\"url\":\"https:\/\/claushessler.com\/de\/produkt\/camp-duty-update-german\/\",\"name\":\"Camp Duty Update (German) - Claus Hessler\",\"isPartOf\":{\"@id\":\"https:\/\/claushessler.com\/de\/#website\"},\"primaryImageOfPage\":{\"@id\":\"https:\/\/claushessler.com\/de\/produkt\/camp-duty-update-german\/#primaryimage\"},\"image\":{\"@id\":\"https:\/\/claushessler.com\/de\/produkt\/camp-duty-update-german\/#primaryimage\"},\"thumbnailUrl\":\"https:\/\/claushessler.com\/wp-content\/uploads\/2026\/01\/camp-duty-update-e1438789943656.jpg\",\"datePublished\":\"2026-01-20T10:54:22+00:00\",\"dateModified\":\"2026-02-22T16:10:27+00:00\",\"description\":\"{:en}Claus Hessler's \\\"Camp Duty Update\\\": Die definitive Referenz in Sachen Rudiments, deren Geschichte und Interpretation (mit Play-Alongs).{:}\",\"breadcrumb\":{\"@id\":\"https:\/\/claushessler.com\/de\/produkt\/camp-duty-update-german\/#breadcrumb\"},\"inLanguage\":\"de\",\"potentialAction\":[{\"@type\":\"ReadAction\",\"target\":[\"https:\/\/claushessler.com\/de\/produkt\/camp-duty-update-german\/\"]}]},{\"@type\":\"ImageObject\",\"inLanguage\":\"de\",\"@id\":\"https:\/\/claushessler.com\/de\/produkt\/camp-duty-update-german\/#primaryimage\",\"url\":\"https:\/\/claushessler.com\/wp-content\/uploads\/2026\/01\/camp-duty-update-e1438789943656.jpg\",\"contentUrl\":\"https:\/\/claushessler.com\/wp-content\/uploads\/2026\/01\/camp-duty-update-e1438789943656.jpg\",\"width\":493,\"height\":493},{\"@type\":\"BreadcrumbList\",\"@id\":\"https:\/\/claushessler.com\/de\/produkt\/camp-duty-update-german\/#breadcrumb\",\"itemListElement\":[{\"@type\":\"ListItem\",\"position\":1,\"name\":\"Home\",\"item\":\"https:\/\/claushessler.com\/de\/\"},{\"@type\":\"ListItem\",\"position\":2,\"name\":\"Shop\",\"item\":\"https:\/\/claushessler.com\/de\/shop\/\"},{\"@type\":\"ListItem\",\"position\":3,\"name\":\"Camp Duty Update (German)\"}]},{\"@type\":\"WebSite\",\"@id\":\"https:\/\/claushessler.com\/de\/#website\",\"url\":\"https:\/\/claushessler.com\/de\/\",\"name\":\"Claus Hessler\",\"description\":\"Drummer - Author - Educator\",\"publisher\":{\"@id\":\"https:\/\/claushessler.com\/de\/#\/schema\/person\/b317df3f4825771978aee494fd68a64a\"},\"potentialAction\":[{\"@type\":\"SearchAction\",\"target\":{\"@type\":\"EntryPoint\",\"urlTemplate\":\"https:\/\/claushessler.com\/de\/?s={search_term_string}\"},\"query-input\":{\"@type\":\"PropertyValueSpecification\",\"valueRequired\":true,\"valueName\":\"search_term_string\"}}],\"inLanguage\":\"de\"},{\"@type\":[\"Person\",\"Organization\"],\"@id\":\"https:\/\/claushessler.com\/de\/#\/schema\/person\/b317df3f4825771978aee494fd68a64a\",\"name\":\"Claus\",\"image\":{\"@type\":\"ImageObject\",\"inLanguage\":\"de\",\"@id\":\"https:\/\/claushessler.com\/wp-content\/uploads\/2026\/02\/Logobw.png\",\"url\":\"https:\/\/claushessler.com\/wp-content\/uploads\/2026\/02\/Logobw.png\",\"contentUrl\":\"https:\/\/claushessler.com\/wp-content\/uploads\/2026\/02\/Logobw.png\",\"width\":1596,\"height\":929,\"caption\":\"Claus\"},\"logo\":{\"@id\":\"https:\/\/claushessler.com\/wp-content\/uploads\/2026\/02\/Logobw.png\"},\"sameAs\":[\"http:\/\/claushessler.com\",\"https:\/\/www.facebook.com\/pages\/Claus-Hessler\/131546556922809?ref=hl\",\"https:\/\/www.instagram.com\/claus.hessler\",\"https:\/\/www.youtube.com\/@ClausHessler\"]}]}<\/script>\n<!-- \/ Yoast SEO plugin. -->","yoast_head_json":{"title":"Camp Duty Update (German) - Claus Hessler","description":"{:en}Claus Hessler's \"Camp Duty Update\": Die definitive Referenz in Sachen Rudiments, deren Geschichte und Interpretation (mit Play-Alongs).{:}","robots":{"index":"index","follow":"follow","max-snippet":"max-snippet:-1","max-image-preview":"max-image-preview:large","max-video-preview":"max-video-preview:-1"},"canonical":"https:\/\/claushessler.com\/de\/produkt\/camp-duty-update-german\/","og_locale":"de_DE","og_type":"article","og_title":"Camp Duty Update (German) - Claus Hessler","og_description":"{:en}Claus Hessler's \"Camp Duty Update\": Die definitive Referenz in Sachen Rudiments, deren Geschichte und Interpretation (mit Play-Alongs).{:}","og_url":"https:\/\/claushessler.com\/de\/produkt\/camp-duty-update-german\/","og_site_name":"Claus Hessler","article_publisher":"https:\/\/www.facebook.com\/pages\/Claus-Hessler\/131546556922809?ref=hl","article_modified_time":"2026-02-22T16:10:27+00:00","og_image":[{"width":493,"height":493,"url":"https:\/\/claushessler.com\/wp-content\/uploads\/2026\/01\/camp-duty-update-e1438789943656.jpg","type":"image\/jpeg"}],"twitter_card":"summary_large_image","twitter_misc":{"Gesch\u00e4tzte Lesezeit":"1\u00a0Minute"},"schema":{"@context":"https:\/\/schema.org","@graph":[{"@type":"WebPage","@id":"https:\/\/claushessler.com\/de\/produkt\/camp-duty-update-german\/","url":"https:\/\/claushessler.com\/de\/produkt\/camp-duty-update-german\/","name":"Camp Duty Update (German) - Claus Hessler","isPartOf":{"@id":"https:\/\/claushessler.com\/de\/#website"},"primaryImageOfPage":{"@id":"https:\/\/claushessler.com\/de\/produkt\/camp-duty-update-german\/#primaryimage"},"image":{"@id":"https:\/\/claushessler.com\/de\/produkt\/camp-duty-update-german\/#primaryimage"},"thumbnailUrl":"https:\/\/claushessler.com\/wp-content\/uploads\/2026\/01\/camp-duty-update-e1438789943656.jpg","datePublished":"2026-01-20T10:54:22+00:00","dateModified":"2026-02-22T16:10:27+00:00","description":"{:en}Claus Hessler's \"Camp Duty Update\": Die definitive Referenz in Sachen Rudiments, deren Geschichte und Interpretation (mit Play-Alongs).{:}","breadcrumb":{"@id":"https:\/\/claushessler.com\/de\/produkt\/camp-duty-update-german\/#breadcrumb"},"inLanguage":"de","potentialAction":[{"@type":"ReadAction","target":["https:\/\/claushessler.com\/de\/produkt\/camp-duty-update-german\/"]}]},{"@type":"ImageObject","inLanguage":"de","@id":"https:\/\/claushessler.com\/de\/produkt\/camp-duty-update-german\/#primaryimage","url":"https:\/\/claushessler.com\/wp-content\/uploads\/2026\/01\/camp-duty-update-e1438789943656.jpg","contentUrl":"https:\/\/claushessler.com\/wp-content\/uploads\/2026\/01\/camp-duty-update-e1438789943656.jpg","width":493,"height":493},{"@type":"BreadcrumbList","@id":"https:\/\/claushessler.com\/de\/produkt\/camp-duty-update-german\/#breadcrumb","itemListElement":[{"@type":"ListItem","position":1,"name":"Home","item":"https:\/\/claushessler.com\/de\/"},{"@type":"ListItem","position":2,"name":"Shop","item":"https:\/\/claushessler.com\/de\/shop\/"},{"@type":"ListItem","position":3,"name":"Camp Duty Update (German)"}]},{"@type":"WebSite","@id":"https:\/\/claushessler.com\/de\/#website","url":"https:\/\/claushessler.com\/de\/","name":"Claus Hessler","description":"Drummer - Author - Educator","publisher":{"@id":"https:\/\/claushessler.com\/de\/#\/schema\/person\/b317df3f4825771978aee494fd68a64a"},"potentialAction":[{"@type":"SearchAction","target":{"@type":"EntryPoint","urlTemplate":"https:\/\/claushessler.com\/de\/?s={search_term_string}"},"query-input":{"@type":"PropertyValueSpecification","valueRequired":true,"valueName":"search_term_string"}}],"inLanguage":"de"},{"@type":["Person","Organization"],"@id":"https:\/\/claushessler.com\/de\/#\/schema\/person\/b317df3f4825771978aee494fd68a64a","name":"Claus","image":{"@type":"ImageObject","inLanguage":"de","@id":"https:\/\/claushessler.com\/wp-content\/uploads\/2026\/02\/Logobw.png","url":"https:\/\/claushessler.com\/wp-content\/uploads\/2026\/02\/Logobw.png","contentUrl":"https:\/\/claushessler.com\/wp-content\/uploads\/2026\/02\/Logobw.png","width":1596,"height":929,"caption":"Claus"},"logo":{"@id":"https:\/\/claushessler.com\/wp-content\/uploads\/2026\/02\/Logobw.png"},"sameAs":["http:\/\/claushessler.com","https:\/\/www.facebook.com\/pages\/Claus-Hessler\/131546556922809?ref=hl","https:\/\/www.instagram.com\/claus.hessler","https:\/\/www.youtube.com\/@ClausHessler"]}]}},"uagb_featured_image_src":{"full":["https:\/\/claushessler.com\/wp-content\/uploads\/2026\/01\/camp-duty-update-e1438789943656.jpg",493,493,false],"thumbnail":["https:\/\/claushessler.com\/wp-content\/uploads\/2026\/01\/camp-duty-update-e1438789943656-150x150.jpg",150,150,true],"medium":["https:\/\/claushessler.com\/wp-content\/uploads\/2026\/01\/camp-duty-update-e1438789943656-300x300.jpg",300,300,true],"medium_large":["https:\/\/claushessler.com\/wp-content\/uploads\/2026\/01\/camp-duty-update-e1438789943656.jpg",493,493,false],"large":["https:\/\/claushessler.com\/wp-content\/uploads\/2026\/01\/camp-duty-update-e1438789943656.jpg",493,493,false],"1536x1536":["https:\/\/claushessler.com\/wp-content\/uploads\/2026\/01\/camp-duty-update-e1438789943656.jpg",493,493,false],"2048x2048":["https:\/\/claushessler.com\/wp-content\/uploads\/2026\/01\/camp-duty-update-e1438789943656.jpg",493,493,false],"woocommerce_thumbnail":["https:\/\/claushessler.com\/wp-content\/uploads\/2026\/01\/camp-duty-update-e1438789943656-400x400.jpg",400,400,true],"woocommerce_single":["https:\/\/claushessler.com\/wp-content\/uploads\/2026\/01\/camp-duty-update-e1438789943656.jpg",493,493,false],"woocommerce_gallery_thumbnail":["https:\/\/claushessler.com\/wp-content\/uploads\/2026\/01\/camp-duty-update-e1438789943656-100x100.jpg",100,100,true]},"uagb_author_info":{"display_name":"Matthias","author_link":"https:\/\/claushessler.com\/de\/author\/"},"uagb_comment_info":0,"uagb_excerpt":"Rudiments: Geschichte, Hintergr\u00fcnde, Playalongs anhand von St\u00fccken aus dem \"Camp Duty\" - urspr\u00fcnglich ein \"Katalog\" von St\u00fccken, die im Tagesablauf der US Army wichtig waren bzw. eine gewisse Rolle und Funktion hatten. Alles, was man eigentlich \u00fcber eines der wichtigsten Themen im Bereich Schlagzeug wissen sollte ... aber bisher nie so richtig gefunden hat. Mehr&hellip;","_links":{"self":[{"href":"https:\/\/claushessler.com\/de\/wp-json\/wp\/v2\/product\/12996","targetHints":{"allow":["GET"]}}],"collection":[{"href":"https:\/\/claushessler.com\/de\/wp-json\/wp\/v2\/product"}],"about":[{"href":"https:\/\/claushessler.com\/de\/wp-json\/wp\/v2\/types\/product"}],"replies":[{"embeddable":true,"href":"https:\/\/claushessler.com\/de\/wp-json\/wp\/v2\/comments?post=12996"}],"wp:featuredmedia":[{"embeddable":true,"href":"https:\/\/claushessler.com\/de\/wp-json\/wp\/v2\/media\/12989"}],"wp:attachment":[{"href":"https:\/\/claushessler.com\/de\/wp-json\/wp\/v2\/media?parent=12996"}],"wp:term":[{"taxonomy":"product_brand","embeddable":true,"href":"https:\/\/claushessler.com\/de\/wp-json\/wp\/v2\/product_brand?post=12996"},{"taxonomy":"product_cat","embeddable":true,"href":"https:\/\/claushessler.com\/de\/wp-json\/wp\/v2\/product_cat?post=12996"},{"taxonomy":"product_tag","embeddable":true,"href":"https:\/\/claushessler.com\/de\/wp-json\/wp\/v2\/product_tag?post=12996"}],"curies":[{"name":"wp","href":"https:\/\/api.w.org\/{rel}","templated":true}]}}