{"id":13029,"date":"2026-01-20T10:54:22","date_gmt":"2026-01-20T10:54:22","guid":{"rendered":"https:\/\/claushessler.com\/product\/open-handed-playing-vol-2-englisch\/"},"modified":"2026-02-22T16:44:58","modified_gmt":"2026-02-22T16:44:58","slug":"open-handed-playing-vol-2-englisch","status":"publish","type":"product","link":"https:\/\/claushessler.com\/de\/produkt\/open-handed-playing-vol-2-englisch\/","title":{"rendered":"Open-Handed Playing Vol. 2 (Englisch)"},"content":{"rendered":"<p>Basierend auf den Konzepten von OHP VOL. 1 besch\u00e4ftigt sich der Folgeband vorrangig mit dem Einsatz von &#8220;linear phrasing&#8221; sowie Rudiments am Drumset. In beiden Bereichen findet sich eine Vielzahl von \u00dcbungen und Anwendungen die nicht nur mit Blick auf das &#8220;offene&#8221; Spiel interessant sind, sondern auch das Vokabular von &#8220;cross-handed&#8221; Spielern entscheidend bereichern k\u00f6nnen. Insofern bietet das Buch auch einige Ans\u00e4tze, die bisher entweder kaum oder gar nicht in anderen Ver\u00f6ffentlichungen auftauchen und erfrischende Alternativen bei der Nutzung von Rudiments und Linear Phrasing bieten. Acht Playalongs in verschiedenen Schwierigkeitsgraden und Musikstilen unterst\u00fctzen die Anwendungen der gezeigten Konzepte im musikalischen Kontext. Als Paten f\u00fcr das Vorwort haben sich mit Simon Philipps (Toto), Kenny Aronoff (Mellencamp) und Will Kennedy (Yellowjackets) gleich drei internationale Top-Drummer zur Verf\u00fcgung gestellt.    <\/p>\n","protected":false},"excerpt":{"rendered":"<p>Der Folgeband zu OHP Vol. 1 bietet (auch f\u00fcr &#8220;Nicht&#8221; open-handed Spieler) einige Ans\u00e4tze zu linearem Spiel sowie der Benutzung von Rudiments und Collapsed Rudiments am Drumset, die man in anderen Ver\u00f6ffentlichungen vergeblich sucht. Falls ihr euch fragt: Man kann nat\u00fcrlich auch mit Vol. 2 anfangen statt Vol. 1 &#8230;    <\/p>\n","protected":false},"featured_media":13022,"comment_status":"closed","ping_status":"closed","template":"","meta":{"_uag_custom_page_level_css":"","site-sidebar-layout":"default","site-content-layout":"","ast-site-content-layout":"default","site-content-style":"default","site-sidebar-style":"default","ast-global-header-display":"","ast-banner-title-visibility":"","ast-main-header-display":"","ast-hfb-above-header-display":"","ast-hfb-below-header-display":"","ast-hfb-mobile-header-display":"","site-post-title":"","ast-breadcrumbs-content":"","ast-featured-img":"","footer-sml-layout":"","ast-disable-related-posts":"","theme-transparent-header-meta":"default","adv-header-id-meta":"","stick-header-meta":"default","header-above-stick-meta":"","header-main-stick-meta":"","header-below-stick-meta":"","astra-migrate-meta-layouts":"default","ast-page-background-enabled":"default","ast-page-background-meta":{"desktop":{"background-color":"var(--ast-global-color-5)","background-image":"","background-repeat":"repeat","background-position":"center center","background-size":"auto","background-attachment":"scroll","background-type":"","background-media":"","overlay-type":"","overlay-color":"","overlay-opacity":"","overlay-gradient":""},"tablet":{"background-color":"","background-image":"","background-repeat":"repeat","background-position":"center center","background-size":"auto","background-attachment":"scroll","background-type":"","background-media":"","overlay-type":"","overlay-color":"","overlay-opacity":"","overlay-gradient":""},"mobile":{"background-color":"","background-image":"","background-repeat":"repeat","background-position":"center center","background-size":"auto","background-attachment":"scroll","background-type":"","background-media":"","overlay-type":"","overlay-color":"","overlay-opacity":"","overlay-gradient":""}},"ast-content-background-meta":{"desktop":{"background-color":"var(--ast-global-color-4)","background-image":"","background-repeat":"repeat","background-position":"center center","background-size":"auto","background-attachment":"scroll","background-type":"","background-media":"","overlay-type":"","overlay-color":"","overlay-opacity":"","overlay-gradient":""},"tablet":{"background-color":"var(--ast-global-color-4)","background-image":"","background-repeat":"repeat","background-position":"center center","background-size":"auto","background-attachment":"scroll","background-type":"","background-media":"","overlay-type":"","overlay-color":"","overlay-opacity":"","overlay-gradient":""},"mobile":{"background-color":"var(--ast-global-color-4)","background-image":"","background-repeat":"repeat","background-position":"center center","background-size":"auto","background-attachment":"scroll","background-type":"","background-media":"","overlay-type":"","overlay-color":"","overlay-opacity":"","overlay-gradient":""}}},"product_brand":[],"product_cat":[348,349],"product_tag":[363,332,393,390,391,392,352,351],"class_list":{"0":"post-13029","1":"product","2":"type-product","3":"status-publish","4":"has-post-thumbnail","6":"product_cat-buch-2","7":"product_cat-cd-2","8":"product_tag-dom","9":"product_tag-dom-famularo","10":"product_tag-linear-phrasing","11":"product_tag-open","12":"product_tag-open-handed","13":"product_tag-open-handed-playing","14":"product_tag-playalongs","15":"product_tag-rudiments","16":"desktop-align-left","17":"tablet-align-left","18":"mobile-align-left","19":"ast-product-gallery-layout-horizontal-slider","20":"ast-product-tabs-layout-horizontal","22":"first","23":"instock","24":"taxable","25":"shipping-taxable","26":"purchasable","27":"product-type-simple"},"yoast_head":"<!-- This site is optimized with the Yoast SEO plugin v27.2 - https:\/\/yoast.com\/product\/yoast-seo-wordpress\/ -->\n<title>Open-Handed Playing Vol. 2 (Englisch) - Claus Hessler<\/title>\n<meta name=\"robots\" content=\"index, follow, max-snippet:-1, max-image-preview:large, max-video-preview:-1\" \/>\n<link rel=\"canonical\" href=\"https:\/\/claushessler.com\/de\/produkt\/open-handed-playing-vol-2-englisch\/\" \/>\n<meta property=\"og:locale\" content=\"de_DE\" \/>\n<meta property=\"og:type\" content=\"article\" \/>\n<meta property=\"og:title\" content=\"Open-Handed Playing Vol. 2 (Englisch) - Claus Hessler\" \/>\n<meta property=\"og:description\" content=\"Der Folgeband zu OHP Vol. 1 bietet (auch f\u00fcr &quot;Nicht&quot; open-handed Spieler) einige Ans\u00e4tze zu linearem Spiel sowie der Benutzung von Rudiments und Collapsed Rudiments am Drumset, die man in anderen Ver\u00f6ffentlichungen vergeblich sucht. Falls ihr euch fragt: Man kann nat\u00fcrlich auch mit Vol. 2 anfangen statt Vol. 1 ...\" \/>\n<meta property=\"og:url\" content=\"https:\/\/claushessler.com\/de\/produkt\/open-handed-playing-vol-2-englisch\/\" \/>\n<meta property=\"og:site_name\" content=\"Claus Hessler\" \/>\n<meta property=\"article:publisher\" content=\"https:\/\/www.facebook.com\/pages\/Claus-Hessler\/131546556922809?ref=hl\" \/>\n<meta property=\"article:modified_time\" content=\"2026-02-22T16:44:58+00:00\" \/>\n<meta property=\"og:image\" content=\"https:\/\/claushessler.com\/wp-content\/uploads\/2026\/01\/open-handed-playing-2-cover-e1438797625527.jpg\" \/>\n\t<meta property=\"og:image:width\" content=\"600\" \/>\n\t<meta property=\"og:image:height\" content=\"600\" \/>\n\t<meta property=\"og:image:type\" content=\"image\/jpeg\" \/>\n<meta name=\"twitter:card\" content=\"summary_large_image\" \/>\n<meta name=\"twitter:label1\" content=\"Gesch\u00e4tzte Lesezeit\" \/>\n\t<meta name=\"twitter:data1\" content=\"1\u00a0Minute\" \/>\n<script type=\"application\/ld+json\" class=\"yoast-schema-graph\">{\"@context\":\"https:\/\/schema.org\",\"@graph\":[{\"@type\":\"WebPage\",\"@id\":\"https:\/\/claushessler.com\/de\/produkt\/open-handed-playing-vol-2-englisch\/\",\"url\":\"https:\/\/claushessler.com\/de\/produkt\/open-handed-playing-vol-2-englisch\/\",\"name\":\"Open-Handed Playing Vol. 2 (Englisch) - Claus Hessler\",\"isPartOf\":{\"@id\":\"https:\/\/claushessler.com\/de\/#website\"},\"primaryImageOfPage\":{\"@id\":\"https:\/\/claushessler.com\/de\/produkt\/open-handed-playing-vol-2-englisch\/#primaryimage\"},\"image\":{\"@id\":\"https:\/\/claushessler.com\/de\/produkt\/open-handed-playing-vol-2-englisch\/#primaryimage\"},\"thumbnailUrl\":\"https:\/\/claushessler.com\/wp-content\/uploads\/2026\/01\/open-handed-playing-2-cover-e1438797625527.jpg\",\"datePublished\":\"2026-01-20T10:54:22+00:00\",\"dateModified\":\"2026-02-22T16:44:58+00:00\",\"breadcrumb\":{\"@id\":\"https:\/\/claushessler.com\/de\/produkt\/open-handed-playing-vol-2-englisch\/#breadcrumb\"},\"inLanguage\":\"de\",\"potentialAction\":[{\"@type\":\"ReadAction\",\"target\":[\"https:\/\/claushessler.com\/de\/produkt\/open-handed-playing-vol-2-englisch\/\"]}]},{\"@type\":\"ImageObject\",\"inLanguage\":\"de\",\"@id\":\"https:\/\/claushessler.com\/de\/produkt\/open-handed-playing-vol-2-englisch\/#primaryimage\",\"url\":\"https:\/\/claushessler.com\/wp-content\/uploads\/2026\/01\/open-handed-playing-2-cover-e1438797625527.jpg\",\"contentUrl\":\"https:\/\/claushessler.com\/wp-content\/uploads\/2026\/01\/open-handed-playing-2-cover-e1438797625527.jpg\",\"width\":600,\"height\":600},{\"@type\":\"BreadcrumbList\",\"@id\":\"https:\/\/claushessler.com\/de\/produkt\/open-handed-playing-vol-2-englisch\/#breadcrumb\",\"itemListElement\":[{\"@type\":\"ListItem\",\"position\":1,\"name\":\"Home\",\"item\":\"https:\/\/claushessler.com\/de\/\"},{\"@type\":\"ListItem\",\"position\":2,\"name\":\"Shop\",\"item\":\"https:\/\/claushessler.com\/de\/shop\/\"},{\"@type\":\"ListItem\",\"position\":3,\"name\":\"Open-Handed Playing Vol. 2 (Englisch)\"}]},{\"@type\":\"WebSite\",\"@id\":\"https:\/\/claushessler.com\/de\/#website\",\"url\":\"https:\/\/claushessler.com\/de\/\",\"name\":\"Claus Hessler\",\"description\":\"Drummer - Author - Educator\",\"publisher\":{\"@id\":\"https:\/\/claushessler.com\/de\/#\/schema\/person\/b317df3f4825771978aee494fd68a64a\"},\"potentialAction\":[{\"@type\":\"SearchAction\",\"target\":{\"@type\":\"EntryPoint\",\"urlTemplate\":\"https:\/\/claushessler.com\/de\/?s={search_term_string}\"},\"query-input\":{\"@type\":\"PropertyValueSpecification\",\"valueRequired\":true,\"valueName\":\"search_term_string\"}}],\"inLanguage\":\"de\"},{\"@type\":[\"Person\",\"Organization\"],\"@id\":\"https:\/\/claushessler.com\/de\/#\/schema\/person\/b317df3f4825771978aee494fd68a64a\",\"name\":\"Claus\",\"image\":{\"@type\":\"ImageObject\",\"inLanguage\":\"de\",\"@id\":\"https:\/\/claushessler.com\/wp-content\/uploads\/2026\/02\/Logobw.png\",\"url\":\"https:\/\/claushessler.com\/wp-content\/uploads\/2026\/02\/Logobw.png\",\"contentUrl\":\"https:\/\/claushessler.com\/wp-content\/uploads\/2026\/02\/Logobw.png\",\"width\":1596,\"height\":929,\"caption\":\"Claus\"},\"logo\":{\"@id\":\"https:\/\/claushessler.com\/wp-content\/uploads\/2026\/02\/Logobw.png\"},\"sameAs\":[\"http:\/\/claushessler.com\",\"https:\/\/www.facebook.com\/pages\/Claus-Hessler\/131546556922809?ref=hl\",\"https:\/\/www.instagram.com\/claus.hessler\",\"https:\/\/www.youtube.com\/@ClausHessler\"]}]}<\/script>\n<!-- \/ Yoast SEO plugin. -->","yoast_head_json":{"title":"Open-Handed Playing Vol. 2 (Englisch) - Claus Hessler","robots":{"index":"index","follow":"follow","max-snippet":"max-snippet:-1","max-image-preview":"max-image-preview:large","max-video-preview":"max-video-preview:-1"},"canonical":"https:\/\/claushessler.com\/de\/produkt\/open-handed-playing-vol-2-englisch\/","og_locale":"de_DE","og_type":"article","og_title":"Open-Handed Playing Vol. 2 (Englisch) - Claus Hessler","og_description":"Der Folgeband zu OHP Vol. 1 bietet (auch f\u00fcr \"Nicht\" open-handed Spieler) einige Ans\u00e4tze zu linearem Spiel sowie der Benutzung von Rudiments und Collapsed Rudiments am Drumset, die man in anderen Ver\u00f6ffentlichungen vergeblich sucht. Falls ihr euch fragt: Man kann nat\u00fcrlich auch mit Vol. 2 anfangen statt Vol. 1 ...","og_url":"https:\/\/claushessler.com\/de\/produkt\/open-handed-playing-vol-2-englisch\/","og_site_name":"Claus Hessler","article_publisher":"https:\/\/www.facebook.com\/pages\/Claus-Hessler\/131546556922809?ref=hl","article_modified_time":"2026-02-22T16:44:58+00:00","og_image":[{"width":600,"height":600,"url":"https:\/\/claushessler.com\/wp-content\/uploads\/2026\/01\/open-handed-playing-2-cover-e1438797625527.jpg","type":"image\/jpeg"}],"twitter_card":"summary_large_image","twitter_misc":{"Gesch\u00e4tzte Lesezeit":"1\u00a0Minute"},"schema":{"@context":"https:\/\/schema.org","@graph":[{"@type":"WebPage","@id":"https:\/\/claushessler.com\/de\/produkt\/open-handed-playing-vol-2-englisch\/","url":"https:\/\/claushessler.com\/de\/produkt\/open-handed-playing-vol-2-englisch\/","name":"Open-Handed Playing Vol. 2 (Englisch) - Claus Hessler","isPartOf":{"@id":"https:\/\/claushessler.com\/de\/#website"},"primaryImageOfPage":{"@id":"https:\/\/claushessler.com\/de\/produkt\/open-handed-playing-vol-2-englisch\/#primaryimage"},"image":{"@id":"https:\/\/claushessler.com\/de\/produkt\/open-handed-playing-vol-2-englisch\/#primaryimage"},"thumbnailUrl":"https:\/\/claushessler.com\/wp-content\/uploads\/2026\/01\/open-handed-playing-2-cover-e1438797625527.jpg","datePublished":"2026-01-20T10:54:22+00:00","dateModified":"2026-02-22T16:44:58+00:00","breadcrumb":{"@id":"https:\/\/claushessler.com\/de\/produkt\/open-handed-playing-vol-2-englisch\/#breadcrumb"},"inLanguage":"de","potentialAction":[{"@type":"ReadAction","target":["https:\/\/claushessler.com\/de\/produkt\/open-handed-playing-vol-2-englisch\/"]}]},{"@type":"ImageObject","inLanguage":"de","@id":"https:\/\/claushessler.com\/de\/produkt\/open-handed-playing-vol-2-englisch\/#primaryimage","url":"https:\/\/claushessler.com\/wp-content\/uploads\/2026\/01\/open-handed-playing-2-cover-e1438797625527.jpg","contentUrl":"https:\/\/claushessler.com\/wp-content\/uploads\/2026\/01\/open-handed-playing-2-cover-e1438797625527.jpg","width":600,"height":600},{"@type":"BreadcrumbList","@id":"https:\/\/claushessler.com\/de\/produkt\/open-handed-playing-vol-2-englisch\/#breadcrumb","itemListElement":[{"@type":"ListItem","position":1,"name":"Home","item":"https:\/\/claushessler.com\/de\/"},{"@type":"ListItem","position":2,"name":"Shop","item":"https:\/\/claushessler.com\/de\/shop\/"},{"@type":"ListItem","position":3,"name":"Open-Handed Playing Vol. 2 (Englisch)"}]},{"@type":"WebSite","@id":"https:\/\/claushessler.com\/de\/#website","url":"https:\/\/claushessler.com\/de\/","name":"Claus Hessler","description":"Drummer - Author - Educator","publisher":{"@id":"https:\/\/claushessler.com\/de\/#\/schema\/person\/b317df3f4825771978aee494fd68a64a"},"potentialAction":[{"@type":"SearchAction","target":{"@type":"EntryPoint","urlTemplate":"https:\/\/claushessler.com\/de\/?s={search_term_string}"},"query-input":{"@type":"PropertyValueSpecification","valueRequired":true,"valueName":"search_term_string"}}],"inLanguage":"de"},{"@type":["Person","Organization"],"@id":"https:\/\/claushessler.com\/de\/#\/schema\/person\/b317df3f4825771978aee494fd68a64a","name":"Claus","image":{"@type":"ImageObject","inLanguage":"de","@id":"https:\/\/claushessler.com\/wp-content\/uploads\/2026\/02\/Logobw.png","url":"https:\/\/claushessler.com\/wp-content\/uploads\/2026\/02\/Logobw.png","contentUrl":"https:\/\/claushessler.com\/wp-content\/uploads\/2026\/02\/Logobw.png","width":1596,"height":929,"caption":"Claus"},"logo":{"@id":"https:\/\/claushessler.com\/wp-content\/uploads\/2026\/02\/Logobw.png"},"sameAs":["http:\/\/claushessler.com","https:\/\/www.facebook.com\/pages\/Claus-Hessler\/131546556922809?ref=hl","https:\/\/www.instagram.com\/claus.hessler","https:\/\/www.youtube.com\/@ClausHessler"]}]}},"uagb_featured_image_src":{"full":["https:\/\/claushessler.com\/wp-content\/uploads\/2026\/01\/open-handed-playing-2-cover-e1438797625527.jpg",600,600,false],"thumbnail":["https:\/\/claushessler.com\/wp-content\/uploads\/2026\/01\/open-handed-playing-2-cover-e1438797625527-150x150.jpg",150,150,true],"medium":["https:\/\/claushessler.com\/wp-content\/uploads\/2026\/01\/open-handed-playing-2-cover-e1438797625527-300x300.jpg",300,300,true],"medium_large":["https:\/\/claushessler.com\/wp-content\/uploads\/2026\/01\/open-handed-playing-2-cover-e1438797625527.jpg",600,600,false],"large":["https:\/\/claushessler.com\/wp-content\/uploads\/2026\/01\/open-handed-playing-2-cover-e1438797625527.jpg",600,600,false],"1536x1536":["https:\/\/claushessler.com\/wp-content\/uploads\/2026\/01\/open-handed-playing-2-cover-e1438797625527.jpg",600,600,false],"2048x2048":["https:\/\/claushessler.com\/wp-content\/uploads\/2026\/01\/open-handed-playing-2-cover-e1438797625527.jpg",600,600,false],"woocommerce_thumbnail":["https:\/\/claushessler.com\/wp-content\/uploads\/2026\/01\/open-handed-playing-2-cover-e1438797625527-400x400.jpg",400,400,true],"woocommerce_single":["https:\/\/claushessler.com\/wp-content\/uploads\/2026\/01\/open-handed-playing-2-cover-e1438797625527.jpg",600,600,false],"woocommerce_gallery_thumbnail":["https:\/\/claushessler.com\/wp-content\/uploads\/2026\/01\/open-handed-playing-2-cover-e1438797625527-100x100.jpg",100,100,true]},"uagb_author_info":{"display_name":"Matthias","author_link":"https:\/\/claushessler.com\/de\/author\/"},"uagb_comment_info":0,"uagb_excerpt":"Der Folgeband zu OHP Vol. 1 bietet (auch f\u00fcr \"Nicht\" open-handed Spieler) einige Ans\u00e4tze zu linearem Spiel sowie der Benutzung von Rudiments und Collapsed Rudiments am Drumset, die man in anderen Ver\u00f6ffentlichungen vergeblich sucht. Falls ihr euch fragt: Man kann nat\u00fcrlich auch mit Vol. 2 anfangen statt Vol. 1 ...","_links":{"self":[{"href":"https:\/\/claushessler.com\/de\/wp-json\/wp\/v2\/product\/13029","targetHints":{"allow":["GET"]}}],"collection":[{"href":"https:\/\/claushessler.com\/de\/wp-json\/wp\/v2\/product"}],"about":[{"href":"https:\/\/claushessler.com\/de\/wp-json\/wp\/v2\/types\/product"}],"replies":[{"embeddable":true,"href":"https:\/\/claushessler.com\/de\/wp-json\/wp\/v2\/comments?post=13029"}],"wp:featuredmedia":[{"embeddable":true,"href":"https:\/\/claushessler.com\/de\/wp-json\/wp\/v2\/media\/13022"}],"wp:attachment":[{"href":"https:\/\/claushessler.com\/de\/wp-json\/wp\/v2\/media?parent=13029"}],"wp:term":[{"taxonomy":"product_brand","embeddable":true,"href":"https:\/\/claushessler.com\/de\/wp-json\/wp\/v2\/product_brand?post=13029"},{"taxonomy":"product_cat","embeddable":true,"href":"https:\/\/claushessler.com\/de\/wp-json\/wp\/v2\/product_cat?post=13029"},{"taxonomy":"product_tag","embeddable":true,"href":"https:\/\/claushessler.com\/de\/wp-json\/wp\/v2\/product_tag?post=13029"}],"curies":[{"name":"wp","href":"https:\/\/api.w.org\/{rel}","templated":true}]}}