{"id":13032,"date":"2026-01-20T10:54:22","date_gmt":"2026-01-20T10:54:22","guid":{"rendered":"https:\/\/claushessler.com\/product\/collapsed-rudiments-poster-englisch\/"},"modified":"2026-01-20T10:54:22","modified_gmt":"2026-01-20T10:54:22","slug":"collapsed-rudiments-poster-englisch","status":"publish","type":"product","link":"https:\/\/claushessler.com\/de\/produkt\/collapsed-rudiments-poster-englisch\/","title":{"rendered":"Collapsed Rudiments Poster (Englisch)"},"content":{"rendered":"<p>Was ist der gemeinsame Nenner zwischen einem Paradiddle und dem Flam-Akzent? Oder die 5-Takt-Rolle und die Single Flammed Mill? Dieses Poster zeigt \u00dcbungen und Beispiele f\u00fcr Jim Chapins einzigartiges Konzept der &#8220;Collapsed Rudiments&#8221; und war die Initialz\u00fcndung f\u00fcr die Ver\u00f6ffentlichung des Buches &#8220;Collapsed Rudiments&#8221; im M\u00e4rz 2026!  <\/p>\n","protected":false},"excerpt":{"rendered":"<p>Basierend auf einem Konzept von Jim Chapin hat Claus mit Dom Famularo ein Poster mit der Idee der sog. &#8220;Collapsed Rudiments&#8221; ver\u00f6ffentlicht. Dieses Thema w\u00e4re eigentlich Gegenstand eines weiteren Buches (wahrscheinlich ADVANCED TECHNIQUES FOR THE MODERN DRUMMER VOL. 3) von Jim geworden. Grunds\u00e4tzlich geht es darum, die Abst\u00e4nde zwischen den Noten eines Rudiments zu ver\u00e4ndern &#8211; nicht aber die generelle Ordnung des Stickings.   <\/p>\n","protected":false},"featured_media":13030,"comment_status":"closed","ping_status":"closed","template":"","meta":{"_uag_custom_page_level_css":"","site-sidebar-layout":"default","site-content-layout":"","ast-site-content-layout":"default","site-content-style":"default","site-sidebar-style":"default","ast-global-header-display":"","ast-banner-title-visibility":"","ast-main-header-display":"","ast-hfb-above-header-display":"","ast-hfb-below-header-display":"","ast-hfb-mobile-header-display":"","site-post-title":"","ast-breadcrumbs-content":"","ast-featured-img":"","footer-sml-layout":"","ast-disable-related-posts":"","theme-transparent-header-meta":"default","adv-header-id-meta":"","stick-header-meta":"default","header-above-stick-meta":"","header-main-stick-meta":"","header-below-stick-meta":"","astra-migrate-meta-layouts":"default","ast-page-background-enabled":"default","ast-page-background-meta":{"desktop":{"background-color":"var(--ast-global-color-5)","background-image":"","background-repeat":"repeat","background-position":"center center","background-size":"auto","background-attachment":"scroll","background-type":"","background-media":"","overlay-type":"","overlay-color":"","overlay-opacity":"","overlay-gradient":""},"tablet":{"background-color":"","background-image":"","background-repeat":"repeat","background-position":"center center","background-size":"auto","background-attachment":"scroll","background-type":"","background-media":"","overlay-type":"","overlay-color":"","overlay-opacity":"","overlay-gradient":""},"mobile":{"background-color":"","background-image":"","background-repeat":"repeat","background-position":"center center","background-size":"auto","background-attachment":"scroll","background-type":"","background-media":"","overlay-type":"","overlay-color":"","overlay-opacity":"","overlay-gradient":""}},"ast-content-background-meta":{"desktop":{"background-color":"var(--ast-global-color-4)","background-image":"","background-repeat":"repeat","background-position":"center center","background-size":"auto","background-attachment":"scroll","background-type":"","background-media":"","overlay-type":"","overlay-color":"","overlay-opacity":"","overlay-gradient":""},"tablet":{"background-color":"var(--ast-global-color-4)","background-image":"","background-repeat":"repeat","background-position":"center center","background-size":"auto","background-attachment":"scroll","background-type":"","background-media":"","overlay-type":"","overlay-color":"","overlay-opacity":"","overlay-gradient":""},"mobile":{"background-color":"var(--ast-global-color-4)","background-image":"","background-repeat":"repeat","background-position":"center center","background-size":"auto","background-attachment":"scroll","background-type":"","background-media":"","overlay-type":"","overlay-color":"","overlay-opacity":"","overlay-gradient":""}}},"product_brand":[],"product_cat":[331],"product_tag":[394,395,332,396,351],"class_list":{"0":"post-13032","1":"product","2":"type-product","3":"status-publish","4":"has-post-thumbnail","6":"product_cat-poster","7":"product_tag-collapsed","8":"product_tag-collapsed-rudiments","9":"product_tag-dom-famularo","10":"product_tag-jim-chapin","11":"product_tag-rudiments","12":"desktop-align-left","13":"tablet-align-left","14":"mobile-align-left","15":"ast-product-gallery-layout-horizontal-slider","16":"ast-product-tabs-layout-horizontal","18":"first","19":"instock","20":"taxable","21":"shipping-taxable","22":"purchasable","23":"product-type-simple"},"yoast_head":"<!-- This site is optimized with the Yoast SEO plugin v27.2 - https:\/\/yoast.com\/product\/yoast-seo-wordpress\/ -->\n<title>Collapsed Rudiments Poster (Englisch) - Claus Hessler<\/title>\n<meta name=\"robots\" content=\"index, follow, max-snippet:-1, max-image-preview:large, max-video-preview:-1\" \/>\n<link rel=\"canonical\" href=\"https:\/\/claushessler.com\/de\/produkt\/collapsed-rudiments-poster-englisch\/\" \/>\n<meta property=\"og:locale\" content=\"de_DE\" \/>\n<meta property=\"og:type\" content=\"article\" \/>\n<meta property=\"og:title\" content=\"Collapsed Rudiments Poster (Englisch) - Claus Hessler\" \/>\n<meta property=\"og:description\" content=\"Basierend auf einem Konzept von Jim Chapin hat Claus mit Dom Famularo ein Poster mit der Idee der sog. &quot;Collapsed Rudiments&quot; ver\u00f6ffentlicht. Dieses Thema w\u00e4re eigentlich Gegenstand eines weiteren Buches (wahrscheinlich ADVANCED TECHNIQUES FOR THE MODERN DRUMMER VOL. 3) von Jim geworden. Grunds\u00e4tzlich geht es darum, die Abst\u00e4nde zwischen den Noten eines Rudiments zu ver\u00e4ndern - nicht aber die generelle Ordnung des Stickings.\" \/>\n<meta property=\"og:url\" content=\"https:\/\/claushessler.com\/de\/produkt\/collapsed-rudiments-poster-englisch\/\" \/>\n<meta property=\"og:site_name\" content=\"Claus Hessler\" \/>\n<meta property=\"article:publisher\" content=\"https:\/\/www.facebook.com\/pages\/Claus-Hessler\/131546556922809?ref=hl\" \/>\n<meta property=\"og:image\" content=\"https:\/\/claushessler.com\/wp-content\/uploads\/2026\/01\/collapsed-rudiments-poster-2015-e1438798997986.jpg\" \/>\n\t<meta property=\"og:image:width\" content=\"842\" \/>\n\t<meta property=\"og:image:height\" content=\"842\" \/>\n\t<meta property=\"og:image:type\" content=\"image\/jpeg\" \/>\n<meta name=\"twitter:card\" content=\"summary_large_image\" \/>\n<script type=\"application\/ld+json\" class=\"yoast-schema-graph\">{\"@context\":\"https:\/\/schema.org\",\"@graph\":[{\"@type\":\"WebPage\",\"@id\":\"https:\/\/claushessler.com\/de\/produkt\/collapsed-rudiments-poster-englisch\/\",\"url\":\"https:\/\/claushessler.com\/de\/produkt\/collapsed-rudiments-poster-englisch\/\",\"name\":\"Collapsed Rudiments Poster (Englisch) - Claus Hessler\",\"isPartOf\":{\"@id\":\"https:\/\/claushessler.com\/de\/#website\"},\"primaryImageOfPage\":{\"@id\":\"https:\/\/claushessler.com\/de\/produkt\/collapsed-rudiments-poster-englisch\/#primaryimage\"},\"image\":{\"@id\":\"https:\/\/claushessler.com\/de\/produkt\/collapsed-rudiments-poster-englisch\/#primaryimage\"},\"thumbnailUrl\":\"https:\/\/claushessler.com\/wp-content\/uploads\/2026\/01\/collapsed-rudiments-poster-2015-e1438798997986.jpg\",\"datePublished\":\"2026-01-20T10:54:22+00:00\",\"breadcrumb\":{\"@id\":\"https:\/\/claushessler.com\/de\/produkt\/collapsed-rudiments-poster-englisch\/#breadcrumb\"},\"inLanguage\":\"de\",\"potentialAction\":[{\"@type\":\"ReadAction\",\"target\":[\"https:\/\/claushessler.com\/de\/produkt\/collapsed-rudiments-poster-englisch\/\"]}]},{\"@type\":\"ImageObject\",\"inLanguage\":\"de\",\"@id\":\"https:\/\/claushessler.com\/de\/produkt\/collapsed-rudiments-poster-englisch\/#primaryimage\",\"url\":\"https:\/\/claushessler.com\/wp-content\/uploads\/2026\/01\/collapsed-rudiments-poster-2015-e1438798997986.jpg\",\"contentUrl\":\"https:\/\/claushessler.com\/wp-content\/uploads\/2026\/01\/collapsed-rudiments-poster-2015-e1438798997986.jpg\",\"width\":842,\"height\":842},{\"@type\":\"BreadcrumbList\",\"@id\":\"https:\/\/claushessler.com\/de\/produkt\/collapsed-rudiments-poster-englisch\/#breadcrumb\",\"itemListElement\":[{\"@type\":\"ListItem\",\"position\":1,\"name\":\"Home\",\"item\":\"https:\/\/claushessler.com\/de\/\"},{\"@type\":\"ListItem\",\"position\":2,\"name\":\"Shop\",\"item\":\"https:\/\/claushessler.com\/de\/shop\/\"},{\"@type\":\"ListItem\",\"position\":3,\"name\":\"Collapsed Rudiments Poster (Englisch)\"}]},{\"@type\":\"WebSite\",\"@id\":\"https:\/\/claushessler.com\/de\/#website\",\"url\":\"https:\/\/claushessler.com\/de\/\",\"name\":\"Claus Hessler\",\"description\":\"Drummer - Author - Educator\",\"publisher\":{\"@id\":\"https:\/\/claushessler.com\/de\/#\/schema\/person\/b317df3f4825771978aee494fd68a64a\"},\"potentialAction\":[{\"@type\":\"SearchAction\",\"target\":{\"@type\":\"EntryPoint\",\"urlTemplate\":\"https:\/\/claushessler.com\/de\/?s={search_term_string}\"},\"query-input\":{\"@type\":\"PropertyValueSpecification\",\"valueRequired\":true,\"valueName\":\"search_term_string\"}}],\"inLanguage\":\"de\"},{\"@type\":[\"Person\",\"Organization\"],\"@id\":\"https:\/\/claushessler.com\/de\/#\/schema\/person\/b317df3f4825771978aee494fd68a64a\",\"name\":\"Claus\",\"image\":{\"@type\":\"ImageObject\",\"inLanguage\":\"de\",\"@id\":\"https:\/\/claushessler.com\/wp-content\/uploads\/2026\/02\/Logobw.png\",\"url\":\"https:\/\/claushessler.com\/wp-content\/uploads\/2026\/02\/Logobw.png\",\"contentUrl\":\"https:\/\/claushessler.com\/wp-content\/uploads\/2026\/02\/Logobw.png\",\"width\":1596,\"height\":929,\"caption\":\"Claus\"},\"logo\":{\"@id\":\"https:\/\/claushessler.com\/wp-content\/uploads\/2026\/02\/Logobw.png\"},\"sameAs\":[\"http:\/\/claushessler.com\",\"https:\/\/www.facebook.com\/pages\/Claus-Hessler\/131546556922809?ref=hl\",\"https:\/\/www.instagram.com\/claus.hessler\",\"https:\/\/www.youtube.com\/@ClausHessler\"]}]}<\/script>\n<!-- \/ Yoast SEO plugin. -->","yoast_head_json":{"title":"Collapsed Rudiments Poster (Englisch) - Claus Hessler","robots":{"index":"index","follow":"follow","max-snippet":"max-snippet:-1","max-image-preview":"max-image-preview:large","max-video-preview":"max-video-preview:-1"},"canonical":"https:\/\/claushessler.com\/de\/produkt\/collapsed-rudiments-poster-englisch\/","og_locale":"de_DE","og_type":"article","og_title":"Collapsed Rudiments Poster (Englisch) - Claus Hessler","og_description":"Basierend auf einem Konzept von Jim Chapin hat Claus mit Dom Famularo ein Poster mit der Idee der sog. \"Collapsed Rudiments\" ver\u00f6ffentlicht. Dieses Thema w\u00e4re eigentlich Gegenstand eines weiteren Buches (wahrscheinlich ADVANCED TECHNIQUES FOR THE MODERN DRUMMER VOL. 3) von Jim geworden. Grunds\u00e4tzlich geht es darum, die Abst\u00e4nde zwischen den Noten eines Rudiments zu ver\u00e4ndern - nicht aber die generelle Ordnung des Stickings.","og_url":"https:\/\/claushessler.com\/de\/produkt\/collapsed-rudiments-poster-englisch\/","og_site_name":"Claus Hessler","article_publisher":"https:\/\/www.facebook.com\/pages\/Claus-Hessler\/131546556922809?ref=hl","og_image":[{"width":842,"height":842,"url":"https:\/\/claushessler.com\/wp-content\/uploads\/2026\/01\/collapsed-rudiments-poster-2015-e1438798997986.jpg","type":"image\/jpeg"}],"twitter_card":"summary_large_image","schema":{"@context":"https:\/\/schema.org","@graph":[{"@type":"WebPage","@id":"https:\/\/claushessler.com\/de\/produkt\/collapsed-rudiments-poster-englisch\/","url":"https:\/\/claushessler.com\/de\/produkt\/collapsed-rudiments-poster-englisch\/","name":"Collapsed Rudiments Poster (Englisch) - Claus Hessler","isPartOf":{"@id":"https:\/\/claushessler.com\/de\/#website"},"primaryImageOfPage":{"@id":"https:\/\/claushessler.com\/de\/produkt\/collapsed-rudiments-poster-englisch\/#primaryimage"},"image":{"@id":"https:\/\/claushessler.com\/de\/produkt\/collapsed-rudiments-poster-englisch\/#primaryimage"},"thumbnailUrl":"https:\/\/claushessler.com\/wp-content\/uploads\/2026\/01\/collapsed-rudiments-poster-2015-e1438798997986.jpg","datePublished":"2026-01-20T10:54:22+00:00","breadcrumb":{"@id":"https:\/\/claushessler.com\/de\/produkt\/collapsed-rudiments-poster-englisch\/#breadcrumb"},"inLanguage":"de","potentialAction":[{"@type":"ReadAction","target":["https:\/\/claushessler.com\/de\/produkt\/collapsed-rudiments-poster-englisch\/"]}]},{"@type":"ImageObject","inLanguage":"de","@id":"https:\/\/claushessler.com\/de\/produkt\/collapsed-rudiments-poster-englisch\/#primaryimage","url":"https:\/\/claushessler.com\/wp-content\/uploads\/2026\/01\/collapsed-rudiments-poster-2015-e1438798997986.jpg","contentUrl":"https:\/\/claushessler.com\/wp-content\/uploads\/2026\/01\/collapsed-rudiments-poster-2015-e1438798997986.jpg","width":842,"height":842},{"@type":"BreadcrumbList","@id":"https:\/\/claushessler.com\/de\/produkt\/collapsed-rudiments-poster-englisch\/#breadcrumb","itemListElement":[{"@type":"ListItem","position":1,"name":"Home","item":"https:\/\/claushessler.com\/de\/"},{"@type":"ListItem","position":2,"name":"Shop","item":"https:\/\/claushessler.com\/de\/shop\/"},{"@type":"ListItem","position":3,"name":"Collapsed Rudiments Poster (Englisch)"}]},{"@type":"WebSite","@id":"https:\/\/claushessler.com\/de\/#website","url":"https:\/\/claushessler.com\/de\/","name":"Claus Hessler","description":"Drummer - Author - Educator","publisher":{"@id":"https:\/\/claushessler.com\/de\/#\/schema\/person\/b317df3f4825771978aee494fd68a64a"},"potentialAction":[{"@type":"SearchAction","target":{"@type":"EntryPoint","urlTemplate":"https:\/\/claushessler.com\/de\/?s={search_term_string}"},"query-input":{"@type":"PropertyValueSpecification","valueRequired":true,"valueName":"search_term_string"}}],"inLanguage":"de"},{"@type":["Person","Organization"],"@id":"https:\/\/claushessler.com\/de\/#\/schema\/person\/b317df3f4825771978aee494fd68a64a","name":"Claus","image":{"@type":"ImageObject","inLanguage":"de","@id":"https:\/\/claushessler.com\/wp-content\/uploads\/2026\/02\/Logobw.png","url":"https:\/\/claushessler.com\/wp-content\/uploads\/2026\/02\/Logobw.png","contentUrl":"https:\/\/claushessler.com\/wp-content\/uploads\/2026\/02\/Logobw.png","width":1596,"height":929,"caption":"Claus"},"logo":{"@id":"https:\/\/claushessler.com\/wp-content\/uploads\/2026\/02\/Logobw.png"},"sameAs":["http:\/\/claushessler.com","https:\/\/www.facebook.com\/pages\/Claus-Hessler\/131546556922809?ref=hl","https:\/\/www.instagram.com\/claus.hessler","https:\/\/www.youtube.com\/@ClausHessler"]}]}},"uagb_featured_image_src":{"full":["https:\/\/claushessler.com\/wp-content\/uploads\/2026\/01\/collapsed-rudiments-poster-2015-e1438798997986.jpg",842,842,false],"thumbnail":["https:\/\/claushessler.com\/wp-content\/uploads\/2026\/01\/collapsed-rudiments-poster-2015-e1438798997986-150x150.jpg",150,150,true],"medium":["https:\/\/claushessler.com\/wp-content\/uploads\/2026\/01\/collapsed-rudiments-poster-2015-e1438798997986-300x300.jpg",300,300,true],"medium_large":["https:\/\/claushessler.com\/wp-content\/uploads\/2026\/01\/collapsed-rudiments-poster-2015-e1438798997986-768x768.jpg",768,768,true],"large":["https:\/\/claushessler.com\/wp-content\/uploads\/2026\/01\/collapsed-rudiments-poster-2015-e1438798997986.jpg",842,842,false],"1536x1536":["https:\/\/claushessler.com\/wp-content\/uploads\/2026\/01\/collapsed-rudiments-poster-2015-e1438798997986.jpg",842,842,false],"2048x2048":["https:\/\/claushessler.com\/wp-content\/uploads\/2026\/01\/collapsed-rudiments-poster-2015-e1438798997986.jpg",842,842,false],"woocommerce_thumbnail":["https:\/\/claushessler.com\/wp-content\/uploads\/2026\/01\/collapsed-rudiments-poster-2015-e1438798997986-400x400.jpg",400,400,true],"woocommerce_single":["https:\/\/claushessler.com\/wp-content\/uploads\/2026\/01\/collapsed-rudiments-poster-2015-e1438798997986-600x600.jpg",600,600,true],"woocommerce_gallery_thumbnail":["https:\/\/claushessler.com\/wp-content\/uploads\/2026\/01\/collapsed-rudiments-poster-2015-e1438798997986-100x100.jpg",100,100,true]},"uagb_author_info":{"display_name":"Matthias","author_link":"https:\/\/claushessler.com\/de\/author\/"},"uagb_comment_info":0,"uagb_excerpt":"Basierend auf einem Konzept von Jim Chapin hat Claus mit Dom Famularo ein Poster mit der Idee der sog. \"Collapsed Rudiments\" ver\u00f6ffentlicht. Dieses Thema w\u00e4re eigentlich Gegenstand eines weiteren Buches (wahrscheinlich ADVANCED TECHNIQUES FOR THE MODERN DRUMMER VOL. 3) von Jim geworden. Grunds\u00e4tzlich geht es darum, die Abst\u00e4nde zwischen den Noten eines Rudiments zu ver\u00e4ndern&hellip;","_links":{"self":[{"href":"https:\/\/claushessler.com\/de\/wp-json\/wp\/v2\/product\/13032","targetHints":{"allow":["GET"]}}],"collection":[{"href":"https:\/\/claushessler.com\/de\/wp-json\/wp\/v2\/product"}],"about":[{"href":"https:\/\/claushessler.com\/de\/wp-json\/wp\/v2\/types\/product"}],"replies":[{"embeddable":true,"href":"https:\/\/claushessler.com\/de\/wp-json\/wp\/v2\/comments?post=13032"}],"wp:featuredmedia":[{"embeddable":true,"href":"https:\/\/claushessler.com\/de\/wp-json\/wp\/v2\/media\/13030"}],"wp:attachment":[{"href":"https:\/\/claushessler.com\/de\/wp-json\/wp\/v2\/media?parent=13032"}],"wp:term":[{"taxonomy":"product_brand","embeddable":true,"href":"https:\/\/claushessler.com\/de\/wp-json\/wp\/v2\/product_brand?post=13032"},{"taxonomy":"product_cat","embeddable":true,"href":"https:\/\/claushessler.com\/de\/wp-json\/wp\/v2\/product_cat?post=13032"},{"taxonomy":"product_tag","embeddable":true,"href":"https:\/\/claushessler.com\/de\/wp-json\/wp\/v2\/product_tag?post=13032"}],"curies":[{"name":"wp","href":"https:\/\/api.w.org\/{rel}","templated":true}]}}