{"id":13045,"date":"2026-01-20T10:54:22","date_gmt":"2026-01-20T10:54:22","guid":{"rendered":"https:\/\/claushessler.com\/product\/drumming-kairos-deutsch-englisch\/"},"modified":"2026-01-20T10:54:22","modified_gmt":"2026-01-20T10:54:22","slug":"drumming-kairos-deutsch-englisch","status":"publish","type":"product","link":"https:\/\/claushessler.com\/de\/produkt\/drumming-kairos-deutsch-englisch\/","title":{"rendered":"Drumming Kairos (Deutsch\/Englisch)"},"content":{"rendered":"<p>Falls ihr &#8220;Moeller pur und direkt von der Quelle&#8221; haben wollt, seid ihr hier genau richtig! Wie verbindet sich Technik mit pers\u00f6nlichem, musikalischem Ausdruck? In Kurzform ausgedr\u00fcckt geht es hier genau darum. Die DVD verbindet die besondere Sicht von Claus auf Moeller-Technik als \u201eMeistersch\u00fcler\u201c des legend\u00e4ren Jim Chapin, technische Aspekte und deren Drumsetanwendungen im musikalischen Kontext .    <\/p>\n<p><strong>MODERN DRUMMER MAGAZINE September 2015: &#8220;&#8230; Claus goes into complex Moeller technique discussion and performance examples, describing the &#8220;sweet spots&#8221; and other in-depth concepts &#8230; demonstrates superb open-handed solos, ostinatos and odd-time patterns &#8230; this set can be the next step in unlocking the mysteries of the Moeller method &#8230;&#8221;.<\/strong><\/p>\n","protected":false},"excerpt":{"rendered":"<p><strong>WIEDER LIEFERBAR!<\/strong><\/p>\n<p>Die DoppelDVD verbindet in erster Linie die besondere Sicht von Claus auf Moeller-Technik als \u201eMeistersch\u00fcler\u201c des legend\u00e4ren Jim Chapin, technische Aspekte, deren Drumsetanwendungen im musikalischen Kontext und stellt seine bisherigen Ver\u00f6ffentlichungen in einen schl\u00fcssigen Kontext. Falls ihr &#8220;Moeller Pur&#8221; durch die Brille von Chapin lernen wollt &#8211; dann seid ihr hier richtig! DVD und Booklet zweisprachig.    <\/p>\n","protected":false},"featured_media":13038,"comment_status":"closed","ping_status":"closed","template":"","meta":{"_uag_custom_page_level_css":"","site-sidebar-layout":"default","site-content-layout":"","ast-site-content-layout":"default","site-content-style":"default","site-sidebar-style":"default","ast-global-header-display":"","ast-banner-title-visibility":"","ast-main-header-display":"","ast-hfb-above-header-display":"","ast-hfb-below-header-display":"","ast-hfb-mobile-header-display":"","site-post-title":"","ast-breadcrumbs-content":"","ast-featured-img":"","footer-sml-layout":"","ast-disable-related-posts":"","theme-transparent-header-meta":"default","adv-header-id-meta":"","stick-header-meta":"default","header-above-stick-meta":"","header-main-stick-meta":"","header-below-stick-meta":"","astra-migrate-meta-layouts":"default","ast-page-background-enabled":"default","ast-page-background-meta":{"desktop":{"background-color":"var(--ast-global-color-5)","background-image":"","background-repeat":"repeat","background-position":"center center","background-size":"auto","background-attachment":"scroll","background-type":"","background-media":"","overlay-type":"","overlay-color":"","overlay-opacity":"","overlay-gradient":""},"tablet":{"background-color":"","background-image":"","background-repeat":"repeat","background-position":"center center","background-size":"auto","background-attachment":"scroll","background-type":"","background-media":"","overlay-type":"","overlay-color":"","overlay-opacity":"","overlay-gradient":""},"mobile":{"background-color":"","background-image":"","background-repeat":"repeat","background-position":"center center","background-size":"auto","background-attachment":"scroll","background-type":"","background-media":"","overlay-type":"","overlay-color":"","overlay-opacity":"","overlay-gradient":""}},"ast-content-background-meta":{"desktop":{"background-color":"var(--ast-global-color-4)","background-image":"","background-repeat":"repeat","background-position":"center center","background-size":"auto","background-attachment":"scroll","background-type":"","background-media":"","overlay-type":"","overlay-color":"","overlay-opacity":"","overlay-gradient":""},"tablet":{"background-color":"var(--ast-global-color-4)","background-image":"","background-repeat":"repeat","background-position":"center center","background-size":"auto","background-attachment":"scroll","background-type":"","background-media":"","overlay-type":"","overlay-color":"","overlay-opacity":"","overlay-gradient":""},"mobile":{"background-color":"var(--ast-global-color-4)","background-image":"","background-repeat":"repeat","background-position":"center center","background-size":"auto","background-attachment":"scroll","background-type":"","background-media":"","overlay-type":"","overlay-color":"","overlay-opacity":"","overlay-gradient":""}}},"product_brand":[],"product_cat":[372,397,331],"product_tag":[398,399,400,401,402],"class_list":{"0":"post-13045","1":"product","2":"type-product","3":"status-publish","4":"has-post-thumbnail","6":"product_cat-dvd","7":"product_cat-pdf-booklet","8":"product_cat-poster","9":"product_tag-drumming","10":"product_tag-kairos","11":"product_tag-moeller","12":"product_tag-moeller-technik","13":"product_tag-moeller-technique","14":"desktop-align-left","15":"tablet-align-left","16":"mobile-align-left","17":"ast-product-gallery-layout-horizontal-slider","18":"ast-product-tabs-layout-horizontal","20":"first","21":"instock","22":"taxable","23":"shipping-taxable","24":"purchasable","25":"product-type-simple"},"yoast_head":"<!-- This site is optimized with the Yoast SEO plugin v27.2 - https:\/\/yoast.com\/product\/yoast-seo-wordpress\/ -->\n<title>Drumming Kairos (Deutsch\/Englisch) - Claus Hessler<\/title>\n<meta name=\"robots\" content=\"index, follow, max-snippet:-1, max-image-preview:large, max-video-preview:-1\" \/>\n<link rel=\"canonical\" href=\"https:\/\/claushessler.com\/de\/produkt\/drumming-kairos-deutsch-englisch\/\" \/>\n<meta property=\"og:locale\" content=\"de_DE\" \/>\n<meta property=\"og:type\" content=\"article\" \/>\n<meta property=\"og:title\" content=\"Drumming Kairos (Deutsch\/Englisch) - Claus Hessler\" \/>\n<meta property=\"og:description\" content=\"WIEDER LIEFERBAR! Die DoppelDVD verbindet in erster Linie die besondere Sicht von Claus auf Moeller-Technik als \u201eMeistersch\u00fcler\u201c des legend\u00e4ren Jim Chapin, technische Aspekte, deren Drumsetanwendungen im musikalischen Kontext und stellt seine bisherigen Ver\u00f6ffentlichungen in einen schl\u00fcssigen Kontext. Falls ihr &quot;Moeller Pur&quot; durch die Brille von Chapin lernen wollt - dann seid ihr hier richtig! DVD und Booklet zweisprachig.\" \/>\n<meta property=\"og:url\" content=\"https:\/\/claushessler.com\/de\/produkt\/drumming-kairos-deutsch-englisch\/\" \/>\n<meta property=\"og:site_name\" content=\"Claus Hessler\" \/>\n<meta property=\"article:publisher\" content=\"https:\/\/www.facebook.com\/pages\/Claus-Hessler\/131546556922809?ref=hl\" \/>\n<meta property=\"og:image\" content=\"https:\/\/claushessler.com\/wp-content\/uploads\/2026\/01\/drumming-kairos-cover-e1438793588472.jpg\" \/>\n\t<meta property=\"og:image:width\" content=\"418\" \/>\n\t<meta property=\"og:image:height\" content=\"418\" \/>\n\t<meta property=\"og:image:type\" content=\"image\/jpeg\" \/>\n<meta name=\"twitter:card\" content=\"summary_large_image\" \/>\n<meta name=\"twitter:label1\" content=\"Gesch\u00e4tzte Lesezeit\" \/>\n\t<meta name=\"twitter:data1\" content=\"1\u00a0Minute\" \/>\n<script type=\"application\/ld+json\" class=\"yoast-schema-graph\">{\"@context\":\"https:\/\/schema.org\",\"@graph\":[{\"@type\":\"WebPage\",\"@id\":\"https:\/\/claushessler.com\/de\/produkt\/drumming-kairos-deutsch-englisch\/\",\"url\":\"https:\/\/claushessler.com\/de\/produkt\/drumming-kairos-deutsch-englisch\/\",\"name\":\"Drumming Kairos (Deutsch\/Englisch) - Claus Hessler\",\"isPartOf\":{\"@id\":\"https:\/\/claushessler.com\/de\/#website\"},\"primaryImageOfPage\":{\"@id\":\"https:\/\/claushessler.com\/de\/produkt\/drumming-kairos-deutsch-englisch\/#primaryimage\"},\"image\":{\"@id\":\"https:\/\/claushessler.com\/de\/produkt\/drumming-kairos-deutsch-englisch\/#primaryimage\"},\"thumbnailUrl\":\"https:\/\/claushessler.com\/wp-content\/uploads\/2026\/01\/drumming-kairos-cover-e1438793588472.jpg\",\"datePublished\":\"2026-01-20T10:54:22+00:00\",\"breadcrumb\":{\"@id\":\"https:\/\/claushessler.com\/de\/produkt\/drumming-kairos-deutsch-englisch\/#breadcrumb\"},\"inLanguage\":\"de\",\"potentialAction\":[{\"@type\":\"ReadAction\",\"target\":[\"https:\/\/claushessler.com\/de\/produkt\/drumming-kairos-deutsch-englisch\/\"]}]},{\"@type\":\"ImageObject\",\"inLanguage\":\"de\",\"@id\":\"https:\/\/claushessler.com\/de\/produkt\/drumming-kairos-deutsch-englisch\/#primaryimage\",\"url\":\"https:\/\/claushessler.com\/wp-content\/uploads\/2026\/01\/drumming-kairos-cover-e1438793588472.jpg\",\"contentUrl\":\"https:\/\/claushessler.com\/wp-content\/uploads\/2026\/01\/drumming-kairos-cover-e1438793588472.jpg\",\"width\":418,\"height\":418},{\"@type\":\"BreadcrumbList\",\"@id\":\"https:\/\/claushessler.com\/de\/produkt\/drumming-kairos-deutsch-englisch\/#breadcrumb\",\"itemListElement\":[{\"@type\":\"ListItem\",\"position\":1,\"name\":\"Home\",\"item\":\"https:\/\/claushessler.com\/de\/\"},{\"@type\":\"ListItem\",\"position\":2,\"name\":\"Shop\",\"item\":\"https:\/\/claushessler.com\/de\/shop\/\"},{\"@type\":\"ListItem\",\"position\":3,\"name\":\"Drumming Kairos (Deutsch\/Englisch)\"}]},{\"@type\":\"WebSite\",\"@id\":\"https:\/\/claushessler.com\/de\/#website\",\"url\":\"https:\/\/claushessler.com\/de\/\",\"name\":\"Claus Hessler\",\"description\":\"Drummer - Author - Educator\",\"publisher\":{\"@id\":\"https:\/\/claushessler.com\/de\/#\/schema\/person\/b317df3f4825771978aee494fd68a64a\"},\"potentialAction\":[{\"@type\":\"SearchAction\",\"target\":{\"@type\":\"EntryPoint\",\"urlTemplate\":\"https:\/\/claushessler.com\/de\/?s={search_term_string}\"},\"query-input\":{\"@type\":\"PropertyValueSpecification\",\"valueRequired\":true,\"valueName\":\"search_term_string\"}}],\"inLanguage\":\"de\"},{\"@type\":[\"Person\",\"Organization\"],\"@id\":\"https:\/\/claushessler.com\/de\/#\/schema\/person\/b317df3f4825771978aee494fd68a64a\",\"name\":\"Claus\",\"image\":{\"@type\":\"ImageObject\",\"inLanguage\":\"de\",\"@id\":\"https:\/\/claushessler.com\/wp-content\/uploads\/2026\/02\/Logobw.png\",\"url\":\"https:\/\/claushessler.com\/wp-content\/uploads\/2026\/02\/Logobw.png\",\"contentUrl\":\"https:\/\/claushessler.com\/wp-content\/uploads\/2026\/02\/Logobw.png\",\"width\":1596,\"height\":929,\"caption\":\"Claus\"},\"logo\":{\"@id\":\"https:\/\/claushessler.com\/wp-content\/uploads\/2026\/02\/Logobw.png\"},\"sameAs\":[\"http:\/\/claushessler.com\",\"https:\/\/www.facebook.com\/pages\/Claus-Hessler\/131546556922809?ref=hl\",\"https:\/\/www.instagram.com\/claus.hessler\",\"https:\/\/www.youtube.com\/@ClausHessler\"]}]}<\/script>\n<!-- \/ Yoast SEO plugin. -->","yoast_head_json":{"title":"Drumming Kairos (Deutsch\/Englisch) - Claus Hessler","robots":{"index":"index","follow":"follow","max-snippet":"max-snippet:-1","max-image-preview":"max-image-preview:large","max-video-preview":"max-video-preview:-1"},"canonical":"https:\/\/claushessler.com\/de\/produkt\/drumming-kairos-deutsch-englisch\/","og_locale":"de_DE","og_type":"article","og_title":"Drumming Kairos (Deutsch\/Englisch) - Claus Hessler","og_description":"WIEDER LIEFERBAR! Die DoppelDVD verbindet in erster Linie die besondere Sicht von Claus auf Moeller-Technik als \u201eMeistersch\u00fcler\u201c des legend\u00e4ren Jim Chapin, technische Aspekte, deren Drumsetanwendungen im musikalischen Kontext und stellt seine bisherigen Ver\u00f6ffentlichungen in einen schl\u00fcssigen Kontext. Falls ihr \"Moeller Pur\" durch die Brille von Chapin lernen wollt - dann seid ihr hier richtig! DVD und Booklet zweisprachig.","og_url":"https:\/\/claushessler.com\/de\/produkt\/drumming-kairos-deutsch-englisch\/","og_site_name":"Claus Hessler","article_publisher":"https:\/\/www.facebook.com\/pages\/Claus-Hessler\/131546556922809?ref=hl","og_image":[{"width":418,"height":418,"url":"https:\/\/claushessler.com\/wp-content\/uploads\/2026\/01\/drumming-kairos-cover-e1438793588472.jpg","type":"image\/jpeg"}],"twitter_card":"summary_large_image","twitter_misc":{"Gesch\u00e4tzte Lesezeit":"1\u00a0Minute"},"schema":{"@context":"https:\/\/schema.org","@graph":[{"@type":"WebPage","@id":"https:\/\/claushessler.com\/de\/produkt\/drumming-kairos-deutsch-englisch\/","url":"https:\/\/claushessler.com\/de\/produkt\/drumming-kairos-deutsch-englisch\/","name":"Drumming Kairos (Deutsch\/Englisch) - Claus Hessler","isPartOf":{"@id":"https:\/\/claushessler.com\/de\/#website"},"primaryImageOfPage":{"@id":"https:\/\/claushessler.com\/de\/produkt\/drumming-kairos-deutsch-englisch\/#primaryimage"},"image":{"@id":"https:\/\/claushessler.com\/de\/produkt\/drumming-kairos-deutsch-englisch\/#primaryimage"},"thumbnailUrl":"https:\/\/claushessler.com\/wp-content\/uploads\/2026\/01\/drumming-kairos-cover-e1438793588472.jpg","datePublished":"2026-01-20T10:54:22+00:00","breadcrumb":{"@id":"https:\/\/claushessler.com\/de\/produkt\/drumming-kairos-deutsch-englisch\/#breadcrumb"},"inLanguage":"de","potentialAction":[{"@type":"ReadAction","target":["https:\/\/claushessler.com\/de\/produkt\/drumming-kairos-deutsch-englisch\/"]}]},{"@type":"ImageObject","inLanguage":"de","@id":"https:\/\/claushessler.com\/de\/produkt\/drumming-kairos-deutsch-englisch\/#primaryimage","url":"https:\/\/claushessler.com\/wp-content\/uploads\/2026\/01\/drumming-kairos-cover-e1438793588472.jpg","contentUrl":"https:\/\/claushessler.com\/wp-content\/uploads\/2026\/01\/drumming-kairos-cover-e1438793588472.jpg","width":418,"height":418},{"@type":"BreadcrumbList","@id":"https:\/\/claushessler.com\/de\/produkt\/drumming-kairos-deutsch-englisch\/#breadcrumb","itemListElement":[{"@type":"ListItem","position":1,"name":"Home","item":"https:\/\/claushessler.com\/de\/"},{"@type":"ListItem","position":2,"name":"Shop","item":"https:\/\/claushessler.com\/de\/shop\/"},{"@type":"ListItem","position":3,"name":"Drumming Kairos (Deutsch\/Englisch)"}]},{"@type":"WebSite","@id":"https:\/\/claushessler.com\/de\/#website","url":"https:\/\/claushessler.com\/de\/","name":"Claus Hessler","description":"Drummer - Author - Educator","publisher":{"@id":"https:\/\/claushessler.com\/de\/#\/schema\/person\/b317df3f4825771978aee494fd68a64a"},"potentialAction":[{"@type":"SearchAction","target":{"@type":"EntryPoint","urlTemplate":"https:\/\/claushessler.com\/de\/?s={search_term_string}"},"query-input":{"@type":"PropertyValueSpecification","valueRequired":true,"valueName":"search_term_string"}}],"inLanguage":"de"},{"@type":["Person","Organization"],"@id":"https:\/\/claushessler.com\/de\/#\/schema\/person\/b317df3f4825771978aee494fd68a64a","name":"Claus","image":{"@type":"ImageObject","inLanguage":"de","@id":"https:\/\/claushessler.com\/wp-content\/uploads\/2026\/02\/Logobw.png","url":"https:\/\/claushessler.com\/wp-content\/uploads\/2026\/02\/Logobw.png","contentUrl":"https:\/\/claushessler.com\/wp-content\/uploads\/2026\/02\/Logobw.png","width":1596,"height":929,"caption":"Claus"},"logo":{"@id":"https:\/\/claushessler.com\/wp-content\/uploads\/2026\/02\/Logobw.png"},"sameAs":["http:\/\/claushessler.com","https:\/\/www.facebook.com\/pages\/Claus-Hessler\/131546556922809?ref=hl","https:\/\/www.instagram.com\/claus.hessler","https:\/\/www.youtube.com\/@ClausHessler"]}]}},"uagb_featured_image_src":{"full":["https:\/\/claushessler.com\/wp-content\/uploads\/2026\/01\/drumming-kairos-cover-e1438793588472.jpg",418,418,false],"thumbnail":["https:\/\/claushessler.com\/wp-content\/uploads\/2026\/01\/drumming-kairos-cover-e1438793588472-150x150.jpg",150,150,true],"medium":["https:\/\/claushessler.com\/wp-content\/uploads\/2026\/01\/drumming-kairos-cover-e1438793588472-300x300.jpg",300,300,true],"medium_large":["https:\/\/claushessler.com\/wp-content\/uploads\/2026\/01\/drumming-kairos-cover-e1438793588472.jpg",418,418,false],"large":["https:\/\/claushessler.com\/wp-content\/uploads\/2026\/01\/drumming-kairos-cover-e1438793588472.jpg",418,418,false],"1536x1536":["https:\/\/claushessler.com\/wp-content\/uploads\/2026\/01\/drumming-kairos-cover-e1438793588472.jpg",418,418,false],"2048x2048":["https:\/\/claushessler.com\/wp-content\/uploads\/2026\/01\/drumming-kairos-cover-e1438793588472.jpg",418,418,false],"woocommerce_thumbnail":["https:\/\/claushessler.com\/wp-content\/uploads\/2026\/01\/drumming-kairos-cover-e1438793588472-400x400.jpg",400,400,true],"woocommerce_single":["https:\/\/claushessler.com\/wp-content\/uploads\/2026\/01\/drumming-kairos-cover-e1438793588472.jpg",418,418,false],"woocommerce_gallery_thumbnail":["https:\/\/claushessler.com\/wp-content\/uploads\/2026\/01\/drumming-kairos-cover-e1438793588472-100x100.jpg",100,100,true]},"uagb_author_info":{"display_name":"Matthias","author_link":"https:\/\/claushessler.com\/de\/author\/"},"uagb_comment_info":0,"uagb_excerpt":"WIEDER LIEFERBAR! Die DoppelDVD verbindet in erster Linie die besondere Sicht von Claus auf Moeller-Technik als \u201eMeistersch\u00fcler\u201c des legend\u00e4ren Jim Chapin, technische Aspekte, deren Drumsetanwendungen im musikalischen Kontext und stellt seine bisherigen Ver\u00f6ffentlichungen in einen schl\u00fcssigen Kontext. Falls ihr \"Moeller Pur\" durch die Brille von Chapin lernen wollt - dann seid ihr hier richtig! DVD&hellip;","_links":{"self":[{"href":"https:\/\/claushessler.com\/de\/wp-json\/wp\/v2\/product\/13045","targetHints":{"allow":["GET"]}}],"collection":[{"href":"https:\/\/claushessler.com\/de\/wp-json\/wp\/v2\/product"}],"about":[{"href":"https:\/\/claushessler.com\/de\/wp-json\/wp\/v2\/types\/product"}],"replies":[{"embeddable":true,"href":"https:\/\/claushessler.com\/de\/wp-json\/wp\/v2\/comments?post=13045"}],"wp:featuredmedia":[{"embeddable":true,"href":"https:\/\/claushessler.com\/de\/wp-json\/wp\/v2\/media\/13038"}],"wp:attachment":[{"href":"https:\/\/claushessler.com\/de\/wp-json\/wp\/v2\/media?parent=13045"}],"wp:term":[{"taxonomy":"product_brand","embeddable":true,"href":"https:\/\/claushessler.com\/de\/wp-json\/wp\/v2\/product_brand?post=13045"},{"taxonomy":"product_cat","embeddable":true,"href":"https:\/\/claushessler.com\/de\/wp-json\/wp\/v2\/product_cat?post=13045"},{"taxonomy":"product_tag","embeddable":true,"href":"https:\/\/claushessler.com\/de\/wp-json\/wp\/v2\/product_tag?post=13045"}],"curies":[{"name":"wp","href":"https:\/\/api.w.org\/{rel}","templated":true}]}}