{"id":13046,"date":"2026-01-20T10:54:22","date_gmt":"2026-01-20T10:54:22","guid":{"rendered":"https:\/\/claushessler.com\/product\/flux-on-earth-audio-cd-2\/"},"modified":"2026-01-20T10:54:22","modified_gmt":"2026-01-20T10:54:22","slug":"flux-on-earth-audio-cd-2","status":"publish","type":"product","link":"https:\/\/claushessler.com\/de\/produkt\/flux-on-earth-audio-cd-2\/","title":{"rendered":"FLUX &#8220;On Earth&#8221; (Audio CD)"},"content":{"rendered":"<p>FLUX &#8220;ON EARTH&#8221; featured Kompositionen, die eine Menge damit zu tun haben was momentan auf der Erde geschieht: Bei &#8220;Laredo&#8221; kann man sich vielleicht sogar eine w\u00fcstenartig Landschaft mit herumfliegendem &#8220;Tumbleweed&#8221; vorstellen. Bei &#8220;Earth&#8221; (in 11\/8) geht es um eine Mischung von einesteils ganz simplen Strukturen mit sehr komplexen Aspekten. Eine Menge Dinge erscheinen heutzutage &#8220;leicht&#8221; &#8211; aber eigentlich ist ja wirklich NICHTS mehr leicht \u2026 Bei &#8220;Sand&#8221; findet ihr vielleicht, da\u00df die fette Snare auf &#8220;1&#8221; wie ein herunterfallender nasser Batzen Sand klingt &#8211; das verr\u00fcckte bei Sand ist ja auch schon wieder, da\u00df es inzwischen eine knappe Resource ist. Die Ballade &#8220;Ground&#8221; ist einfach ein sch\u00f6ner Reminder daran wie wichtig es ist, &#8220;geerdet&#8221; zu sein &#8211; und auch mal einen Gang zur\u00fcckzuschalten und den Boden nicht unter den F\u00fc\u00dfen zu verlieren. Und unser Take von &#8220;Penny Lane&#8221; hat einfach damit zu tun, da\u00df wir uns den musikalischen Planet Erde ohne die Beatles einfach nicht vorstellen k\u00f6nnen \u2026 Ihr merkt, jeder unserer Songs hat eigentlich eine (auch mehrere) kleine Geschichten zu erz\u00e4hlen.     <\/p>\n<p>Markenzeichen der Musik die wir zusammen machen ist durchaus eine gewisse &#8220;Risikobereitschaft&#8221;, zeitweise auch ein gewisser Grad an Komplexit\u00e4t, manchmal hat unser Zusammenspiel auch etwas mit Humor zu tun \u2026 und im bestm\u00f6glichsten Fall w\u00fcrdet ihr das alles auch ohne unsere zus\u00e4tzlichen Erkl\u00e4rungen h\u00f6ren k\u00f6nnen \ud83d\ude42<br \/>Perkussive und doch tragende, schwebende Hammond-Sounds, &#8220;furchtlose&#8221; und doch melodische Gitarrenlinien, solide und doch komplexe, ungew\u00f6hnliche Drumgrooves: Wir lieben es einfach, Gegens\u00e4tze zu vereinen.<\/p>\n","protected":false},"excerpt":{"rendered":"<p>Album Nummer 3 mit FLUX: Unser Konzept als Band entwickelt sich weiter mit mehr Eigenkompositionen und einer furchtlosen Interaktion mit der Vintage-Hammondorgel, die den Kern unseres Bandsounds bildet.<\/p>\n","protected":false},"featured_media":12974,"comment_status":"closed","ping_status":"closed","template":"","meta":{"_uag_custom_page_level_css":"","site-sidebar-layout":"default","site-content-layout":"","ast-site-content-layout":"default","site-content-style":"default","site-sidebar-style":"default","ast-global-header-display":"","ast-banner-title-visibility":"","ast-main-header-display":"","ast-hfb-above-header-display":"","ast-hfb-below-header-display":"","ast-hfb-mobile-header-display":"","site-post-title":"","ast-breadcrumbs-content":"","ast-featured-img":"","footer-sml-layout":"","ast-disable-related-posts":"","theme-transparent-header-meta":"default","adv-header-id-meta":"","stick-header-meta":"default","header-above-stick-meta":"","header-main-stick-meta":"","header-below-stick-meta":"","astra-migrate-meta-layouts":"default","ast-page-background-enabled":"default","ast-page-background-meta":{"desktop":{"background-color":"var(--ast-global-color-5)","background-image":"","background-repeat":"repeat","background-position":"center center","background-size":"auto","background-attachment":"scroll","background-type":"","background-media":"","overlay-type":"","overlay-color":"","overlay-opacity":"","overlay-gradient":""},"tablet":{"background-color":"","background-image":"","background-repeat":"repeat","background-position":"center center","background-size":"auto","background-attachment":"scroll","background-type":"","background-media":"","overlay-type":"","overlay-color":"","overlay-opacity":"","overlay-gradient":""},"mobile":{"background-color":"","background-image":"","background-repeat":"repeat","background-position":"center center","background-size":"auto","background-attachment":"scroll","background-type":"","background-media":"","overlay-type":"","overlay-color":"","overlay-opacity":"","overlay-gradient":""}},"ast-content-background-meta":{"desktop":{"background-color":"var(--ast-global-color-4)","background-image":"","background-repeat":"repeat","background-position":"center center","background-size":"auto","background-attachment":"scroll","background-type":"","background-media":"","overlay-type":"","overlay-color":"","overlay-opacity":"","overlay-gradient":""},"tablet":{"background-color":"var(--ast-global-color-4)","background-image":"","background-repeat":"repeat","background-position":"center center","background-size":"auto","background-attachment":"scroll","background-type":"","background-media":"","overlay-type":"","overlay-color":"","overlay-opacity":"","overlay-gradient":""},"mobile":{"background-color":"var(--ast-global-color-4)","background-image":"","background-repeat":"repeat","background-position":"center center","background-size":"auto","background-attachment":"scroll","background-type":"","background-media":"","overlay-type":"","overlay-color":"","overlay-opacity":"","overlay-gradient":""}}},"product_brand":[],"product_cat":[349],"product_tag":[374,368,381,403],"class_list":{"0":"post-13046","1":"product","2":"type-product","3":"status-publish","4":"has-post-thumbnail","6":"product_cat-cd-2","7":"product_tag-cd","8":"product_tag-flux","9":"product_tag-hammond","10":"product_tag-on-earth","11":"desktop-align-left","12":"tablet-align-left","13":"mobile-align-left","14":"ast-product-gallery-layout-horizontal-slider","15":"ast-product-gallery-with-no-image","16":"ast-product-tabs-layout-horizontal","18":"first","19":"instock","20":"taxable","21":"shipping-taxable","22":"purchasable","23":"product-type-simple"},"yoast_head":"<!-- This site is optimized with the Yoast SEO plugin v27.2 - https:\/\/yoast.com\/product\/yoast-seo-wordpress\/ -->\n<title>FLUX &quot;On Earth&quot; (Audio CD) - Claus Hessler<\/title>\n<meta name=\"robots\" content=\"index, follow, max-snippet:-1, max-image-preview:large, max-video-preview:-1\" \/>\n<link rel=\"canonical\" href=\"https:\/\/claushessler.com\/de\/produkt\/flux-on-earth-audio-cd-2\/\" \/>\n<meta property=\"og:locale\" content=\"de_DE\" \/>\n<meta property=\"og:type\" content=\"article\" \/>\n<meta property=\"og:title\" content=\"FLUX &quot;On Earth&quot; (Audio CD) - Claus Hessler\" \/>\n<meta property=\"og:description\" content=\"Album Nummer 3 mit FLUX: Unser Konzept als Band entwickelt sich weiter mit mehr Eigenkompositionen und einer furchtlosen Interaktion mit der Vintage-Hammondorgel, die den Kern unseres Bandsounds bildet.\" \/>\n<meta property=\"og:url\" content=\"https:\/\/claushessler.com\/de\/produkt\/flux-on-earth-audio-cd-2\/\" \/>\n<meta property=\"og:site_name\" content=\"Claus Hessler\" \/>\n<meta property=\"article:publisher\" content=\"https:\/\/www.facebook.com\/pages\/Claus-Hessler\/131546556922809?ref=hl\" \/>\n<meta property=\"og:image\" content=\"https:\/\/claushessler.com\/wp-content\/uploads\/2026\/01\/Cover-FLUX-on-Earth-scaled-1.jpg\" \/>\n\t<meta property=\"og:image:width\" content=\"2560\" \/>\n\t<meta property=\"og:image:height\" content=\"2560\" \/>\n\t<meta property=\"og:image:type\" content=\"image\/jpeg\" \/>\n<meta name=\"twitter:card\" content=\"summary_large_image\" \/>\n<meta name=\"twitter:label1\" content=\"Gesch\u00e4tzte Lesezeit\" \/>\n\t<meta name=\"twitter:data1\" content=\"1\u00a0Minute\" \/>\n<script type=\"application\/ld+json\" class=\"yoast-schema-graph\">{\"@context\":\"https:\/\/schema.org\",\"@graph\":[{\"@type\":\"WebPage\",\"@id\":\"https:\/\/claushessler.com\/de\/produkt\/flux-on-earth-audio-cd-2\/\",\"url\":\"https:\/\/claushessler.com\/de\/produkt\/flux-on-earth-audio-cd-2\/\",\"name\":\"FLUX \\\"On Earth\\\" (Audio CD) - Claus Hessler\",\"isPartOf\":{\"@id\":\"https:\/\/claushessler.com\/de\/#website\"},\"primaryImageOfPage\":{\"@id\":\"https:\/\/claushessler.com\/de\/produkt\/flux-on-earth-audio-cd-2\/#primaryimage\"},\"image\":{\"@id\":\"https:\/\/claushessler.com\/de\/produkt\/flux-on-earth-audio-cd-2\/#primaryimage\"},\"thumbnailUrl\":\"https:\/\/claushessler.com\/wp-content\/uploads\/2026\/01\/Cover-FLUX-on-Earth-scaled-1.jpg\",\"datePublished\":\"2026-01-20T10:54:22+00:00\",\"breadcrumb\":{\"@id\":\"https:\/\/claushessler.com\/de\/produkt\/flux-on-earth-audio-cd-2\/#breadcrumb\"},\"inLanguage\":\"de\",\"potentialAction\":[{\"@type\":\"ReadAction\",\"target\":[\"https:\/\/claushessler.com\/de\/produkt\/flux-on-earth-audio-cd-2\/\"]}]},{\"@type\":\"ImageObject\",\"inLanguage\":\"de\",\"@id\":\"https:\/\/claushessler.com\/de\/produkt\/flux-on-earth-audio-cd-2\/#primaryimage\",\"url\":\"https:\/\/claushessler.com\/wp-content\/uploads\/2026\/01\/Cover-FLUX-on-Earth-scaled-1.jpg\",\"contentUrl\":\"https:\/\/claushessler.com\/wp-content\/uploads\/2026\/01\/Cover-FLUX-on-Earth-scaled-1.jpg\",\"width\":2560,\"height\":2560},{\"@type\":\"BreadcrumbList\",\"@id\":\"https:\/\/claushessler.com\/de\/produkt\/flux-on-earth-audio-cd-2\/#breadcrumb\",\"itemListElement\":[{\"@type\":\"ListItem\",\"position\":1,\"name\":\"Home\",\"item\":\"https:\/\/claushessler.com\/de\/\"},{\"@type\":\"ListItem\",\"position\":2,\"name\":\"Shop\",\"item\":\"https:\/\/claushessler.com\/de\/shop\/\"},{\"@type\":\"ListItem\",\"position\":3,\"name\":\"FLUX &#8222;On Earth&#8220; (Audio CD)\"}]},{\"@type\":\"WebSite\",\"@id\":\"https:\/\/claushessler.com\/de\/#website\",\"url\":\"https:\/\/claushessler.com\/de\/\",\"name\":\"Claus Hessler\",\"description\":\"Drummer - Author - Educator\",\"publisher\":{\"@id\":\"https:\/\/claushessler.com\/de\/#\/schema\/person\/b317df3f4825771978aee494fd68a64a\"},\"potentialAction\":[{\"@type\":\"SearchAction\",\"target\":{\"@type\":\"EntryPoint\",\"urlTemplate\":\"https:\/\/claushessler.com\/de\/?s={search_term_string}\"},\"query-input\":{\"@type\":\"PropertyValueSpecification\",\"valueRequired\":true,\"valueName\":\"search_term_string\"}}],\"inLanguage\":\"de\"},{\"@type\":[\"Person\",\"Organization\"],\"@id\":\"https:\/\/claushessler.com\/de\/#\/schema\/person\/b317df3f4825771978aee494fd68a64a\",\"name\":\"Claus\",\"image\":{\"@type\":\"ImageObject\",\"inLanguage\":\"de\",\"@id\":\"https:\/\/claushessler.com\/wp-content\/uploads\/2026\/02\/Logobw.png\",\"url\":\"https:\/\/claushessler.com\/wp-content\/uploads\/2026\/02\/Logobw.png\",\"contentUrl\":\"https:\/\/claushessler.com\/wp-content\/uploads\/2026\/02\/Logobw.png\",\"width\":1596,\"height\":929,\"caption\":\"Claus\"},\"logo\":{\"@id\":\"https:\/\/claushessler.com\/wp-content\/uploads\/2026\/02\/Logobw.png\"},\"sameAs\":[\"http:\/\/claushessler.com\",\"https:\/\/www.facebook.com\/pages\/Claus-Hessler\/131546556922809?ref=hl\",\"https:\/\/www.instagram.com\/claus.hessler\",\"https:\/\/www.youtube.com\/@ClausHessler\"]}]}<\/script>\n<!-- \/ Yoast SEO plugin. -->","yoast_head_json":{"title":"FLUX \"On Earth\" (Audio CD) - Claus Hessler","robots":{"index":"index","follow":"follow","max-snippet":"max-snippet:-1","max-image-preview":"max-image-preview:large","max-video-preview":"max-video-preview:-1"},"canonical":"https:\/\/claushessler.com\/de\/produkt\/flux-on-earth-audio-cd-2\/","og_locale":"de_DE","og_type":"article","og_title":"FLUX \"On Earth\" (Audio CD) - Claus Hessler","og_description":"Album Nummer 3 mit FLUX: Unser Konzept als Band entwickelt sich weiter mit mehr Eigenkompositionen und einer furchtlosen Interaktion mit der Vintage-Hammondorgel, die den Kern unseres Bandsounds bildet.","og_url":"https:\/\/claushessler.com\/de\/produkt\/flux-on-earth-audio-cd-2\/","og_site_name":"Claus Hessler","article_publisher":"https:\/\/www.facebook.com\/pages\/Claus-Hessler\/131546556922809?ref=hl","og_image":[{"width":2560,"height":2560,"url":"https:\/\/claushessler.com\/wp-content\/uploads\/2026\/01\/Cover-FLUX-on-Earth-scaled-1.jpg","type":"image\/jpeg"}],"twitter_card":"summary_large_image","twitter_misc":{"Gesch\u00e4tzte Lesezeit":"1\u00a0Minute"},"schema":{"@context":"https:\/\/schema.org","@graph":[{"@type":"WebPage","@id":"https:\/\/claushessler.com\/de\/produkt\/flux-on-earth-audio-cd-2\/","url":"https:\/\/claushessler.com\/de\/produkt\/flux-on-earth-audio-cd-2\/","name":"FLUX \"On Earth\" (Audio CD) - Claus Hessler","isPartOf":{"@id":"https:\/\/claushessler.com\/de\/#website"},"primaryImageOfPage":{"@id":"https:\/\/claushessler.com\/de\/produkt\/flux-on-earth-audio-cd-2\/#primaryimage"},"image":{"@id":"https:\/\/claushessler.com\/de\/produkt\/flux-on-earth-audio-cd-2\/#primaryimage"},"thumbnailUrl":"https:\/\/claushessler.com\/wp-content\/uploads\/2026\/01\/Cover-FLUX-on-Earth-scaled-1.jpg","datePublished":"2026-01-20T10:54:22+00:00","breadcrumb":{"@id":"https:\/\/claushessler.com\/de\/produkt\/flux-on-earth-audio-cd-2\/#breadcrumb"},"inLanguage":"de","potentialAction":[{"@type":"ReadAction","target":["https:\/\/claushessler.com\/de\/produkt\/flux-on-earth-audio-cd-2\/"]}]},{"@type":"ImageObject","inLanguage":"de","@id":"https:\/\/claushessler.com\/de\/produkt\/flux-on-earth-audio-cd-2\/#primaryimage","url":"https:\/\/claushessler.com\/wp-content\/uploads\/2026\/01\/Cover-FLUX-on-Earth-scaled-1.jpg","contentUrl":"https:\/\/claushessler.com\/wp-content\/uploads\/2026\/01\/Cover-FLUX-on-Earth-scaled-1.jpg","width":2560,"height":2560},{"@type":"BreadcrumbList","@id":"https:\/\/claushessler.com\/de\/produkt\/flux-on-earth-audio-cd-2\/#breadcrumb","itemListElement":[{"@type":"ListItem","position":1,"name":"Home","item":"https:\/\/claushessler.com\/de\/"},{"@type":"ListItem","position":2,"name":"Shop","item":"https:\/\/claushessler.com\/de\/shop\/"},{"@type":"ListItem","position":3,"name":"FLUX &#8222;On Earth&#8220; (Audio CD)"}]},{"@type":"WebSite","@id":"https:\/\/claushessler.com\/de\/#website","url":"https:\/\/claushessler.com\/de\/","name":"Claus Hessler","description":"Drummer - Author - Educator","publisher":{"@id":"https:\/\/claushessler.com\/de\/#\/schema\/person\/b317df3f4825771978aee494fd68a64a"},"potentialAction":[{"@type":"SearchAction","target":{"@type":"EntryPoint","urlTemplate":"https:\/\/claushessler.com\/de\/?s={search_term_string}"},"query-input":{"@type":"PropertyValueSpecification","valueRequired":true,"valueName":"search_term_string"}}],"inLanguage":"de"},{"@type":["Person","Organization"],"@id":"https:\/\/claushessler.com\/de\/#\/schema\/person\/b317df3f4825771978aee494fd68a64a","name":"Claus","image":{"@type":"ImageObject","inLanguage":"de","@id":"https:\/\/claushessler.com\/wp-content\/uploads\/2026\/02\/Logobw.png","url":"https:\/\/claushessler.com\/wp-content\/uploads\/2026\/02\/Logobw.png","contentUrl":"https:\/\/claushessler.com\/wp-content\/uploads\/2026\/02\/Logobw.png","width":1596,"height":929,"caption":"Claus"},"logo":{"@id":"https:\/\/claushessler.com\/wp-content\/uploads\/2026\/02\/Logobw.png"},"sameAs":["http:\/\/claushessler.com","https:\/\/www.facebook.com\/pages\/Claus-Hessler\/131546556922809?ref=hl","https:\/\/www.instagram.com\/claus.hessler","https:\/\/www.youtube.com\/@ClausHessler"]}]}},"uagb_featured_image_src":{"full":["https:\/\/claushessler.com\/wp-content\/uploads\/2026\/01\/Cover-FLUX-on-Earth-scaled-1.jpg",2560,2560,false],"thumbnail":["https:\/\/claushessler.com\/wp-content\/uploads\/2026\/01\/Cover-FLUX-on-Earth-scaled-1-150x150.jpg",150,150,true],"medium":["https:\/\/claushessler.com\/wp-content\/uploads\/2026\/01\/Cover-FLUX-on-Earth-scaled-1-300x300.jpg",300,300,true],"medium_large":["https:\/\/claushessler.com\/wp-content\/uploads\/2026\/01\/Cover-FLUX-on-Earth-scaled-1-768x768.jpg",768,768,true],"large":["https:\/\/claushessler.com\/wp-content\/uploads\/2026\/01\/Cover-FLUX-on-Earth-scaled-1-1024x1024.jpg",1024,1024,true],"1536x1536":["https:\/\/claushessler.com\/wp-content\/uploads\/2026\/01\/Cover-FLUX-on-Earth-scaled-1-1536x1536.jpg",1536,1536,true],"2048x2048":["https:\/\/claushessler.com\/wp-content\/uploads\/2026\/01\/Cover-FLUX-on-Earth-scaled-1-2048x2048.jpg",2048,2048,true],"woocommerce_thumbnail":["https:\/\/claushessler.com\/wp-content\/uploads\/2026\/01\/Cover-FLUX-on-Earth-scaled-1-400x400.jpg",400,400,true],"woocommerce_single":["https:\/\/claushessler.com\/wp-content\/uploads\/2026\/01\/Cover-FLUX-on-Earth-scaled-1-600x600.jpg",600,600,true],"woocommerce_gallery_thumbnail":["https:\/\/claushessler.com\/wp-content\/uploads\/2026\/01\/Cover-FLUX-on-Earth-scaled-1-100x100.jpg",100,100,true]},"uagb_author_info":{"display_name":"Matthias","author_link":"https:\/\/claushessler.com\/de\/author\/"},"uagb_comment_info":0,"uagb_excerpt":"Album Nummer 3 mit FLUX: Unser Konzept als Band entwickelt sich weiter mit mehr Eigenkompositionen und einer furchtlosen Interaktion mit der Vintage-Hammondorgel, die den Kern unseres Bandsounds bildet.","_links":{"self":[{"href":"https:\/\/claushessler.com\/de\/wp-json\/wp\/v2\/product\/13046","targetHints":{"allow":["GET"]}}],"collection":[{"href":"https:\/\/claushessler.com\/de\/wp-json\/wp\/v2\/product"}],"about":[{"href":"https:\/\/claushessler.com\/de\/wp-json\/wp\/v2\/types\/product"}],"replies":[{"embeddable":true,"href":"https:\/\/claushessler.com\/de\/wp-json\/wp\/v2\/comments?post=13046"}],"wp:featuredmedia":[{"embeddable":true,"href":"https:\/\/claushessler.com\/de\/wp-json\/wp\/v2\/media\/12974"}],"wp:attachment":[{"href":"https:\/\/claushessler.com\/de\/wp-json\/wp\/v2\/media?parent=13046"}],"wp:term":[{"taxonomy":"product_brand","embeddable":true,"href":"https:\/\/claushessler.com\/de\/wp-json\/wp\/v2\/product_brand?post=13046"},{"taxonomy":"product_cat","embeddable":true,"href":"https:\/\/claushessler.com\/de\/wp-json\/wp\/v2\/product_cat?post=13046"},{"taxonomy":"product_tag","embeddable":true,"href":"https:\/\/claushessler.com\/de\/wp-json\/wp\/v2\/product_tag?post=13046"}],"curies":[{"name":"wp","href":"https:\/\/api.w.org\/{rel}","templated":true}]}}